{"id":20006480,"date":"2021-01-07T20:43:21","date_gmt":"2021-01-07T19:43:21","guid":{"rendered":"http:\/\/test.s385-fair4host.http-s.de\/index.php\/produkt\/startech-com-mini-thunderbolt-3-dock-mit-zwei-4k-monitoren-und-displayport-mac-und-windows-dockingstation-auslaufartikel-begrenzter-lagerbestand-und-ersetzt-durch-tb3dkm2dpl-tb3dkm2dp\/"},"modified":"2023-01-24T03:44:05","modified_gmt":"2023-01-24T02:44:05","slug":"startech-com-mini-thunderbolt-3-dock-mit-zwei-4k-monitoren-und-displayport-mac-und-windows-dockingstation-auslaufartikel-begrenzter-lagerbestand-und-ersetzt-durch-tb3dkm2dpl-tb3dkm2dp","status":"publish","type":"product","link":"http:\/\/test.s385-fair4host.http-s.de\/index.php\/produkt\/startech-com-mini-thunderbolt-3-dock-mit-zwei-4k-monitoren-und-displayport-mac-und-windows-dockingstation-auslaufartikel-begrenzter-lagerbestand-und-ersetzt-durch-tb3dkm2dpl-tb3dkm2dp\/","title":{"rendered":"StarTech.com Mini Thunderbolt 3 Dock mit zwei 4K-Monitoren und DisplayPort &#8211; Mac- und Windows-Dockingstation &#8211; Auslaufartikel, begrenzter Lagerbestand und ersetzt durch TB3DKM2DPL (TB3DKM2DP)"},"content":{"rendered":"<p>Laptop Dockingstation | Mac &#038; Windows | Bus-Powered | 1x USB-A<\/p>\n<p>Mit der Bus-betriebenen Thunderbolt 3-Dockingstation k\u00f6nnen Sie eine Verbindung zu Dual-4K DisplayPort-Displays, Gigabit Ethernet und einem USB 3.0-Anschluss (Type-A) herstellen. Sie ist mit macOS und Windows kompatibel und das ideale Zubeh\u00f6r f\u00fcr Ihren Thunderbolt\u00a03-Laptop. Das angeschlossene USB-C-Kabel hat eine erweiterte L\u00e4nge von 20\u00a0cm.<\/p>\n<p>Erstellen Sie eine Dual-4K-60-Hz-Workstation<\/p>\n<p>Diese tragbare Dual-DisplayPort-Dockingstation ist mit einem Durchsatz von 40\u00a0Gbit\/s ist hervorragend f\u00fcr das Bearbeiten von 4K-Videos oder f\u00fcr sonstige Aufgaben im Ultra-HD-Bereich geeignet. Sie unterst\u00fctzt \u00fcber einen einzigen Thunderbolt\u00a03-Anschluss 4K-Aufl\u00f6sung bei 60\u00a0Hz auf zwei DisplayPort-Bildschirmen.<\/p>\n<p>Schlie\u00dfen Sie Ihren Laptop an:<\/p>\n<p>2\u00a0x DisplayPort (4096\u00a0x\u00a02160p mit 60\u00a0Hz)<\/p>\n<p>\u00a0 \u00a0 \u00a0 \u00a0 \u00a0 ODER<\/p>\n<p>1x 5K-Display (5120\u00a0\u00d7\u00a02880 bei 60\u00a0Hz)<\/p>\n<p>Einfache Installation und Bereitstellung \u00a0<\/p>\n<p>Schlie\u00dfen Sie einfach das TB3-Dock mit dem im Lieferumfang enthaltenen TB3-Kabel an Ihren Laptop an und beginnen Sie sofort mit der Arbeit. Es sind keine zeitaufwendigen Treiberinstallationen erforderlich.<\/p>\n<p>Die Anschl\u00fcsse, die Sie unbedingt brauchen<\/p>\n<p>Der Gigabit-Ethernet-Anschluss (mit PXE-Boot und Wake-on-LAN) stellt einen zuverl\u00e4ssigen drahtgebundenen Netzwerkzugriff sicher, um die Produktivit\u00e4t zu erh\u00f6hen. Dar\u00fcber hinaus k\u00f6nnen Sie mithilfe eines USB\u00a03.0 Type-A-Anschlusses mit ausreichend Platz, ein USB-Ger\u00e4t wie einen USB-Stick anschlie\u00dfen, um einfachen Zugriff auf Dateien zu erm\u00f6glichen.\u00a0<\/p>\n<p>Die TB3DKM2DP ist Thunderbolt-zertifiziert und wird von StarTech.com mit einer 3-Jahres-Garantie sowie lebenslangem kostenlosem technischem Support angeboten.<\/p>\n<p>The StarTech.com Advantage<\/p>\n<p>&#8211; ERSETZT DURCH TB3DKM2DPL: Die neue Version bietet die gleiche Funktionalit\u00e4t und das 28\u00a0cm, also extra lange Kabel eine gr\u00f6\u00dfere Reichweite, um die Belastung von Anschl\u00fcssen\/Steckverbindern bei MacBooks und Laptops auf St\u00e4ndern zu verringern<br \/>&#8211; DUAL 4K 60\u00a0HZ DP: Dieses Mini Thunderbolt\u00a03 Dock unterst\u00fctzt 40\u00a0Gbit\/s Durchsatz und 4K Aufl\u00f6sung bei 60 Hz auf zwei DP Monitoren (bis zu 4096 x 2160p), \u00fcber nur einen TB3-Anschluss<br \/>&#8211; PLATZSPAREND: Mit dem TB3-Dock k\u00f6nnen Sie eine einfache, aber voll funktionsf\u00e4hige Workstation mit zwei Monitoren mit 2 x USB-A und GbE-Port \u00fcber ein angeschlossenes TB3-Kabel schaffen. Die kompakte Gr\u00f6\u00dfe macht es ideal f\u00fcr kleine R\u00e4ume<\/p>\n","protected":false},"excerpt":{"rendered":"<p>StarTech.com Mini Thunderbolt 3 Dock &#8211; MacBook Pro und Windows &#8211; Dual 4K 60Hz DisplayPort Dockingstation &#8211; Bus Powered<\/p>\n","protected":false},"featured_media":20006481,"comment_status":"open","ping_status":"closed","template":"","meta":{"spay_email":""},"_links":{"self":[{"href":"http:\/\/test.s385-fair4host.http-s.de\/index.php\/wp-json\/wp\/v2\/product\/20006480"}],"collection":[{"href":"http:\/\/test.s385-fair4host.http-s.de\/index.php\/wp-json\/wp\/v2\/product"}],"about":[{"href":"http:\/\/test.s385-fair4host.http-s.de\/index.php\/wp-json\/wp\/v2\/types\/product"}],"replies":[{"embeddable":true,"href":"http:\/\/test.s385-fair4host.http-s.de\/index.php\/wp-json\/wp\/v2\/comments?post=20006480"}],"wp:featuredmedia":[{"embeddable":true,"href":"http:\/\/test.s385-fair4host.http-s.de\/index.php\/wp-json\/wp\/v2\/media\/20006481"}],"wp:attachment":[{"href":"http:\/\/test.s385-fair4host.http-s.de\/index.php\/wp-json\/wp\/v2\/media?parent=20006480"}],"curies":[{"name":"wp","href":"https:\/\/api.w.org\/{rel}","templated":true}]}}