{"id":20006478,"date":"2021-01-07T20:43:20","date_gmt":"2021-01-07T19:43:20","guid":{"rendered":"http:\/\/test.s385-fair4host.http-s.de\/index.php\/produkt\/startech-com-m5-kaefigmuttern-50er-pack-schwarz\/"},"modified":"2021-01-07T20:43:20","modified_gmt":"2021-01-07T19:43:20","slug":"startech-com-m5-kaefigmuttern-50er-pack-schwarz","status":"publish","type":"product","link":"http:\/\/test.s385-fair4host.http-s.de\/index.php\/produkt\/startech-com-m5-kaefigmuttern-50er-pack-schwarz\/","title":{"rendered":"StarTech.com M5 K\u00e4figmuttern &#8211; 50er Pack &#8211; Schwarz"},"content":{"rendered":"<p>Diese 50-St\u00fcck-Packung mit M5 K\u00e4figmuttern ist praktisches Zubeh\u00f6r f\u00fcr den Einbau von Rackmontage-Ger\u00e4ten, wie Server-, Netzwerk- oder Audio-\/Videoger\u00e4te. Jede Packung enth\u00e4lt ein Einbauwerkzeug f\u00fcr K\u00e4figmuttern, sodass Sie jede K\u00e4figmutter schnell und einfach anbringen k\u00f6nnen. Dieses TAA-konforme Produkt erf\u00fcllt die Anforderungen des US Federal Trade Agreements Act (TAA) und erm\u00f6glicht K\u00e4ufe unter dem Government Services Administration Schedule (GSA-Programm) der US-Regierung.<\/p>\n<p>Sie eignen sich auch f\u00fcr neue Server-Racks oder -Schr\u00e4nke &#8211; ideal, wenn Sie mal eine Mutter fallen lassen oder verlieren. Dank der Gro\u00dfpackung haben Sie ausreichend Vorrat an K\u00e4figmuttern f\u00fcr jeden Installationsbedarf.<\/p>\n<p>Die Server-Rack-K\u00e4figmuttern sind f\u00fcr ein einheitliches Erscheinungsbild schwarz.<\/p>\n<p>Die CABCAGENUTSB wird mit einer 2-j\u00e4hrigen StarTech.com-Garantie geliefert.<\/p>\n","protected":false},"excerpt":{"rendered":"<p>StarTech.com M5 K\u00e4figmuttern &#8211; 50er Pack, Schwarz &#8211; M5 Muttern f\u00fcr Server Racks und Serverschr\u00e4nke<\/p>\n","protected":false},"featured_media":20006479,"comment_status":"open","ping_status":"closed","template":"","meta":{"spay_email":""},"_links":{"self":[{"href":"http:\/\/test.s385-fair4host.http-s.de\/index.php\/wp-json\/wp\/v2\/product\/20006478"}],"collection":[{"href":"http:\/\/test.s385-fair4host.http-s.de\/index.php\/wp-json\/wp\/v2\/product"}],"about":[{"href":"http:\/\/test.s385-fair4host.http-s.de\/index.php\/wp-json\/wp\/v2\/types\/product"}],"replies":[{"embeddable":true,"href":"http:\/\/test.s385-fair4host.http-s.de\/index.php\/wp-json\/wp\/v2\/comments?post=20006478"}],"wp:featuredmedia":[{"embeddable":true,"href":"http:\/\/test.s385-fair4host.http-s.de\/index.php\/wp-json\/wp\/v2\/media\/20006479"}],"wp:attachment":[{"href":"http:\/\/test.s385-fair4host.http-s.de\/index.php\/wp-json\/wp\/v2\/media?parent=20006478"}],"curies":[{"name":"wp","href":"https:\/\/api.w.org\/{rel}","templated":true}]}}