{"id":20006476,"date":"2021-01-07T20:43:19","date_gmt":"2021-01-07T19:43:19","guid":{"rendered":"http:\/\/test.s385-fair4host.http-s.de\/index.php\/produkt\/startech-com-micro-sd-auf-micro-usb-usb-otg-adapter-kartenleser-fuer-android-smartphone-tablet\/"},"modified":"2021-01-07T20:43:19","modified_gmt":"2021-01-07T19:43:19","slug":"startech-com-micro-sd-auf-micro-usb-usb-otg-adapter-kartenleser-fuer-android-smartphone-tablet","status":"publish","type":"product","link":"http:\/\/test.s385-fair4host.http-s.de\/index.php\/produkt\/startech-com-micro-sd-auf-micro-usb-usb-otg-adapter-kartenleser-fuer-android-smartphone-tablet\/","title":{"rendered":"StarTech.com Micro SD auf Micro USB \/ USB OTG Adapter Kartenleser f\u00fcr Android Smartphone\/Tablet"},"content":{"rendered":"<p>Schlie\u00dfen Sie eine Micro SD-Karte \u00fcber USB oder Micro USB an Ihren Computer oder Ihr OTG-Mobilger\u00e4t an<\/p>\n<p>Mit dem Micro SD-auf-USB\/Micro USB-Adapter\u00a0MSDREADU2OTG k\u00f6nnen Sie eine Micro SD-Karte in eine externe USB-Speicherl\u00f6sung verwandeln, die mit einem USB-f\u00e4higen Computer oder OTG-f\u00e4higen Ger\u00e4t,\u00a0z. B. Samsung Galaxy Smartphones und Tablets, kommunizieren kann.<\/p>\n<p>Erweitern Sie die Speicherf\u00e4higkeiten Ihres OTG-f\u00e4higen Smartphones oder Tablets, indem Sie ein externes Speicherger\u00e4t schaffen, das Sie auch mit einem USB-f\u00e4higen Computer verbinden k\u00f6nnen, um Dateien \u00fcber standardm\u00e4\u00dfige USB- und Micro USB-Schnittstellenoptionen von ein Ger\u00e4t auf ein anderes zu \u00fcbertragen.<\/p>\n<p>Maximieren Sie die Mobilit\u00e4t, indem Sie eine kompakte, externe Speicherl\u00f6sung schaffen, die Sie mit Smartphone, Tablet oder Laptop verbinden k\u00f6nnen. F\u00fcr eine problemlose Einrichtung unterst\u00fctzt der OTG-Adapter die Plug&#038;Play-Installation und wird\u00a0nativ von\u00a0jedem USB-f\u00e4higen Computer oder OTG-f\u00e4higen Mobilger\u00e4t unterst\u00fctzt.<\/p>\n<p>Der MSDREADU2OTG\u00a0wird mit einer 2-j\u00e4hrigen StarTech.com-Garantie sowie lebenslanger kostenloser technischer Unterst\u00fctzung geliefert.<\/p>\n<p>The StarTech.com Advantage<\/p>\n<p>&#8211; Erweitern Sie die Speicherm\u00f6glichkeiten von Smartphone oder Tablet mit Unterst\u00fctzung f\u00fcr OTG-f\u00e4hige Ger\u00e4te<br \/>&#8211; Problemlose Einrichtung mit Plug&amp;Play-Installation<br \/>&#8211; Maximieren Sie die Mobilit\u00e4t mit einem OTG\/USB-f\u00e4higen Speicherger\u00e4t mit geringem Platzbedarf und Gewicht<\/p>\n","protected":false},"excerpt":{"rendered":"<p>StarTech.com Micro SD auf Micro USB \/ USB OTG Adapter Kartenleser f\u00fcr Android Smartphone\/Tablet<\/p>\n","protected":false},"featured_media":20006477,"comment_status":"open","ping_status":"closed","template":"","meta":{"spay_email":""},"_links":{"self":[{"href":"http:\/\/test.s385-fair4host.http-s.de\/index.php\/wp-json\/wp\/v2\/product\/20006476"}],"collection":[{"href":"http:\/\/test.s385-fair4host.http-s.de\/index.php\/wp-json\/wp\/v2\/product"}],"about":[{"href":"http:\/\/test.s385-fair4host.http-s.de\/index.php\/wp-json\/wp\/v2\/types\/product"}],"replies":[{"embeddable":true,"href":"http:\/\/test.s385-fair4host.http-s.de\/index.php\/wp-json\/wp\/v2\/comments?post=20006476"}],"wp:featuredmedia":[{"embeddable":true,"href":"http:\/\/test.s385-fair4host.http-s.de\/index.php\/wp-json\/wp\/v2\/media\/20006477"}],"wp:attachment":[{"href":"http:\/\/test.s385-fair4host.http-s.de\/index.php\/wp-json\/wp\/v2\/media?parent=20006476"}],"curies":[{"name":"wp","href":"https:\/\/api.w.org\/{rel}","templated":true}]}}