{"id":20006467,"date":"2021-01-07T20:43:11","date_gmt":"2021-01-07T19:43:11","guid":{"rendered":"http:\/\/test.s385-fair4host.http-s.de\/index.php\/produkt\/be-quiet-silent-base-601-window-midi-tower-schwarz\/"},"modified":"2021-01-07T20:43:11","modified_gmt":"2021-01-07T19:43:11","slug":"be-quiet-silent-base-601-window-midi-tower-schwarz","status":"publish","type":"product","link":"http:\/\/test.s385-fair4host.http-s.de\/index.php\/produkt\/be-quiet-silent-base-601-window-midi-tower-schwarz\/","title":{"rendered":"be quiet! Silent Base 601 Window Midi Tower Schwarz"},"content":{"rendered":"<p><b>EXZELLENT LEISE UND BENUTZERFREUNDLICH<\/b><br \/>Das be quiet! Silent Base 601 Window Schwarz bietet maximale Ger\u00e4uschreduzierung und eine exzellente Benutzerfreundlichkeit f\u00fcr besonders leise Konfigurationen.<\/p>\n<p><b>GER\u00c4USCHREDUZIERENDE EINL\u00c4SSE<br \/>Lautst\u00e4rke minimieren, Luftstrom maximieren<\/b><br \/>Die Lufteinl\u00e4sse an der Front sorgen f\u00fcr maximale Ger\u00e4uschreduzierung bei konstanter Luftstr\u00f6mung. Daf\u00fcr leiten die speziell entworfenen Einl\u00e4sse die einstr\u00f6mende Luft zweifach um und reduzieren somit Luftger\u00e4usche.<\/p>\n<p><b>HERVORRAGENDE D\u00c4MMUNG<br \/>Extra dicke D\u00e4mmmatten bieten maximale Stabilit\u00e4t und Ger\u00e4uschreduzierung<\/b><br \/>Front, Oberseite und Seitenteile sind mit 10mm dicken D\u00e4mmmatten ausgestattet und bieten maximale Stabilit\u00e4t und ger\u00e4uschreduzierende Eigenschaften. Die HDD-K\u00e4fige und die Netzteilhalterung sind entkoppelt und reduzieren Vibrationen. Das Metallgeh\u00e4use sorgt f\u00fcr eine wertige Haptik und bietet Stabilit\u00e4t.<\/p>\n<p><b>VORINSTALLIERTE PURE WINGS 2<br \/>Fl\u00fcsterleiser Betrieb<\/b><br \/>Zwei vorinstallierte Pure Wings 2 140mm L\u00fcfter mit luftstromoptimierten L\u00fcfterbl\u00e4ttern versprechen einen perfekten Luftstrom und solide K\u00fchlleistung. Die integrierte 3-Stufen-L\u00fcftersteuerung kontrolliert bis zu 3 L\u00fcfter.<\/p>\n<p><b>FUNKTIONALES PSU-COVER<br \/>H\u00e4lt den Innenraum \u00fcbersichtlich<\/b><br \/>Das PSU-Cover versteckt nicht nur das Netzteil und Kabel, sondern beinhaltet auch einen Doppel-HDD-K\u00e4fig. Die oberen Platten sind einzeln herausnehmbar, sodass ein 140mm L\u00fcfter auf dem Cover installiert werden kann. Um einen 360mm Radiator in der Front zu erm\u00f6glichen kann das vordere kleine Element entfernt werden. Mit der Netzteilhalterung kann die PSU einfach von der R\u00fcckseite des Geh\u00e4uses installiert werden.<\/p>\n<p><b>KOMFORTABEL ZU BEDIENEN<br \/>Einfacher Zugang f\u00fcr alle m\u00f6glichen Modifikationen<\/b><br \/>F\u00fcr eine sichere und benutzerfreundliche Demontage der hochwertigen Seitenteile dient ein Arretierungssystem mit Kn\u00f6pfen. Durch Dr\u00fccken des Knopfes wird die Verriegelung gel\u00f6st und das Seitenteil f\u00e4hrt sicher leicht heraus, bis es nach oben entnommen wird. Eine exzellente Benutzerfreundlichkeit f\u00fcr einen schnellen und einfachen Zugang zum Inneren des Geh\u00e4uses.<\/p>\n<p><b>REICHLICH PLATZ, DURCHDACHTES DESIGN<br \/>Entwickelt f\u00fcr nahezu jede High-End Komponente<\/b><br \/>Trotz seines kompakten Designs bietet das Silent Base 601 einen gro\u00dfz\u00fcgigen Innenraum und Aussparungen, sodass sogar ein E-ATX Mainboard verbaut werden kann. Die durchdachte Anordnung von Komponenten erlaubt es auch mehreren Grafikkarten und gro\u00dfen K\u00fchlern gen\u00fcgend Platz zu finden.<\/p>\n<p><b>EINFACHE RADIATOR-INSTALLATION<br \/>Optimiert f\u00fcr wassergek\u00fchlte Systeme<\/b><br \/>Das Design des Silent Base 601 Window ist f\u00fcr den Einsatz von Wasserk\u00fchlungen optimiert. Radiatoren bis zu 360mm k\u00f6nnen an der Front, der Oberseite und der R\u00fcckseite montiert werden. Die herausnehmbare Halterung erm\u00f6glicht eine sehr schnelle und einfache Installation an der Oberseite.<\/p>\n<p><b>TEMPERGLAS<br \/>Die perfekte Sicht in den PC<\/b><br \/>Das elegante, verglaste Seitenfenster bietet einen perfekten Einblick auf die Komponenten in Ihrem PC. Das Seitenfenster ist mit get\u00f6ntem Temperglas ausgestattet und verf\u00fcgt \u00fcber geschw\u00e4rzte Seitenrahmen.<\/p>\n","protected":false},"excerpt":{"rendered":"<p>Silent Base 601 Window, Midi-Tower, E-ATX\/ATX\/M-ATX\/Mini-ITX, 2x USB 3.0, USB 2.0, HD Audio, 2x Pure Wings 2 140mm, Schwarz<\/p>\n","protected":false},"featured_media":20006468,"comment_status":"open","ping_status":"closed","template":"","meta":{"spay_email":""},"_links":{"self":[{"href":"http:\/\/test.s385-fair4host.http-s.de\/index.php\/wp-json\/wp\/v2\/product\/20006467"}],"collection":[{"href":"http:\/\/test.s385-fair4host.http-s.de\/index.php\/wp-json\/wp\/v2\/product"}],"about":[{"href":"http:\/\/test.s385-fair4host.http-s.de\/index.php\/wp-json\/wp\/v2\/types\/product"}],"replies":[{"embeddable":true,"href":"http:\/\/test.s385-fair4host.http-s.de\/index.php\/wp-json\/wp\/v2\/comments?post=20006467"}],"wp:featuredmedia":[{"embeddable":true,"href":"http:\/\/test.s385-fair4host.http-s.de\/index.php\/wp-json\/wp\/v2\/media\/20006468"}],"wp:attachment":[{"href":"http:\/\/test.s385-fair4host.http-s.de\/index.php\/wp-json\/wp\/v2\/media?parent=20006467"}],"curies":[{"name":"wp","href":"https:\/\/api.w.org\/{rel}","templated":true}]}}