{"id":20006465,"date":"2021-01-07T20:43:10","date_gmt":"2021-01-07T19:43:10","guid":{"rendered":"http:\/\/test.s385-fair4host.http-s.de\/index.php\/produkt\/be-quiet-dark-base-700-midi-tower-schwarz\/"},"modified":"2021-01-07T20:43:10","modified_gmt":"2021-01-07T19:43:10","slug":"be-quiet-dark-base-700-midi-tower-schwarz","status":"publish","type":"product","link":"http:\/\/test.s385-fair4host.http-s.de\/index.php\/produkt\/be-quiet-dark-base-700-midi-tower-schwarz\/","title":{"rendered":"be quiet! Dark Base 700 Midi Tower Schwarz"},"content":{"rendered":"<p><b>VIELSEITIGES MAINBOARD-TRAY<br \/>Passt sich speziellen Bed\u00fcrfnissen an<\/b><br \/>Das Mainboard-Tray ist perfekt auf individuelle Raumanforderungen anpassbar. Es kann f\u00fcr einen neudefinierten Luftstrom auf der linken Seite installiert oder vollst\u00e4ndig entfernt werden, um als Bench-Table zu dienen.<\/p>\n<p><b>MODULARE HDD-SLOTS<br \/>Gro\u00dfz\u00fcgiger Platz f\u00fcr Set-Ups aller Art<\/b><br \/>Baue ein System, so individuell wie Du: Drei versetzbare HDD-Slots k\u00f6nnen flexibel installiert werden. Es gibt sieben M\u00f6glichkeiten, die HDDs anzubringen \u2013 zwei davon versteckt hinter dem PSU-Cover. Die praktischen Slot-Abdeckungen verdecken ungenutzte HDD-Steckpl\u00e4tze und halten das Innere des PCs aufger\u00e4umt.<\/p>\n<p><b>EIN BLICKFANG VON AUSSEN UND INNEN<br \/>Multi-Mode RGB LEDs und ein elegantes Seitenfenster<\/b><br \/>Das Geh\u00e4use ist mit einem eleganten get\u00f6nten Seitenfenster aus Temperglas ausgestattet. Die markanten RGB LEDs an der Front k\u00f6nnen in sechs verschiedenen Farben und drei Modi geschaltet werden. Au\u00dferdem k\u00f6nnen die LEDs mit dem Mainboard oder RGB-Controller synchronisiert werden.<\/p>\n<p><b>SILENT WINGS 3<br \/>Nahezu unh\u00f6rbare, ausgezeichnete K\u00fchlung<\/b><br \/>Die zwei vorinstallierten Silent Wings 3 140mm PWM L\u00fcfter sind ausgestattet mit einem hochwertigen 6-Pol-L\u00fcftermotor, einem langlebigen Fluid-Dynamic-Lager und luftstromoptimierten L\u00fcfterbl\u00e4ttern. Der gummierte Rahmen hat einen trichterf\u00f6rmigen Lufteinlass, der f\u00fcr einen hohen Luftdruck sorgt. Ist der Performance-Mode aktiviert, erzielen die L\u00fcfter beeindruckende 1.600rpm.<\/p>\n<p><b>DUAL-RAIL-L\u00dcFTERSTEUERUNG<br \/>Erzeuge separate K\u00fchlungszonen!<\/b><br \/>Die sechs PWM-L\u00fcfteranschl\u00fcsse sind in zwei Rails geteilt, welche getrennt in einen Silence- oder Performance-Mode geschaltet werden k\u00f6nnen. Die beiden K\u00fchlungszonen werden simultan \u00fcber den Schalter an der Front kontrolliert. Sollen alle L\u00fcfter in der gleichen Geschwindigkeit laufen, k\u00f6nnen beide Channel auch in den gleichen Modus geschaltet werden.<\/p>\n<p><b>DURCHDACHTES K\u00dcHLUNGSKONZEPT<br \/>Optimiert f\u00fcr \u00fcbertaktete und wassergek\u00fchlte PCs<\/b><br \/>Das Dark Base 700 ist mit ger\u00e4uschreduzierenden Ausl\u00e4ssen ausgestattet und bietet Platz f\u00fcr bis zu sieben zus\u00e4tzliche L\u00fcfter. F\u00fcr den Einbau von Radiatoren bis zu einer Gr\u00f6\u00dfe von 360mm stehen drei Bereiche zur Verf\u00fcgung. Auf einer herausnehmbaren Halterung k\u00f6nnen L\u00fcfter oder Radiatoren installiert und anschlie\u00dfend bequem als komplette Einheit im oberen Geh\u00e4usebereich eingebaut werden.<\/p>\n<p><b>MULTIFUNKTIONALES PSU-COVER<br \/>Entdecke ungeahnte M\u00f6glichkeiten<\/b><br \/>Das PSU-Cover des Dark Base 700 verdeckt nicht nur das Netzteil und sorgt f\u00fcr ein optisch aufger\u00e4umtes PC-Innenleben \u2013 es hat noch mehr zu bieten: Die oberen Platten sind einzeln herausnehmbar, sodass es m\u00f6glich ist, L\u00fcfter am Boden oder am oberen Bereich des PSU-Covers zu installieren. Zudem bleibt noch Platz f\u00fcr einen Radiator an der Front.<\/p>\n<p><b>INTELLIGENTES I\/O-PANEL<br \/>Hochmoderne Technologie f\u00fcr dein System<\/b><br \/>Das Front I\/O-Panel verf\u00fcgt \u00fcber einen modernen USB 3.1 Typ C Gen 2 Anschluss. Die Dual-Rail-L\u00fcftersteuerung kann \u00fcber den Schieberegler gesteuert werden und bietet vier M\u00f6glichkeiten, die Geschwindigkeit der L\u00fcfter anzupassen. Er kann als PWM Hub eingerichtet werden oder im manuellen, dreistufigen Modus laufen. Es gibt au\u00dferdem einen Schalter, um die LEDs am Au\u00dfenbereich einzustellen.<\/p>\n","protected":false},"excerpt":{"rendered":"<p>Dark Base 700 &#8211; Midi-Tower, E-ATX\/ATX\/M-ATX\/Mini-ITX, USB 3.1 Type C, 2x USB 3.0, 13.25 kg<\/p>\n","protected":false},"featured_media":20006466,"comment_status":"open","ping_status":"closed","template":"","meta":{"spay_email":""},"_links":{"self":[{"href":"http:\/\/test.s385-fair4host.http-s.de\/index.php\/wp-json\/wp\/v2\/product\/20006465"}],"collection":[{"href":"http:\/\/test.s385-fair4host.http-s.de\/index.php\/wp-json\/wp\/v2\/product"}],"about":[{"href":"http:\/\/test.s385-fair4host.http-s.de\/index.php\/wp-json\/wp\/v2\/types\/product"}],"replies":[{"embeddable":true,"href":"http:\/\/test.s385-fair4host.http-s.de\/index.php\/wp-json\/wp\/v2\/comments?post=20006465"}],"wp:featuredmedia":[{"embeddable":true,"href":"http:\/\/test.s385-fair4host.http-s.de\/index.php\/wp-json\/wp\/v2\/media\/20006466"}],"wp:attachment":[{"href":"http:\/\/test.s385-fair4host.http-s.de\/index.php\/wp-json\/wp\/v2\/media?parent=20006465"}],"curies":[{"name":"wp","href":"https:\/\/api.w.org\/{rel}","templated":true}]}}