{"id":20006464,"date":"2021-01-07T20:43:08","date_gmt":"2021-01-07T19:43:08","guid":{"rendered":"http:\/\/test.s385-fair4host.http-s.de\/index.php\/produkt\/be-quiet-pure-base-600-midi-tower-schwarz-silber\/"},"modified":"2021-01-07T20:43:08","modified_gmt":"2021-01-07T19:43:08","slug":"be-quiet-pure-base-600-midi-tower-schwarz-silber","status":"publish","type":"product","link":"http:\/\/test.s385-fair4host.http-s.de\/index.php\/produkt\/be-quiet-pure-base-600-midi-tower-schwarz-silber\/","title":{"rendered":"be quiet! Pure Base 600 Midi Tower Schwarz, Silber"},"content":{"rendered":"<p><b>EXTREM WANDLUNGSF\u00c4HIGES DESIGN<br \/>Eine Vielzahl an Installationsm\u00f6glichkeiten f\u00fcr den Wunsch-PC<\/b><\/p>\n<p>Pure Base 600 bietet zahlreiche Optionen f\u00fcr die Auswahl der Systemkomponenten. Die drei HDD-Slots sind verstellbar und erm\u00f6glichen so die Installation auch sehr gro\u00dfer Grafikkarten. Der entnehmbare ODD-K\u00e4fig bietet au\u00dferdem maximale Flexibilit\u00e4t f\u00fcr den Einbau von Laufwerken und Radiatoren.<\/p>\n<p><b>OPTIMIERT F\u00dcR WASSERK\u00dcHLUNG<br \/>Hervorragend geeignet f\u00fcr den Einbau von Radiatoren<\/b><\/p>\n<p>Pure Base 600 ist das perfekte Geh\u00e4use f\u00fcr den Einsatz von Radiatoren. Hierf\u00fcr gibt es drei speziell daf\u00fcr vorgesehene Installationspunkte: vorne, hinten und oben. Alle Radiatoren bis zu einer Gr\u00f6\u00dfe von 360mm k\u00f6nnen eingebaut werden.<\/p>\n<p><b>VERSTELLBARE \u00d6FFNUNG DES TOP-COVERS<br \/>Geniales Konzept f\u00fcr Wasserk\u00fchlung und leisen Betrieb<\/b><\/p>\n<p>Das Pure Base 600 Top-Cover ist verstellbar und erlaubt die Auswahl verschiedener Einstellungen: geschlossen f\u00fcr absolut leisen Betrieb, halbge\u00f6ffnet f\u00fcr bessere Luftableitung oder komplett entfernt, um einen Radiator zu installieren.<\/p>\n<p><b>VORINSTALLIERTE PURE WINGS 2 L\u00dcFTER<br \/>Fl\u00fcsterleiser Betrieb \u2013 typisch f\u00fcr be quiet!<\/b><br \/>Zwei vorinstallierte Pure Wings 2 L\u00fcfter &#8211; 120mm an der R\u00fcckseite, 140mm an der Front \u2013 sind mit neun luftstromoptimierten L\u00fcfterbl\u00e4ttern ausgestattet, die ger\u00e4uschverursachende Turbulenzen reduzieren und den Luftdruck erh\u00f6hen. Bis zu vier Geh\u00e4usel\u00fcfter k\u00f6nnen zus\u00e4tzlich installiert werden.<\/p>\n<p><b>EIN BEEINDRUCKEND LEISES SYSTEM<br \/>Intelligente und effiziente Funktionen f\u00fcr einen leisen Betrieb<\/b><\/p>\n<p>Die integrierte 3-stufige L\u00fcftersteuerung unterst\u00fctzt bis zu drei L\u00fcfter. Ger\u00e4uschd\u00e4mmende Materialien an Deckel, Front und Seite reduzieren Vibrationen. Die Filter an der Front und der Unterseite verhindern den Staubeintritt in das Geh\u00e4use.<\/p>\n","protected":false},"excerpt":{"rendered":"<p>ATX \/ M-ATX \/ Mini-ITX, 2x USB3.0, HD Audio (mic + Kopfh\u00f6reranschl\u00fcsse), 2x 5.25&#8243;, 3 (Abnehmbar)x 3.5&#8243;, 2x 2.5&#8243; auf Motherboard-Fach, 6x 2.5&#8243; Innerhalb der HDD-Steckpl\u00e4tze (Abnehmbar), 7x Erweiterungssteckpl\u00e4tze, 0.8 &#8211; 1mm Stahl, ABS Kunststoff, Silber<\/p>\n","protected":false},"featured_media":0,"comment_status":"open","ping_status":"closed","template":"","meta":{"spay_email":""},"_links":{"self":[{"href":"http:\/\/test.s385-fair4host.http-s.de\/index.php\/wp-json\/wp\/v2\/product\/20006464"}],"collection":[{"href":"http:\/\/test.s385-fair4host.http-s.de\/index.php\/wp-json\/wp\/v2\/product"}],"about":[{"href":"http:\/\/test.s385-fair4host.http-s.de\/index.php\/wp-json\/wp\/v2\/types\/product"}],"replies":[{"embeddable":true,"href":"http:\/\/test.s385-fair4host.http-s.de\/index.php\/wp-json\/wp\/v2\/comments?post=20006464"}],"wp:attachment":[{"href":"http:\/\/test.s385-fair4host.http-s.de\/index.php\/wp-json\/wp\/v2\/media?parent=20006464"}],"curies":[{"name":"wp","href":"https:\/\/api.w.org\/{rel}","templated":true}]}}