{"id":20006463,"date":"2021-01-07T20:43:07","date_gmt":"2021-01-07T19:43:07","guid":{"rendered":"http:\/\/test.s385-fair4host.http-s.de\/index.php\/produkt\/be-quiet-pure-base-600-midi-tower-schwarz\/"},"modified":"2021-01-07T20:43:07","modified_gmt":"2021-01-07T19:43:07","slug":"be-quiet-pure-base-600-midi-tower-schwarz","status":"publish","type":"product","link":"http:\/\/test.s385-fair4host.http-s.de\/index.php\/produkt\/be-quiet-pure-base-600-midi-tower-schwarz\/","title":{"rendered":"be quiet! Pure Base 600 Midi Tower Schwarz"},"content":{"rendered":"<p><b>Beeindruckend leise und funktional<\/b><\/p>\n<p>Pure Base 600 ist ein echtes Multitalent und verbindet eine Menge Funktionalit\u00e4t mit einem extrem attraktiven Preis-Leistungsverh\u00e4ltnis. Durch flexible Installationsm\u00f6glichkeiten und effektive K\u00fchlleistung setzt es neue Standards in seiner Leistungsklasse.<\/p>\n<p>Das Geh\u00e4use ist ausgesprochen benutzerfreundlich und fl\u00fcsterleise im Betrieb. Es ist die perfekte Basis f\u00fcr nahezu jede Systemkonfiguration eines ATX oder Micro ATX PCs!<\/p>\n<p>&#8211; Extrem wandlungsf\u00e4hig dank verstellbarer HDD-Slots und entnehmbarem ODD-K\u00e4fig.<br \/>&#8211; Wasserk\u00fchlungsoptimiert f\u00fcr den Einbau von Radiatoren bis zu 360mm an drei verschiedenen Installationspunkten.<br \/>&#8211; \u00d6ffnung des Top-Covers kann dreistufig eingestellt werden: geschlossen f\u00fcr absolut leisen Betrieb, halb ge\u00f6ffnet f\u00fcr bessere Luftableitung oder komplett entfernt, um einen Radiator zu installieren.<br \/>&#8211; Fl\u00fcsterleiser Betrieb dank zwei vorinstallierter Pure Wings 2 L\u00fcfter, die mit neun luftstromoptimierten L\u00fcfterbl\u00e4ttern f\u00fcr einen leisen Betrieb bei gleichzeitig hohem Luftdruck sorgen.<br \/>&#8211; Ger\u00e4uschd\u00e4mmende Materialien am Deckel, an den Seiten und an der Front.<br \/>&#8211; Professionelles Kabelmanagement mit individuell nutzbarer Kabelf\u00fchrung.<br \/>&#8211; Produktkonzeption, Design und Qualit\u00e4tskontrolle in Deutschland.<\/p>\n<p><b>Anwendungsbereiche<\/b><\/p>\n<p>&#8211; Luft- und Wasserk\u00fchlungssysteme.<br \/>&#8211; Alle PCs, die \u00e4u\u00dferste Laufruhe erfordern, wie zum Beispiel Audiobearbeitung und Studioarbeit oder einfach: das Gaming- und Multimediasystem im Wohnzimmer.<\/p>\n<p><b>Extem wandlungsf\u00e4higes Design<\/b><\/p>\n<p>&#8211; Vielf\u00e4ltige M\u00f6glichkeiten f\u00fcr die Auswahl der Systemkomponenten.<br \/>&#8211; Hohe Wandlungsf\u00e4higkeit dank verstellbarer HDD-Slots und entnehmbarem ODD-K\u00e4fig.<br \/>&#8211; ODD-K\u00e4fig bietet maximale Flexibilit\u00e4t f\u00fcr den Einbau von Laufwerken und Radiatoren.<br \/>&#8211; Modulare HDD-Slots erm\u00f6glichen die Installation auch sehr gro\u00dfer Grafikkarten.<br \/>&#8211; Verstellbare \u00d6ffnung des Top-Covers kann f\u00fcr absolut leisen Betrieb geschlossen, f\u00fcr bessere Luftableitung halb ge\u00f6ffnet oder komplett entfernt werden, um einen Radiator zu installieren.<\/p>\n<p><b>Leise und zuverl\u00e4ssige K\u00fchlung<\/b><\/p>\n<p>&#8211; Zwei vorinstallierte Pure Wings 2 L\u00fcfter (120mm an der R\u00fcckseite, 140mm an der Front) bieten eine Vielzahl an Optimierungen f\u00fcr einen absolut ruhigen Luftstrom:<br \/>&#8211; Einzigartiges luftstromoptimiertes L\u00fcfterblattdesign reduziert ger\u00e4uschverursachende Turbulenzen.<br \/>&#8211; Hochwertige Rifle-Bearing-Technologie.<br \/>&#8211; Unterdr\u00fcckung elektronischer Ger\u00e4usche per Motorsteuerung.<br \/>&#8211; Geh\u00e4usedesign erlaubt die Installation von bis zu vier zus\u00e4tzlichen Geh\u00e4usel\u00fcftern.<br \/>&#8211; Integrierte 3-stufige L\u00fcftersteuerung f\u00fcr bis zu drei L\u00fcfter.<br \/>&#8211; Gezielte Luftstromf\u00fchrung senkt die Systemtemperatur leise und effizient: ausstr\u00f6mende Luft wird zur R\u00fcckseite geleitet um zus\u00e4tzliche Ger\u00e4uschentwicklung zu minimieren.<br \/>&#8211; Optimiert f\u00fcr den Einbau von Wasserk\u00fchlern, durch drei speziell daf\u00fcr vorgesehene Bereiche vorne, hinten und oben &#8211; passend f\u00fcr Radiatoren bis zu 360mm.<br \/>&#8211; Ger\u00e4uschd\u00e4mmende Materialien an Deckel, Front und Seite reduzieren Vibrationen und garantieren leisen Betrieb.<\/p>\n<p><b>Elegantes Design und praktische Handhabung<\/b><\/p>\n<p>&#8211; Stilvolles Design mit hochwertigen Materialien \u2013 das Markenzeichen aller be quiet! Geh\u00e4use.<br \/>&#8211; Mainboard-Tray bietet ausreichend Platz f\u00fcr CPU-K\u00fchler Backplate und unterst\u00fctzt alle aktuellen und zuk\u00fcnftigen Sockeldesigns.<br \/>&#8211; Professionelles Kabelmanagement mit individuell nutzbarer Kabelf\u00fchrung.<br \/>&#8211; Kompatibel mit allen be quiet! Produkten und allen erh\u00e4ltlichen Grafikkarten.<\/p>\n","protected":false},"excerpt":{"rendered":"<p>ATX \/ M-ATX \/ Mini-ITX, 2x USB3.0, HD Audio (mic + Kopfh\u00f6reranschl\u00fcsse), 2x 5.25&#8243;, 3 (Abnehmbar)x 3.5&#8243;, 2x 2.5&#8243; auf Motherboard-Fach, 6x 2.5&#8243; Innerhalb der HDD-Steckpl\u00e4tze (Abnehmbar), 7x Erweiterungssteckpl\u00e4tze, 0.8 &#8211; 1mm Stahl, ABS Kunststoff, Schwarz<\/p>\n","protected":false},"featured_media":0,"comment_status":"open","ping_status":"closed","template":"","meta":{"spay_email":""},"_links":{"self":[{"href":"http:\/\/test.s385-fair4host.http-s.de\/index.php\/wp-json\/wp\/v2\/product\/20006463"}],"collection":[{"href":"http:\/\/test.s385-fair4host.http-s.de\/index.php\/wp-json\/wp\/v2\/product"}],"about":[{"href":"http:\/\/test.s385-fair4host.http-s.de\/index.php\/wp-json\/wp\/v2\/types\/product"}],"replies":[{"embeddable":true,"href":"http:\/\/test.s385-fair4host.http-s.de\/index.php\/wp-json\/wp\/v2\/comments?post=20006463"}],"wp:attachment":[{"href":"http:\/\/test.s385-fair4host.http-s.de\/index.php\/wp-json\/wp\/v2\/media?parent=20006463"}],"curies":[{"name":"wp","href":"https:\/\/api.w.org\/{rel}","templated":true}]}}