{"id":20006455,"date":"2021-01-07T20:43:00","date_gmt":"2021-01-07T19:43:00","guid":{"rendered":"http:\/\/test.s385-fair4host.http-s.de\/index.php\/produkt\/lenovo-thinkbook-14-notebook-356-cm-14-zoll-1920-x-1080-pixel-intel-core-i7-prozessoren-der-10-generation-16-gb-ddr4-sdram-512-gb-ssd-wi-fi-6-802-11ax-windows-10-pro-grau\/"},"modified":"2021-01-07T20:43:00","modified_gmt":"2021-01-07T19:43:00","slug":"lenovo-thinkbook-14-notebook-356-cm-14-zoll-1920-x-1080-pixel-intel-core-i7-prozessoren-der-10-generation-16-gb-ddr4-sdram-512-gb-ssd-wi-fi-6-802-11ax-windows-10-pro-grau","status":"publish","type":"product","link":"http:\/\/test.s385-fair4host.http-s.de\/index.php\/produkt\/lenovo-thinkbook-14-notebook-356-cm-14-zoll-1920-x-1080-pixel-intel-core-i7-prozessoren-der-10-generation-16-gb-ddr4-sdram-512-gb-ssd-wi-fi-6-802-11ax-windows-10-pro-grau\/","title":{"rendered":"Lenovo ThinkBook 14 Notebook 35,6 cm (14 Zoll) 1920 x 1080 Pixel Intel\u00ae Core\u2122 i7 Prozessoren der 10. Generation 16 GB DDR4-SDRAM 512 GB SSD Wi-Fi 6 (802.11ax) Windows 10 Pro Grau"},"content":{"rendered":"<p><b>F\u00fcr den Gesch\u00e4ftseinsatz geschaffen, auf Sie zugeschnitten<\/b><br \/>Hohe Rechenleistung, gro\u00dfer Hauptspeicher und Massenspeicher. Intuitive zeitsparende Funktionen. Integrierte Sicherheitsmerkmale, Zuverl\u00e4ssigkeit und Robustheit. Dies sind nur einige der Argumente, warum Sie mit dem ThinkBook 35,6 cm (14&#8243;) unterwegs mehr erreichen k\u00f6nnen. Zu den optionalen Funktionen f\u00fcr dieses 35,6-cm-Business-Notebook (14&#8243;) geh\u00f6ren: Intel\u00ae Optane\u2122 Hauptspeicher, WiFi 6 und eine dedizierte Grafikkarte.<\/p>\n<p><b>Mit dieser Leistung sind Sie auf dem Vormarsch<\/b><br \/>Speziell f\u00fcr Nutzer, die viel unterwegs sind. Das ThinkBook 35,6 cm (14&#8243;) ist nur 17,9 mm d\u00fcnn und l\u00e4sst sich daher problemlos im Rucksack verstauen oder unter den Arm klemmen. Mit dem Intel\u00ae Core\u2122 i7 Prozessor bis zur 10. Generation und Windows 10 Pro sind Sie mit diesem 35,6 cm (14&#8243;) Business-Notebook \u00fcberall s\u00e4mtlichen Aufgaben gewachsen.<\/p>\n<p><b>Ein Unterschied, den man sieht und h\u00f6rt<\/b><br \/>Das 35,6-cm-FHD-Display (14\u201d) mit seinem flachen, schmalen Rahmen hat ein Display-Geh\u00e4use-Verh\u00e4ltnis von 80 %, was f\u00fcr Sie weniger Ablenkung bedeutet. Die beiden Dolby Audio\u2122 Lautsprecher bieten kristallklaren Sound. Eine optionale dedizierte Grafikkarte erm\u00f6glicht die hochaufl\u00f6sende Darstellung von Arbeitshinhalten, Videos oder auch von Spielen.<\/p>\n<p><b>Verlieren Sie nicht den Anschluss<\/b><br \/>Das ThinkPad 35,6 cm (14&#8243;) verf\u00fcgt \u00fcber eine Vielzahl von Anschl\u00fcssen, darunter auch ein USB 3.1-Anschluss mit Always-on-Funktion zum Aufladen anderer Ger\u00e4te, selbst wenn Ihr ThinkBook ausgeschaltet ist. In dem Fach f\u00fcr den USB 2.0-Anschluss l\u00e4sst sich au\u00dferdem ein Funkmaus-Dongle (separat erh\u00e4ltlich) verstauen. Wenn Sie unterwegs eine noch schnellere Internetverbindung m\u00f6chten, w\u00e4hlen Sie die WiFi 6-Option.<\/p>\n","protected":false},"excerpt":{"rendered":"<p>Intel Core i7-1065G7 (8MB Cache, 1.3GHz), 16GB DDR4-SDRAM, 512GB SSD, 35.6 cm (14&#8243;) Full HD 1920 x 1080 IPS, Intel Iris Plus Graphics, LAN, WLAN, Webcam, Windows 10 Pro 64-bit<\/p>\n","protected":false},"featured_media":20006456,"comment_status":"open","ping_status":"closed","template":"","meta":{"spay_email":""},"_links":{"self":[{"href":"http:\/\/test.s385-fair4host.http-s.de\/index.php\/wp-json\/wp\/v2\/product\/20006455"}],"collection":[{"href":"http:\/\/test.s385-fair4host.http-s.de\/index.php\/wp-json\/wp\/v2\/product"}],"about":[{"href":"http:\/\/test.s385-fair4host.http-s.de\/index.php\/wp-json\/wp\/v2\/types\/product"}],"replies":[{"embeddable":true,"href":"http:\/\/test.s385-fair4host.http-s.de\/index.php\/wp-json\/wp\/v2\/comments?post=20006455"}],"wp:featuredmedia":[{"embeddable":true,"href":"http:\/\/test.s385-fair4host.http-s.de\/index.php\/wp-json\/wp\/v2\/media\/20006456"}],"wp:attachment":[{"href":"http:\/\/test.s385-fair4host.http-s.de\/index.php\/wp-json\/wp\/v2\/media?parent=20006455"}],"curies":[{"name":"wp","href":"https:\/\/api.w.org\/{rel}","templated":true}]}}