{"id":20006453,"date":"2021-01-07T20:42:59","date_gmt":"2021-01-07T19:42:59","guid":{"rendered":"http:\/\/test.s385-fair4host.http-s.de\/index.php\/produkt\/lenovo-thinkcentre-m920z-605-cm-23-8-zoll-1920-x-1080-pixel-intel-core-i5-der-9-generation-8-gb-ddr4-sdram-256-gb-ssd-windows-10-pro-wi-fi-5-802-11ac-all-in-one-pc-schwarz\/"},"modified":"2021-01-07T20:42:59","modified_gmt":"2021-01-07T19:42:59","slug":"lenovo-thinkcentre-m920z-605-cm-23-8-zoll-1920-x-1080-pixel-intel-core-i5-der-9-generation-8-gb-ddr4-sdram-256-gb-ssd-windows-10-pro-wi-fi-5-802-11ac-all-in-one-pc-schwarz","status":"publish","type":"product","link":"http:\/\/test.s385-fair4host.http-s.de\/index.php\/produkt\/lenovo-thinkcentre-m920z-605-cm-23-8-zoll-1920-x-1080-pixel-intel-core-i5-der-9-generation-8-gb-ddr4-sdram-256-gb-ssd-windows-10-pro-wi-fi-5-802-11ac-all-in-one-pc-schwarz\/","title":{"rendered":"Lenovo ThinkCentre M920z 60,5 cm (23.8 Zoll) 1920 x 1080 Pixel Intel\u00ae Core\u2122 i5 der 9. Generation 8 GB DDR4-SDRAM 256 GB SSD Windows 10 Pro Wi-Fi 5 (802.11ac) All-in-One-PC Schwarz"},"content":{"rendered":"<p>Der Lenovo ThinkCentre M920z AIO spart Zeit und Platz und erledigt auch schwierige Aufgaben mit Leichtigkeit. Ausgestattet ist der 60,5 cm (23,8&#8243;) gro\u00dfe Enterprise-All-in-One mit den neuesten Intel\u00ae Core\u2122 Prozessoren und reichlich DDR4-Hauptspeicher. Zudem ist er \u00e4u\u00dferst sicher und nach Milit\u00e4rspezifikationen (MIL-SPEC) getestet. Und mit seiner einfachen Verwaltbarkeit passt er perfekt in jede Unternehmensumgebung.<\/p>\n<p><b>Weniger Aufwand f\u00fcr die IT <\/b><br \/>Der ThinkCentre M920z erleichtert dem IT-Team die Arbeit und sorgt f\u00fcr den Schutz Ihrer Unternehmensdaten durch integrierte Datenverschl\u00fcsselung mit Trusted Platform Management (TPM) 2.0, BIOS-basierte Smart USB Protection, Unterst\u00fctzung f\u00fcr Windows Hello (nur mit IR-Kamera) und einen Einbruchssicherungsschalter, der Alarmmeldungen versendet, wenn jemand das Geh\u00e4use zu \u00f6ffnen versucht. Zudem ist er auch schnell und einfach bereitzustellen.<\/p>\n<p><b>H\u00f6here Produktivit\u00e4t<\/b><br \/>Die Benutzer erleben blitzschnelle Reaktivit\u00e4t und nahtloses Multitasking selbst bei anspruchsvollsten Aufgaben dank dem PCIe-SSD-Laufwerk mit 3D NAND-Technologie und Intel\u00ae Optane\u2122-Hauptspeicher, w\u00e4hrend die USB 3.1 Gen 2 and USB 3.1 Gen 1 Type-C-Anschl\u00fcsse des M920z AIO f\u00fcr rasante Datentransfers sorgen. Sie k\u00f6nnen zusehen, wie die Produktivit\u00e4t Ihrer Mitarbeiter steigt.<\/p>\n<p><b>Sch\u00fctzt Ihre Daten<\/b><br \/>Durch Daten- und Kennwortverschl\u00fcsselung mit dem Trusted Platform Module (TPM) 2.0 sind Ihre Daten stets gesch\u00fctzt. Eine RGB-Infrarotkamera erm\u00f6glicht die sichere Anmeldung per Gesichtserkennung \u00fcber Windows Hello (nur mit IR-Kamera). Und mit der BIOS-basierten Funktion Smart USB Protection k\u00f6nnen Sieunbefugtes Kopieren von Dateien verhindern, indem Sie die USB-Anschl\u00fcsse so konfigurieren, dass sie nur auf bestimmte Ger\u00e4te reagieren.<\/p>\n<p><b>Sparen Sie Platz \u2026<\/b><br \/>Durch das kompakte Format des M920z AIO wirkt Ihr Arbeitsplatz aufger\u00e4umt und bereit f\u00fcr gesch\u00e4ftliche Aktivit\u00e4ten. Das Ger\u00e4t ist VESA-kompatibel, rahmenlos und l\u00e4sst sich optional auch mit einem noch platzsparenderen Standfu\u00df ausstatten.<\/p>\n<p><b>\u2026 und Zeit<\/b><br \/>Mithilfe der Keyboard Power On-Funktion k\u00f6nnen Sie den M920z direkt \u00fcber die Tastatur einschalten. Seine Smart Webcam ist horizontal um 180\u00b0 und vertikal um 50\u00b0 drehbar und l\u00e4sst sich somit vom frontseitigen auf den r\u00fcckseitigen Kameramodus umschalten, was insbesondere bei Videokonferenzen sehr hilfreich ist.<\/p>\n<p><b>Auf Extrembedingungen getestet<\/b><br \/>Der M920z hat H\u00e4rtetests nach acht MIL-SPEC-Kriterien bestanden: niedriger Luftdruck (H\u00f6he), hohe Temperaturen, tiefe Temperaturen, Sand\/Staub, Temperaturschock, Feuchtigkeit und St\u00f6\u00dfe). In der Tat \u2013 dieser AIO ist zuverl\u00e4ssig.<\/p>\n<p><b>Minimale Belastung f\u00fcr die Augen<\/b><br \/>Das entspiegelte Display-Panel des M920z streut das Licht und ist flimmerfrei, wodurch die Belastung f\u00fcr die Augen reduziert wird. Seine Eye Comfort- und Low Blue Light-Zertifizierungen bieten die Gew\u00e4hr daf\u00fcr, dass sich Ihre Augen auch nach langen Arbeitsstunden wohl f\u00fchlen.<\/p>\n","protected":false},"excerpt":{"rendered":"<p>Intel Core i5-9500 (9MB Cache, 3GHz), 8GB DDR4-SDRAM, 256GB SSD, 60.5 cm (23.8&#8243;) Full HD 1920 x 1080 WVA, DVD\u00b1RW, Intel UHD Graphics 630, LAN, WLAN, Bluetooth, Windows 10 Pro 64-bit<\/p>\n","protected":false},"featured_media":20006454,"comment_status":"open","ping_status":"closed","template":"","meta":{"spay_email":""},"_links":{"self":[{"href":"http:\/\/test.s385-fair4host.http-s.de\/index.php\/wp-json\/wp\/v2\/product\/20006453"}],"collection":[{"href":"http:\/\/test.s385-fair4host.http-s.de\/index.php\/wp-json\/wp\/v2\/product"}],"about":[{"href":"http:\/\/test.s385-fair4host.http-s.de\/index.php\/wp-json\/wp\/v2\/types\/product"}],"replies":[{"embeddable":true,"href":"http:\/\/test.s385-fair4host.http-s.de\/index.php\/wp-json\/wp\/v2\/comments?post=20006453"}],"wp:featuredmedia":[{"embeddable":true,"href":"http:\/\/test.s385-fair4host.http-s.de\/index.php\/wp-json\/wp\/v2\/media\/20006454"}],"wp:attachment":[{"href":"http:\/\/test.s385-fair4host.http-s.de\/index.php\/wp-json\/wp\/v2\/media?parent=20006453"}],"curies":[{"name":"wp","href":"https:\/\/api.w.org\/{rel}","templated":true}]}}