{"id":20006447,"date":"2021-01-07T20:42:55","date_gmt":"2021-01-07T19:42:55","guid":{"rendered":"http:\/\/test.s385-fair4host.http-s.de\/index.php\/produkt\/v7-mobile-optische-wireless-maus-schwarz\/"},"modified":"2021-01-07T20:42:55","modified_gmt":"2021-01-07T19:42:55","slug":"v7-mobile-optische-wireless-maus-schwarz","status":"publish","type":"product","link":"http:\/\/test.s385-fair4host.http-s.de\/index.php\/produkt\/v7-mobile-optische-wireless-maus-schwarz\/","title":{"rendered":"V7 Mobile optische Wireless-Maus \u2013 Schwarz"},"content":{"rendered":"<p>Die mobile Wireless-Maus von V7 in Taschenformat ist ideal f\u00fcr alle, die viel unterwegs sind. Die Maus verf\u00fcgt \u00fcber einen pr\u00e4zisen optischen Sensor f\u00fcr einen fl\u00fcssigen Lauf sowie kompatible dpi-Einstellungen f\u00fcr eine noch bessere Steuerung. Der 2,4 GHz Wireless-Dongle in der Unterseite der Maus und die mitgelieferte AAA-Batterie sorgen daf\u00fcr, dass die Maus sofort einsatzbereit ist. Das komfortable, auf Rechts- und Linksh\u00e4nder ausgelegte Design der mobilen Maus, die einen V7 Garantiezeitraum von 2 Jahren hat, liegt gut in der Hand.<\/p>\n","protected":false},"excerpt":{"rendered":"<p>Mobile optische Wireless-Maus \u2013 Schwarz<\/p>\n","protected":false},"featured_media":20006448,"comment_status":"open","ping_status":"closed","template":"","meta":{"spay_email":""},"_links":{"self":[{"href":"http:\/\/test.s385-fair4host.http-s.de\/index.php\/wp-json\/wp\/v2\/product\/20006447"}],"collection":[{"href":"http:\/\/test.s385-fair4host.http-s.de\/index.php\/wp-json\/wp\/v2\/product"}],"about":[{"href":"http:\/\/test.s385-fair4host.http-s.de\/index.php\/wp-json\/wp\/v2\/types\/product"}],"replies":[{"embeddable":true,"href":"http:\/\/test.s385-fair4host.http-s.de\/index.php\/wp-json\/wp\/v2\/comments?post=20006447"}],"wp:featuredmedia":[{"embeddable":true,"href":"http:\/\/test.s385-fair4host.http-s.de\/index.php\/wp-json\/wp\/v2\/media\/20006448"}],"wp:attachment":[{"href":"http:\/\/test.s385-fair4host.http-s.de\/index.php\/wp-json\/wp\/v2\/media?parent=20006447"}],"curies":[{"name":"wp","href":"https:\/\/api.w.org\/{rel}","templated":true}]}}