{"id":20006445,"date":"2021-01-07T20:42:53","date_gmt":"2021-01-07T19:42:53","guid":{"rendered":"http:\/\/test.s385-fair4host.http-s.de\/index.php\/produkt\/v7-optische-wireless-maus-schwarz\/"},"modified":"2021-01-07T20:42:53","modified_gmt":"2021-01-07T19:42:53","slug":"v7-optische-wireless-maus-schwarz","status":"publish","type":"product","link":"http:\/\/test.s385-fair4host.http-s.de\/index.php\/produkt\/v7-optische-wireless-maus-schwarz\/","title":{"rendered":"V7 Optische Wireless Maus \u2013 schwarz"},"content":{"rendered":"<p>Die Maus der MW200 Serie von V7 bietet mehr Flexibilit\u00e4t dank Wireless-Technologie. Stecken Sie einfach den Nano-USB Wireless-Receiver ein und die Maus ist sofort einsatzbereit. Die sowohl f\u00fcr Rechts-als auch f\u00fcr Linksh\u00e4nder geeignete Maus bietet maximalen Komfort und hohe Leistung. Die Lebensdauer der Batterie betr\u00e4gt abh\u00e4ngig von der Nutzung bis zu mehreren Monaten. Mit dem automatischen Energiesparmodus l\u00e4sst sich die Lebensdauer verl\u00e4ngern. Der Nano-Receiver kann in der Maus aufbewahrt werden. Damit ist das Produkt die ideale L\u00f6sung f\u00fcr die Nutzung unterwegs. Die Maus wird mit AA-Batterien geliefert und kann sofort eingesetzt werden. Die Herstellergarantie betr\u00e4gt 2 Jahr.<\/p>\n","protected":false},"excerpt":{"rendered":"<p>Optische Wireless Maus \u2013schwarz<\/p>\n","protected":false},"featured_media":20006446,"comment_status":"open","ping_status":"closed","template":"","meta":{"spay_email":""},"_links":{"self":[{"href":"http:\/\/test.s385-fair4host.http-s.de\/index.php\/wp-json\/wp\/v2\/product\/20006445"}],"collection":[{"href":"http:\/\/test.s385-fair4host.http-s.de\/index.php\/wp-json\/wp\/v2\/product"}],"about":[{"href":"http:\/\/test.s385-fair4host.http-s.de\/index.php\/wp-json\/wp\/v2\/types\/product"}],"replies":[{"embeddable":true,"href":"http:\/\/test.s385-fair4host.http-s.de\/index.php\/wp-json\/wp\/v2\/comments?post=20006445"}],"wp:featuredmedia":[{"embeddable":true,"href":"http:\/\/test.s385-fair4host.http-s.de\/index.php\/wp-json\/wp\/v2\/media\/20006446"}],"wp:attachment":[{"href":"http:\/\/test.s385-fair4host.http-s.de\/index.php\/wp-json\/wp\/v2\/media?parent=20006445"}],"curies":[{"name":"wp","href":"https:\/\/api.w.org\/{rel}","templated":true}]}}