{"id":20006443,"date":"2021-01-07T20:42:52","date_gmt":"2021-01-07T19:42:52","guid":{"rendered":"http:\/\/test.s385-fair4host.http-s.de\/index.php\/produkt\/v7-set-aus-kabelgebundener-usb-tastatur-und-maus-mit-ps2-adapter-de\/"},"modified":"2021-01-07T20:42:52","modified_gmt":"2021-01-07T19:42:52","slug":"v7-set-aus-kabelgebundener-usb-tastatur-und-maus-mit-ps2-adapter-de","status":"publish","type":"product","link":"http:\/\/test.s385-fair4host.http-s.de\/index.php\/produkt\/v7-set-aus-kabelgebundener-usb-tastatur-und-maus-mit-ps2-adapter-de\/","title":{"rendered":"V7 Set aus Kabelgebundener USB-Tastatur und Maus mit PS2-Adapter \u2013 DE"},"content":{"rendered":"<p>Das CKU200 ist ein Set aus Tastatur und Maus in Standardgr\u00f6\u00dfe, das auf Funktionalit\u00e4t und Langzeitkomfort ausgerichtet ist. Mit den Media-Hotkeys k\u00f6nnen Sie schnell auf verschiedene Grundfunktionen zugreifen und so Zeit sparen. Das CKU200 ist dank seiner zuverl\u00e4ssigen USB-Kabelverbindung und dem PS2-Adapter \u00e4u\u00dferst kompatibel und die ideale L\u00f6sung f\u00fcr Gesch\u00e4ftsleute. Das Set aus Tastatur und Maus verf\u00fcgt \u00fcber ein strapazierf\u00e4higes und spritzwassergesch\u00fctztes Design mit robusten, einstellbaren F\u00fc\u00dfen. Die f\u00fcr Rechts- und Linksh\u00e4nder geeignete Maus verf\u00fcgt \u00fcber eine anpassbare Hochleistungsaufl\u00f6sung von 1600 dpi und ein anatomisch geformtes Design mit 3 Tasten. Die schmale Tastatur sorgt daf\u00fcr, dass Ihre H\u00e4nde auch bei stundenlangem Arbeiten nicht erm\u00fcden.<\/p>\n","protected":false},"excerpt":{"rendered":"<p>Set aus Kabelgebundener USB-Tastatur und Maus mit PS2-Adapter, DE<\/p>\n","protected":false},"featured_media":20006444,"comment_status":"open","ping_status":"closed","template":"","meta":{"spay_email":""},"_links":{"self":[{"href":"http:\/\/test.s385-fair4host.http-s.de\/index.php\/wp-json\/wp\/v2\/product\/20006443"}],"collection":[{"href":"http:\/\/test.s385-fair4host.http-s.de\/index.php\/wp-json\/wp\/v2\/product"}],"about":[{"href":"http:\/\/test.s385-fair4host.http-s.de\/index.php\/wp-json\/wp\/v2\/types\/product"}],"replies":[{"embeddable":true,"href":"http:\/\/test.s385-fair4host.http-s.de\/index.php\/wp-json\/wp\/v2\/comments?post=20006443"}],"wp:featuredmedia":[{"embeddable":true,"href":"http:\/\/test.s385-fair4host.http-s.de\/index.php\/wp-json\/wp\/v2\/media\/20006444"}],"wp:attachment":[{"href":"http:\/\/test.s385-fair4host.http-s.de\/index.php\/wp-json\/wp\/v2\/media?parent=20006443"}],"curies":[{"name":"wp","href":"https:\/\/api.w.org\/{rel}","templated":true}]}}