{"id":20006442,"date":"2021-01-07T20:42:51","date_gmt":"2021-01-07T19:42:51","guid":{"rendered":"http:\/\/test.s385-fair4host.http-s.de\/index.php\/produkt\/v7-8gb-ddr4-pc4-17000-2133mhz-dimm-desktop-arbeitsspeicher-modul-v7170008gbd\/"},"modified":"2021-01-07T20:42:51","modified_gmt":"2021-01-07T19:42:51","slug":"v7-8gb-ddr4-pc4-17000-2133mhz-dimm-desktop-arbeitsspeicher-modul-v7170008gbd","status":"publish","type":"product","link":"http:\/\/test.s385-fair4host.http-s.de\/index.php\/produkt\/v7-8gb-ddr4-pc4-17000-2133mhz-dimm-desktop-arbeitsspeicher-modul-v7170008gbd\/","title":{"rendered":"V7 8GB DDR4 PC4-17000 &#8211; 2133Mhz DIMM Desktop Arbeitsspeicher Modul &#8211; V7170008GBD"},"content":{"rendered":"<p>Das Aufr\u00fcsten des Speichers im Notebook oder Desktop PC ist eine der kosteng\u00fcnstigsten M\u00f6glichkeiten zur Leistungssteigerung. Das Hinzuf\u00fcgen zus\u00e4tzlicher Speicher sorgt daf\u00fcr, dass sowohl Betriebssystem als auch Anwendungen schneller und fl\u00fcssiger laufen, was besonders bei Gaming, HD-Video- und Bildbearbeitung, Grafikdesign und beim Umgang mit gro\u00dfen Datenmengen wichtig ist.<\/p>\n<p>&#8211; 8GB DDR4 2133MHZ Memory Modul<br \/>&#8211; Verbesserte System-Leistung<br \/>&#8211; SpeicherModul nach Industriestandard von f\u00fchrenden Herstellern<br \/>&#8211; 100%ige Kompatibilit\u00e4t<br \/>&#8211; 10 Jahre Garantie<\/p>\n","protected":false},"excerpt":{"rendered":"<p>8GB DDR4 PC4-17000 &#8211; 2133Mhz, CL15<\/p>\n","protected":false},"featured_media":0,"comment_status":"open","ping_status":"closed","template":"","meta":{"spay_email":""},"_links":{"self":[{"href":"http:\/\/test.s385-fair4host.http-s.de\/index.php\/wp-json\/wp\/v2\/product\/20006442"}],"collection":[{"href":"http:\/\/test.s385-fair4host.http-s.de\/index.php\/wp-json\/wp\/v2\/product"}],"about":[{"href":"http:\/\/test.s385-fair4host.http-s.de\/index.php\/wp-json\/wp\/v2\/types\/product"}],"replies":[{"embeddable":true,"href":"http:\/\/test.s385-fair4host.http-s.de\/index.php\/wp-json\/wp\/v2\/comments?post=20006442"}],"wp:attachment":[{"href":"http:\/\/test.s385-fair4host.http-s.de\/index.php\/wp-json\/wp\/v2\/media?parent=20006442"}],"curies":[{"name":"wp","href":"https:\/\/api.w.org\/{rel}","templated":true}]}}