{"id":20006438,"date":"2021-01-07T20:42:48","date_gmt":"2021-01-07T19:42:48","guid":{"rendered":"http:\/\/test.s385-fair4host.http-s.de\/index.php\/produkt\/v7-cat7-sftp-3m-patchkabel-grau\/"},"modified":"2021-01-07T20:42:48","modified_gmt":"2021-01-07T19:42:48","slug":"v7-cat7-sftp-3m-patchkabel-grau","status":"publish","type":"product","link":"http:\/\/test.s385-fair4host.http-s.de\/index.php\/produkt\/v7-cat7-sftp-3m-patchkabel-grau\/","title":{"rendered":"V7 CAT7 SFTP 3m Patchkabel Grau"},"content":{"rendered":"<p>Warum V7 Kabel? Auswahl &#8211; W\u00e4hlen Sie aus einer umfangreichen Palette an L\u00e4ngen- und Farboptionen. Preis &#8211; V7 Kabel bieten ein unschlagbar g\u00fcnstiges Preis-Leistungsverh\u00e4ltnis in bester Markenqualit\u00e4t. Zuverl\u00e4ssigkeit &#8211; Strenge Produktionskontrollen gew\u00e4hrleisten eine erstklassige Qualit\u00e4t. Garantie &#8211; V7 Produkte bieten eine lebenslange Garantie gegen Material- oder Herstellungsfehler und gew\u00e4hrleisten eine sorgenfreie Verwendung.<\/p>\n<p>&#8211; CAT7 SFTP Patchkabel Grau<br \/>&#8211; 3m<br \/>&#8211; Twisted-Rate: 24AWG<br \/>&#8211; Frequenz: 600 MHz<\/p>\n","protected":false},"excerpt":{"rendered":"<p>3m, Cat7, RJ-45\/RJ-45, male\/male, S\/FTP, 24 AWG, 600MHz, Grau<\/p>\n","protected":false},"featured_media":20006439,"comment_status":"open","ping_status":"closed","template":"","meta":{"spay_email":""},"_links":{"self":[{"href":"http:\/\/test.s385-fair4host.http-s.de\/index.php\/wp-json\/wp\/v2\/product\/20006438"}],"collection":[{"href":"http:\/\/test.s385-fair4host.http-s.de\/index.php\/wp-json\/wp\/v2\/product"}],"about":[{"href":"http:\/\/test.s385-fair4host.http-s.de\/index.php\/wp-json\/wp\/v2\/types\/product"}],"replies":[{"embeddable":true,"href":"http:\/\/test.s385-fair4host.http-s.de\/index.php\/wp-json\/wp\/v2\/comments?post=20006438"}],"wp:featuredmedia":[{"embeddable":true,"href":"http:\/\/test.s385-fair4host.http-s.de\/index.php\/wp-json\/wp\/v2\/media\/20006439"}],"wp:attachment":[{"href":"http:\/\/test.s385-fair4host.http-s.de\/index.php\/wp-json\/wp\/v2\/media?parent=20006438"}],"curies":[{"name":"wp","href":"https:\/\/api.w.org\/{rel}","templated":true}]}}