{"id":20006436,"date":"2021-01-07T20:42:47","date_gmt":"2021-01-07T19:42:47","guid":{"rendered":"http:\/\/test.s385-fair4host.http-s.de\/index.php\/produkt\/v7-cat7-kabel-foliengeschirmt-sftp-rj45-m-rj45-m-schwarz-1m-3-3ft\/"},"modified":"2021-01-07T20:42:47","modified_gmt":"2021-01-07T19:42:47","slug":"v7-cat7-kabel-foliengeschirmt-sftp-rj45-m-rj45-m-schwarz-1m-3-3ft","status":"publish","type":"product","link":"http:\/\/test.s385-fair4host.http-s.de\/index.php\/produkt\/v7-cat7-kabel-foliengeschirmt-sftp-rj45-m-rj45-m-schwarz-1m-3-3ft\/","title":{"rendered":"V7 Cat7 Kabel, foliengeschirmt (SFTP) RJ45 (m)\/RJ45 (m), schwarz 1m 3.3ft"},"content":{"rendered":"<p>Warum V7 Kabel? Auswahl &#8211; W\u00e4hlen Sie aus einer umfangreichen Palette an L\u00e4ngen- und Farboptionen. Preis &#8211; V7 Kabel bieten ein unschlagbar g\u00fcnstiges Preis-Leistungsverh\u00e4ltnis in bester Markenqualit\u00e4t. Zuverl\u00e4ssigkeit &#8211; Strenge Produktionskontrollen gew\u00e4hrleisten eine erstklassige Qualit\u00e4t. Garantie &#8211; V7 Produkte bieten eine lebenslange Garantie gegen Material- oder Herstellungsfehler und gew\u00e4hrleisten eine sorgenfreie Verwendung.<\/p>\n","protected":false},"excerpt":{"rendered":"<p>Cat7 Kabel, foliengeschirmt (SFTP) RJ45 (m)\/RJ45 (m), schwarz 1m 3.3ft<\/p>\n","protected":false},"featured_media":20006437,"comment_status":"open","ping_status":"closed","template":"","meta":{"spay_email":""},"_links":{"self":[{"href":"http:\/\/test.s385-fair4host.http-s.de\/index.php\/wp-json\/wp\/v2\/product\/20006436"}],"collection":[{"href":"http:\/\/test.s385-fair4host.http-s.de\/index.php\/wp-json\/wp\/v2\/product"}],"about":[{"href":"http:\/\/test.s385-fair4host.http-s.de\/index.php\/wp-json\/wp\/v2\/types\/product"}],"replies":[{"embeddable":true,"href":"http:\/\/test.s385-fair4host.http-s.de\/index.php\/wp-json\/wp\/v2\/comments?post=20006436"}],"wp:featuredmedia":[{"embeddable":true,"href":"http:\/\/test.s385-fair4host.http-s.de\/index.php\/wp-json\/wp\/v2\/media\/20006437"}],"wp:attachment":[{"href":"http:\/\/test.s385-fair4host.http-s.de\/index.php\/wp-json\/wp\/v2\/media?parent=20006436"}],"curies":[{"name":"wp","href":"https:\/\/api.w.org\/{rel}","templated":true}]}}