{"id":20006432,"date":"2021-01-07T20:42:44","date_gmt":"2021-01-07T19:42:44","guid":{"rendered":"http:\/\/test.s385-fair4host.http-s.de\/index.php\/produkt\/v7-mlt-d111s-els-1-stuecke-schwarz\/"},"modified":"2021-01-07T20:42:44","modified_gmt":"2021-01-07T19:42:44","slug":"v7-mlt-d111s-els-1-stuecke-schwarz","status":"publish","type":"product","link":"http:\/\/test.s385-fair4host.http-s.de\/index.php\/produkt\/v7-mlt-d111s-els-1-stuecke-schwarz\/","title":{"rendered":"V7 MLT-D111S\/ELS 1 St\u00fcck(e) Schwarz"},"content":{"rendered":"<p><b>Bew\u00e4hrte Leistung und Qualit\u00e4t &#8211; Signifikante Kosteneinsparungen<\/b><\/p>\n<p>V7 Patronen werden unterst\u00fctzt von mehr als 40 Jahren von High-Performance-Erfahrung in der Herstellung von ISO 9000 \/ ISO 14001 zertifiziert state-of-the-art Einrichtungen. Tonern und Schl\u00fcsselkomponenten sind sorgf\u00e4ltig ausgew\u00e4hlt, angepasst und f\u00fcr eine optimale Systemleistung \u00fcberpr\u00fcft , bevor ein Entwurf bis zur Produktion freigegeben wird.<\/p>\n<p>Nach der Endmontage jede Patrone in Ger\u00e4ten wie dem Ihren getestet wird vor dem Verpacken. Die hochfeste Kartons mit Schutzeinlagen eine sichere Ankunft aus unserem Lager an Ihren Lieferort gew\u00e4hrleisten. Jede Box enth\u00e4lt einfach zu folgen bebilderter Installationsanleitung .<\/p>\n<p>Mit unseren Ersatztonerkartuschen , Sie helfen auch, indem sie wiederverwendbar , nicht biologisch abbaubare Materialien aus Deponien, die Umwelt zu sch\u00fczen.<\/p>\n<p>&#8211; Gebaut, um OEM-Spezifikationen &#8211; mit einer ausbeute von bis zu 1000 seiten<br \/>&#8211; Ersatz f\u00fcr OEM-Patrone Teilenummer MLT-D111S\/ELS<br \/>&#8211; Passend f\u00fcr Druckermodelle Xpress M 2020, Xpress M 2020 W, Xpress M 2021, Xpress M 2021 W, Xpress M 2022, Xpress M 2022 W, Xpress M 2070, Xpress M 2070 F, Xpress M 2070 FW, Xpress M 2070 W, Xpress M 2071 FH, Xpress M 2071 FW, Xpress M 2071 HW, Xpress M 2071 W<br \/>&#8211; Umweltfreundlich , w\u00e4hrend leicht auf den Haushalt ohne Abstriche an der Qualit\u00e4t!<\/p>\n","protected":false},"excerpt":{"rendered":"<p>Color Laser Toner f\u00fcr ausgew\u00e4hlte Samsung-Drucker &#8211; Ersetzt MLT-D111S\/ELS<\/p>\n","protected":false},"featured_media":20006433,"comment_status":"open","ping_status":"closed","template":"","meta":{"spay_email":""},"_links":{"self":[{"href":"http:\/\/test.s385-fair4host.http-s.de\/index.php\/wp-json\/wp\/v2\/product\/20006432"}],"collection":[{"href":"http:\/\/test.s385-fair4host.http-s.de\/index.php\/wp-json\/wp\/v2\/product"}],"about":[{"href":"http:\/\/test.s385-fair4host.http-s.de\/index.php\/wp-json\/wp\/v2\/types\/product"}],"replies":[{"embeddable":true,"href":"http:\/\/test.s385-fair4host.http-s.de\/index.php\/wp-json\/wp\/v2\/comments?post=20006432"}],"wp:featuredmedia":[{"embeddable":true,"href":"http:\/\/test.s385-fair4host.http-s.de\/index.php\/wp-json\/wp\/v2\/media\/20006433"}],"wp:attachment":[{"href":"http:\/\/test.s385-fair4host.http-s.de\/index.php\/wp-json\/wp\/v2\/media?parent=20006432"}],"curies":[{"name":"wp","href":"https:\/\/api.w.org\/{rel}","templated":true}]}}