{"id":20006426,"date":"2021-01-07T20:42:40","date_gmt":"2021-01-07T19:42:40","guid":{"rendered":"http:\/\/test.s385-fair4host.http-s.de\/index.php\/produkt\/asus-bc-12d2ht-optisches-laufwerk-eingebaut-blu-ray-dvd-combo-schwarz\/"},"modified":"2021-01-07T20:42:40","modified_gmt":"2021-01-07T19:42:40","slug":"asus-bc-12d2ht-optisches-laufwerk-eingebaut-blu-ray-dvd-combo-schwarz","status":"publish","type":"product","link":"http:\/\/test.s385-fair4host.http-s.de\/index.php\/produkt\/asus-bc-12d2ht-optisches-laufwerk-eingebaut-blu-ray-dvd-combo-schwarz\/","title":{"rendered":"ASUS BC-12D2HT Optisches Laufwerk Eingebaut Blu-Ray DVD Combo Schwarz"},"content":{"rendered":"<p>Das ASUS BC-12D2HT ist ein leistungsstarkes und energiesparendes Blu-ray-Disk-Laufwerk. Es liest Daten von BD (Blu-ray Disc) mit 12-facher Geschwindigkeit und kann DVD\u00b1R-Medien mit 16-facher Geschwindigkeit schreiben.<\/p>\n<p>Dank der M-Disc-Unterst\u00fctzung kann der Nutzer pers\u00f6nliche Erinnerungen und andere Daten bis zu 1.000 Jahre lang sichern. F\u00fcr die Datensicherheit von Informationen und Dokumenten ist das ASUS BC-12D2HT gleich mit zwei Sicherheitsma\u00dfnahmen ausgestattet und bietet neben der Passwort-Kontrolle auch eine Funktion f\u00fcr die Verschl\u00fcsselung von Dateinamen.<\/p>\n<p><b>Speicherl\u00f6sung f\u00fcr bis zu 1.000 Jahre<\/b><br \/>Pers\u00f6nliche Erinnerungen sowie sonstige Daten k\u00f6nnen dank M-Disk-Unterst\u00fctzung bis zu 1.000 Jahre lang gesichert werden.<\/p>\n<p><b>BDXL\u2122-Unterst\u00fctzung<br \/>Datentr\u00e4ger-Format mit maximalem Speicherplatz<\/b><br \/>BDXL, die Zukunft der optischen Speicherl\u00f6sungen, bietet einen enormen Speicherplatz von bis zu 128GB pro Datentr\u00e4ger!<\/p>\n<p><b>E-Green<br \/>Energiesparendes Laufwerk<\/b><br \/>Der energiesparende Ruhemodus reduziert die Laufwerkt\u00e4tigkeiten und senkt somit den Stromverbrauch um bis zu 50%.<\/p>\n<p><b>Disc Encryption<br \/>Doppelte Sicherheit f\u00fcr sensible Daten<\/b><br \/>Die Disc Encryption-Funktion bietet eine doppelte Absicherung der zu sch\u00fctzenden Daten. Sie kann die gesamte Disc oder auch nur einzelne Teile davon mit einem Passwort sch\u00fctzen und bietet die M\u00f6glichkeit Dateinamen zu verschl\u00fcsseln.<\/p>\n<p><b>Drag-and-Burn<br \/>Nur 3 Schritte, um einen Brennvorgang abzuschlie\u00dfen<\/b><br \/>Mit der Drag-and-Burn-Funktion k\u00f6nnen m\u00fchelos Datentr\u00e4ger kopiert und Dateien gebrannt werden. Ein neuer Datentr\u00e4ger kann in nur 3 einfachen Schritten erstellt werden. Per Drag-and-Drop lassen sich die zu brennenden Dateien einfach auf die Oberfl\u00e4che der Software ziehen. Danach l\u00e4sst sich der Brennvorgang mit einem einfachen Klick auf die \u201eBrennen\u201c-Schaltfl\u00e4che starten. <\/p>\n<p><b>Innovative Brennfunktion<br \/>Optimale Brennqualit\u00e4t<\/b><br \/>Dank dem intelligenten Laufwerk-Management wird vor dem eigentlichen Brennvorgang ein Test durchgef\u00fchrt, \u00fcber den die optimale Brennmethode ermittelt wird. Auf diese Weise werden Daten immer in der besten Qualit\u00e4t gebrannt.<\/p>\n<p><b>Magic Cinema 3D (nur im PRO-Paket)<br \/>Atemberaubendes 3D-Blu-ray-Erlebnis<\/b><br \/>Mit der Magic Cinema-Technologie lassen sich Blu-ray-Discs in atemberaubendem 3D erleben. Zudem k\u00f6nnen auch Inhalte in 2D schnell und einfach in 3D umgewandelt werden.<\/p>\n<p><b>Magic Cinema Dolby\u00ae und DTS\u00ae (nur im PRO-Paket)<br \/>Unvergleichliches Klangerlebnis<\/b><br \/>Mit Dolby Digital\u00ae und DTS HD\u00ae erlebt der Nutzer einen wahrhaft beeindruckenden Surround-Sound.<\/p>\n","protected":false},"excerpt":{"rendered":"<p>Blu-Ray Combo, 150\/160\/180 ms, CD 48x, DVD16x, BD 12x, SATA, 80\/120 mm, 680 g<\/p>\n","protected":false},"featured_media":20006427,"comment_status":"open","ping_status":"closed","template":"","meta":{"spay_email":""},"_links":{"self":[{"href":"http:\/\/test.s385-fair4host.http-s.de\/index.php\/wp-json\/wp\/v2\/product\/20006426"}],"collection":[{"href":"http:\/\/test.s385-fair4host.http-s.de\/index.php\/wp-json\/wp\/v2\/product"}],"about":[{"href":"http:\/\/test.s385-fair4host.http-s.de\/index.php\/wp-json\/wp\/v2\/types\/product"}],"replies":[{"embeddable":true,"href":"http:\/\/test.s385-fair4host.http-s.de\/index.php\/wp-json\/wp\/v2\/comments?post=20006426"}],"wp:featuredmedia":[{"embeddable":true,"href":"http:\/\/test.s385-fair4host.http-s.de\/index.php\/wp-json\/wp\/v2\/media\/20006427"}],"wp:attachment":[{"href":"http:\/\/test.s385-fair4host.http-s.de\/index.php\/wp-json\/wp\/v2\/media?parent=20006426"}],"curies":[{"name":"wp","href":"https:\/\/api.w.org\/{rel}","templated":true}]}}