{"id":20006424,"date":"2021-01-07T20:42:39","date_gmt":"2021-01-07T19:42:39","guid":{"rendered":"http:\/\/test.s385-fair4host.http-s.de\/index.php\/produkt\/asus-cerberus-maus-beidhaendig-usb-typ-a-optisch-2500-dpi\/"},"modified":"2021-01-07T20:42:39","modified_gmt":"2021-01-07T19:42:39","slug":"asus-cerberus-maus-beidhaendig-usb-typ-a-optisch-2500-dpi","status":"publish","type":"product","link":"http:\/\/test.s385-fair4host.http-s.de\/index.php\/produkt\/asus-cerberus-maus-beidhaendig-usb-typ-a-optisch-2500-dpi\/","title":{"rendered":"ASUS Cerberus Maus Beidh\u00e4ndig USB Typ-A Optisch 2500 DPI"},"content":{"rendered":"<p><b>Schnelle DPI-Einstellung mit LED-Farbanzeige<\/b><br \/>Eine DPI-Taste erm\u00f6glicht das unmittelbare Wechseln zwischen vier anpassbaren Empfindlichkeitsstufen, sodass der Spieler in normalen Gaming-Szenarien die optimale Geschwindigkeit und die ultimative Pr\u00e4zision erh\u00e4lt, wenn es darauf ankommt, beispielsweise beim genauen Zielen. Eine praktische LED-Farbanzeige zeigt die aktuelle Empfindlichkeitsstufe mit einem Blick an.<\/p>\n<p><b>Stylishes, beidh\u00e4ndiges Design<\/b><br \/>Die Cerberus Gaming-Maus wurde entwickelt f\u00fcr den optimalen Griff von sowohl rechts- als auch linksh\u00e4ndigen Spielern sowie jede Art von Griffhaltung und bietet somit ein komfortables Gaming-Erlebnis mit vollst\u00e4ndiger Kontrolle.<\/p>\n<p><b>Optimierte Seitengriffe aus Gummi<\/b><br \/>Die Cerberus Gaming-Maus verf\u00fcgt \u00fcber optimierte Seitengriffe aus Gummi, welche k\u00fchl bleiben und das Abrutschen aufgrund schwitziger H\u00e4nde reduzieren, sodass der Spieler auch bei anspruchsvoller Gaming-Action immer am Ball bleiben kann.<\/p>\n","protected":false},"excerpt":{"rendered":"<p>Optical, 2500 DPI, Wired<\/p>\n","protected":false},"featured_media":20006425,"comment_status":"open","ping_status":"closed","template":"","meta":{"spay_email":""},"_links":{"self":[{"href":"http:\/\/test.s385-fair4host.http-s.de\/index.php\/wp-json\/wp\/v2\/product\/20006424"}],"collection":[{"href":"http:\/\/test.s385-fair4host.http-s.de\/index.php\/wp-json\/wp\/v2\/product"}],"about":[{"href":"http:\/\/test.s385-fair4host.http-s.de\/index.php\/wp-json\/wp\/v2\/types\/product"}],"replies":[{"embeddable":true,"href":"http:\/\/test.s385-fair4host.http-s.de\/index.php\/wp-json\/wp\/v2\/comments?post=20006424"}],"wp:featuredmedia":[{"embeddable":true,"href":"http:\/\/test.s385-fair4host.http-s.de\/index.php\/wp-json\/wp\/v2\/media\/20006425"}],"wp:attachment":[{"href":"http:\/\/test.s385-fair4host.http-s.de\/index.php\/wp-json\/wp\/v2\/media?parent=20006424"}],"curies":[{"name":"wp","href":"https:\/\/api.w.org\/{rel}","templated":true}]}}