{"id":20006422,"date":"2021-01-07T20:42:38","date_gmt":"2021-01-07T19:42:38","guid":{"rendered":"http:\/\/test.s385-fair4host.http-s.de\/index.php\/produkt\/asus-bw-16d1h-u-pro-optisches-laufwerk-blu-ray-dvd-combo-schwarz\/"},"modified":"2021-01-07T20:42:38","modified_gmt":"2021-01-07T19:42:38","slug":"asus-bw-16d1h-u-pro-optisches-laufwerk-blu-ray-dvd-combo-schwarz","status":"publish","type":"product","link":"http:\/\/test.s385-fair4host.http-s.de\/index.php\/produkt\/asus-bw-16d1h-u-pro-optisches-laufwerk-blu-ray-dvd-combo-schwarz\/","title":{"rendered":"ASUS BW-16D1H-U PRO Optisches Laufwerk Blu-Ray DVD Combo Schwarz"},"content":{"rendered":"<p><b>DIE LANGLEBIGSTE L\u00d6SUNG, UM DATEN ZU SPEICHERN<\/b><br \/>M-Disc Unterst\u00fctzung<br \/>Pers\u00f6nliche Erinnerungen sowie sonstige Daten k\u00f6nnen dank M-Disk-Unterst\u00fctzung bis zu 1.000 Jahre lang gesichert werden.<\/p>\n<p><b>DER OPTIMALE WEG, UM DEN SCHUTZ DER DATEN SICHERZUSTELLEN<\/b><br \/>Disc Encryption<br \/>Die Disc Encryption-Funktion bietet eine doppelte Absicherung der zu sch\u00fctzenden Daten. Sie kann die gesamte Disc oder auch nur einzelne Teile davon mit einem Passwort sch\u00fctzen und bietet die M\u00f6glichkeit Dateinamen zu verschl\u00fcsseln.<\/p>\n<p><b>PROFESSIONELLE BACKUP-SOFTWARE<\/b><br \/>Power Backup<br \/>Mit dem automatischen Backup-Zeitplaner sowie der Datenarchivierung bietet Power Backup eine der besten Datensicherungsl\u00f6sungen.<\/p>\n<p><b>MAGIC CINEMA<\/b><br \/>Atemberaubende 3D-Blu-rays erleben<br \/>Mit der Magic Cinema-Technologie lassen sich Blu-ray-Discs in atemberaubendem 3D erleben. Zudem k\u00f6nnen auch Inhalte in 2D schnell und einfach in 3D umgewandelt werden.<\/p>\n<p><b>Unvergleichliches Klangerlebnis<\/b><br \/>Mit Dolby Digital\u00ae und DTS HD\u00ae erlebt der Nutzer einen wahrhaft beeindruckenden Surround-Sound.<\/p>\n<p><b>ERBESSERT DIE PRODUKTIVIT\u00c4T UND EFFIZIENZ<\/b><br \/>Extrem schnelle Schreibgeschwindigkeit<br \/>Dank der extrem schnellen 16-fachen Schreibgeschwindigkeit dauert es nur 8 Minuten, ein Backup von 25GB an Daten zu erstellen.<\/p>\n<p><b>BESCHLEUNIGUNG DER SCHREIBGESCHWINDIGKEIT<\/b><br \/>Super-Speed USB 3.0<br \/>Mit USB 3.0 k\u00f6nnen Daten bis zu zehnmal schneller \u00fcbertragen werden als mit USB 2.0.<\/p>\n","protected":false},"excerpt":{"rendered":"<p>BD\/DVD\/CD, 12cm\/8cm, USB 2.0\/USB 3.0, 243 x 165 x 63 mm, 1160 g, swarz<\/p>\n","protected":false},"featured_media":20006423,"comment_status":"open","ping_status":"closed","template":"","meta":{"spay_email":""},"_links":{"self":[{"href":"http:\/\/test.s385-fair4host.http-s.de\/index.php\/wp-json\/wp\/v2\/product\/20006422"}],"collection":[{"href":"http:\/\/test.s385-fair4host.http-s.de\/index.php\/wp-json\/wp\/v2\/product"}],"about":[{"href":"http:\/\/test.s385-fair4host.http-s.de\/index.php\/wp-json\/wp\/v2\/types\/product"}],"replies":[{"embeddable":true,"href":"http:\/\/test.s385-fair4host.http-s.de\/index.php\/wp-json\/wp\/v2\/comments?post=20006422"}],"wp:featuredmedia":[{"embeddable":true,"href":"http:\/\/test.s385-fair4host.http-s.de\/index.php\/wp-json\/wp\/v2\/media\/20006423"}],"wp:attachment":[{"href":"http:\/\/test.s385-fair4host.http-s.de\/index.php\/wp-json\/wp\/v2\/media?parent=20006422"}],"curies":[{"name":"wp","href":"https:\/\/api.w.org\/{rel}","templated":true}]}}