{"id":20006418,"date":"2021-01-07T20:42:26","date_gmt":"2021-01-07T19:42:26","guid":{"rendered":"http:\/\/test.s385-fair4host.http-s.de\/index.php\/produkt\/asus-rog-gm50-schwarz-rot\/"},"modified":"2021-01-07T20:42:26","modified_gmt":"2021-01-07T19:42:26","slug":"asus-rog-gm50-schwarz-rot","status":"publish","type":"product","link":"http:\/\/test.s385-fair4host.http-s.de\/index.php\/produkt\/asus-rog-gm50-schwarz-rot\/","title":{"rendered":"ASUS ROG GM50 Schwarz, Rot"},"content":{"rendered":"<p>Das ROG GM50 Mauspad besteht aus speziell gewebtem Premium-Material mit einer im Labor getesteten, reibungsarmen Beschichtung, um somit die Abtastung von optischen und Laser-M\u00e4usen zu optimieren. Mit einer H\u00f6he von 3,5mm ist es vor allem auf die Bed\u00fcrfnisse von Spielern zugeschnitten. Au\u00dferdem ist es mit einer rutschfesten Unterseite aus Gummi ausgestattet, so dass das Mauspad auf jeder Oberfl\u00e4che h\u00e4lt. Das ASUS GM50 ist in den klassischen ROG-Farben gehalten und besitzt ein einzigartiges, polygonales Design, das Ausfransen verhindert. Die zus\u00e4tzliche Kabelschlaufe sorgt daf\u00fcr, dass sich das Kabel der Maus im Eifer des Gefechts nicht mehr verheddert. Die mehrschichtige, antibakterielle Beschichtung beseitigt zudem bis zu 99,9% aller Bakterien.<\/p>\n<p><b>Oberfl\u00e4che<\/b><br \/><b>Das optimale Gaming-Mauspad<\/b><br \/><b>1. Optimiert die Abtastung und Pr\u00e4zision von Maus-Sensoren<\/b><br \/>Das speziell gewebte Material mit parallelen Rillen verbessert die Abtastung und Pr\u00e4zision der Maus.<\/p>\n<p><b>2. Reibungsarme Oberfl\u00e4che<\/b><br \/>Das Premium-Material bietet eine extrem reibungsarme Oberfl\u00e4che f\u00fcr eine besonders fl\u00fcssige Maussteuerung.<\/p>\n<p><b>Unterseite<\/b><br \/><b>Design f\u00fcr besonders lange Gaming-Sessions<\/b><br \/><b>1. Rutschfeste Unterseite<\/b><br \/>Qualitativ hochwertige und extrem rutschfeste Unterseite aus Gummi garantiert auf jeder Oberfl\u00e4che optimalen Halt (Reibungskoeffizient = 0,7).<\/p>\n<p><b>2. Erh\u00f6hter Komfort<\/b><br \/>3,5 mm dickes Design polstert die H\u00e4nde ohne die Maussteuerung zu beeintr\u00e4chtigen.<\/p>\n<p><b>Kanten<\/b><br \/><b>Rundherum ROG<\/b><br \/><b>1. Einzigartiges polygonales Kanten-Design<\/b><br \/>In Anlehnung an das ROG-Logo<\/p>\n<p><b>2. Langlebige Einfassung ohne Ausfransen<\/b><br \/>Um das rote und schwarze Farbschema der ROG beizubehalten, wurde das ASUS GM50 mit rotem Garn eingefasst. Die spezielle Verarbeitungsmethode verhindert Ausfransen mit einer Dichte von 11 Stichen\/cm\u00b2, sowohl auf der Ober- als auch auf der Unterseite.<\/p>\n<p><b>Einzigartiges Design<\/b><br \/><b>Intelligentes Design f\u00fcr den Sieg<\/b><br \/><b>1. Klassische ROG-Farben<\/b><br \/>Klassische ROG-Farben und ROG-Logo<\/p>\n<p><b>2. Kabelschlaufe<\/b><br \/>Verhindert das Verheddern des Mauskabels<\/p>\n","protected":false},"excerpt":{"rendered":"<p>Wrist Band, Rubber\/Silicone, Schwarz<\/p>\n","protected":false},"featured_media":20006419,"comment_status":"open","ping_status":"closed","template":"","meta":{"spay_email":""},"_links":{"self":[{"href":"http:\/\/test.s385-fair4host.http-s.de\/index.php\/wp-json\/wp\/v2\/product\/20006418"}],"collection":[{"href":"http:\/\/test.s385-fair4host.http-s.de\/index.php\/wp-json\/wp\/v2\/product"}],"about":[{"href":"http:\/\/test.s385-fair4host.http-s.de\/index.php\/wp-json\/wp\/v2\/types\/product"}],"replies":[{"embeddable":true,"href":"http:\/\/test.s385-fair4host.http-s.de\/index.php\/wp-json\/wp\/v2\/comments?post=20006418"}],"wp:featuredmedia":[{"embeddable":true,"href":"http:\/\/test.s385-fair4host.http-s.de\/index.php\/wp-json\/wp\/v2\/media\/20006419"}],"wp:attachment":[{"href":"http:\/\/test.s385-fair4host.http-s.de\/index.php\/wp-json\/wp\/v2\/media?parent=20006418"}],"curies":[{"name":"wp","href":"https:\/\/api.w.org\/{rel}","templated":true}]}}