{"id":20006398,"date":"2021-01-07T20:42:02","date_gmt":"2021-01-07T19:42:02","guid":{"rendered":"http:\/\/test.s385-fair4host.http-s.de\/index.php\/produkt\/asus-prime-a320m-e-amd-a320-socket-am4-micro-atx\/"},"modified":"2021-01-07T20:42:02","modified_gmt":"2021-01-07T19:42:02","slug":"asus-prime-a320m-e-amd-a320-socket-am4-micro-atx","status":"publish","type":"product","link":"http:\/\/test.s385-fair4host.http-s.de\/index.php\/produkt\/asus-prime-a320m-e-amd-a320-socket-am4-micro-atx\/","title":{"rendered":"ASUS PRIME A320M-E AMD A320 Socket AM4 micro ATX"},"content":{"rendered":"<p>ASUS Prime ist die n\u00e4chste Entwicklungsstufe der ASUS-Mainboards, deren Geschichte bis in das Jahr 1989 zur\u00fcckreicht. Unser Team von Weltklasse-Ingenieuren arbeitet mit Leidenschaft daran, die Vorz\u00fcge von Personalisierung und Leistungsoptimierung f\u00fcr Jedermann zur Verf\u00fcgung zu stellen. Die treibende Kraft hinter der Entwicklung der Prime-Serie ist es, die erweiterten Profi-Einstellungen einfach zug\u00e4nglich zu machen \u2013 f\u00fcr maximale Leistung, Stabilit\u00e4t und ein optimales Ergebnis beim PC-Selbstbau. Einfach ausgedr\u00fcckt: Es ist Zeit f\u00fcr Prime<\/p>\n<p><b>Extrem langlebig<\/b><br \/>ASUS ist der weltweit f\u00fchrende Mainboard-Hersteller und bekannt f\u00fcr eine einzigartige Herangehensweise beim Designprozess. Unsere umfangreichen Tests \u00fcbertreffen die Industriestandards, w\u00e4hrend die hohe Qualit\u00e4t der Komponenten in der Praxis f\u00fcr einen au\u00dfergew\u00f6hnlichen Schutz sorgt. Unsere Mainboards haben ihre Kompatibilit\u00e4t mit mehr als 1.000 Komponenten und Ger\u00e4ten unter Beweis gestellt und jedes neue Modell absolviert mindestens 8.000 Pr\u00fcfstunden. Somit ist sichergestellt, dass das Mainboard f\u00fcr alle Umgebungen und Anwendungen geeignet ist. Die Entscheidung f\u00fcr ASUS gibt dem Nutzer die Freiheit, aus herausragenden Komponenten auszuw\u00e4hlen und sorgt f\u00fcr einen stressfreien PC-Eigenbau.<\/p>\n<p>Die Prime-A320-Mainboards werden mit dem branchenf\u00fchrenden 5X-Protection-III-Konzept gefertigt, bei dem ausschlie\u00dflich hochwertige Komponenten, ein hervorragendes Schaltdesign sowie h\u00f6chste Standards zum Einsatz kommen, um eine hohe Qualit\u00e4t und Langlebigkeit des Mainboards gew\u00e4hrleisten zu k\u00f6nnen. Dies bedeutet au\u00dfergew\u00f6hnlichen Schutz und h\u00f6chste Stabilit\u00e4t f\u00fcr das System \u2013 dank der jahrzehntelangen Erfahrung des weltweit f\u00fchrenden Herstellers in Sachen Mainboard-Entwicklung.<\/p>\n<p><b>SafeSlot Core<\/b><br \/>Der verst\u00e4rkte PCIe-Steckplatz verhindert Sch\u00e4den<br \/>SafeSlot Core ist der exklusive ASUS-PCIe-Steckplatz. Safeslot Core verf\u00fcgt \u00fcber ein verst\u00e4rktes Design, das mit einem speziellen Haken am Mainboard verankert ist. Es bietet im Vergleich zu Standard-Erweiterungssteckpl\u00e4tzen einen 1,6-fach st\u00e4rkeren Halt sowie einen 1,3-fach h\u00f6heren Schutz gegen Verbiegen.<\/p>\n<p><b>LANGuard<\/b><br \/>Mehr Durchsatz. 2,5-fach h\u00f6here Toleranz gegen Spannungsspitzen.<br \/>ASUS LANGuard sorgt f\u00fcr ein abgesichertes Netzwerk auf Hardware-Ebene durch den Einsatz einer Technologie zur Signalkopplung sowie hochwertige, gegen elektromagnetische Interferenzen (EMI) geschirmte Kondensatoren auf dem Mainboard. Somit werden eine zuverl\u00e4ssigere Netzwerkverbindung und ein h\u00f6herer Datendurchsatz gew\u00e4hrleistet. Die Komponenten sind zudem gegen elektrostatische Entladungen und Spannungsspitzen gesch\u00fctzt.<\/p>\n<p><b>Schutz gegen\u00dcberspannung<\/b><br \/>Erstklassiges Schaltkreis-Konzept zum Schutz vor \u00dcberspannung<br \/>Das exklusive Schaltkreis-Design mit integrierten Spannungsreglern sch\u00fctzt den Chipsatz, die Anschl\u00fcsse f\u00fcr externe Ger\u00e4te sowie die Audiokomponenten vor Besch\u00e4digungen durch unerwartet hohe Spannungsspitzen aufgrund einer schwankenden oder unzureichenden Stromversorgung.<\/p>\n<p><b>DIGI+ VRM<\/b><br \/>Pr\u00e4zise Steuerung f\u00fcr stabile Stromversorgung<br \/>Die exklusive DIGI+ VRM-Technologie von ASUS erkennt intelligent und in Echtzeit die jeweiligen Leistungsanforderungen des Prozessors und versorgt diesen entsprechend mit Strom. Somit wird der Stromverbrauch verringert und die Systemstabilit\u00e4t verbessert.<\/p>\n<p><b>\u00dcberstromschutz f\u00fcr den Arbeitsspeicher<\/b><br \/>Schutz vor Sch\u00e4den durch Kurzschl\u00fcsse<br \/>Die selbstr\u00fcckstellenden Sicherungen auf dem Mainboard verhindern Sch\u00e4den durch \u00dcberstr\u00f6me und Kurzschl\u00fcsse. Der Schutz reicht von den Anschl\u00fcssen bis zu den Arbeitsspeicher-Modulen, um sowohl das System als auch angeschlossene Ger\u00e4te vor Sch\u00e4den zu bewahren.<\/p>\n<p><b>Anschlussblende aus Edelstahl<\/b><br \/>Dreifacher Korrosionsschutz f\u00fcr l\u00e4ngere Haltbarkeit<br \/>Die mit einer Chromoxidschicht versehenen Edelstahl-Anschlussblenden sind korrosionsbest\u00e4ndig und besitzen im Vergleich zu herk\u00f6mmlichen Blenden die dreifache Lebensdauer.<br \/>* Die technischen Daten und Ausstattungsmerkmale variieren je nach Modell, und alle Abbildungen sind illustrativ. Weitere Informationen finden Sie auf den Spezifikationsseiten.<\/p>\n<p><b>ESD-Guards<\/b><br \/>Schutz vor elektrostatischer Entladung<br \/>Die ESD-Guards von ASUS sch\u00fctzen vor Sch\u00e4den durch elektrostatischer Entladung und k\u00f6nnen Entladungen von bis zu +\/-10 kV \u00fcber die Luft, sowie +\/6kV bei direktem Kontakt ableiten. Dazu verwenden wir eine aktive Schutzschaltung, welche die Lebensdauer der Komponenten erh\u00f6ht.<\/p>\n<p><b>Gepr\u00fcfte Kompatibilit\u00e4t<\/b><br \/>Auf Kompatibilit\u00e4t mit mehr als 1.000 CPUs, DDR4-Speichermodulen, Grafikkarten und anderen Komponenten getestet<br \/>Die Komponenten f\u00fcr den eigenen PC frei ausw\u00e4hlen zu k\u00f6nnen, ist ein wesentlicher Vorteil des PC-Eigenbaus. Unser umfassendes Zertifizierungsprogramm zielt auf maximale Kompatibilit\u00e4t mit einer m\u00f6glichst gro\u00dfen Zahl von Komponenten und Ger\u00e4ten ab, damit der PC ohne frustrierende Kompatibilit\u00e4tsprobleme zusammengestellt und aufger\u00fcstet werden kann. Kompatibilit\u00e4t heute und bis weit in die Zukunft \u2013 daf\u00fcr steht ASUS.<\/p>\n<p><b>Umfassende Liste unterst\u00fctzter Ger\u00e4te<\/b><br \/>Die Liste unterst\u00fctzter Ger\u00e4te und qualifizierter Hersteller f\u00fcr kompatiblen Speicher ansehen<br \/>Belegt wird die \u00fcberragende Kompatibilit\u00e4t des Prime A320 durch unsere umfangreiche Liste von unterst\u00fctzten Ger\u00e4ten \u2013 mit tausenden kompatiblen Komponenten \u2013 und mit der Liste unserer qualifizierten H\u00e4ndler, welche die Speicherkompatibilit\u00e4t angibt. Das bedeutet noch mehr Auswahl f\u00fcr einen sorgenfreien Selbstbau-PC.<\/p>\n<p><b>Hervorragende Kompatibilit\u00e4t mit ASUS-Produkten<\/b><br \/>ASUS bietet ein umfassendes Komponentenportfolio \u2013 Grafikkarten, Soundkarten, optische Laufwerke \u2013 welches die Prime-A320-Serie perfekt erg\u00e4nzen und sich gemeinsam mit dem Mainboard zu einem kompletten Eigenbau-PC zusammenf\u00fcgen!<\/p>\n<p><b>Zuverl\u00e4ssigkeit auf der ganzen Linie<\/b><br \/>ASUS-Mainboards zeichnen sich durch exzellente Haltbarkeit aus. Dies wird von uns sichergestellt, indem wir jedes Board mehr als 8.000 Stunden an strengen Tests durchlaufen lassen. Eine F\u00fclle von Stabilit\u00e4ts-, Umwelt-, Kompatibilit\u00e4ts-, Software- und Sicherheitstests gew\u00e4hrleistet, dass unsere Mainboards au\u00dfergew\u00f6hnlich robust sind. Es zeigt auch, dass die Zuverl\u00e4ssigkeit der ASUS-Produkte die Industriestandards \u00fcbertrifft und jede Komponente garantiert in jeder Umgebung einwandfrei funktioniert.<\/p>\n<p><b>DDR4-Unterst\u00fctzung<\/b><br \/>Das Mainboard erm\u00f6glicht es, die Frequenz des DDR4-Arbeitsspeichers auf unglaubliche 3.200 MHz zu beschleunigen! ASUS arbeitet mit nahezu allen Herstellern von DDR4-Speicher zusammen, um die bestm\u00f6gliche Kompatibilit\u00e4t bieten zu k\u00f6nnen.<\/p>\n<p><b>Fan Xpert<\/b><br \/>Individuelle Steuerung f\u00fcr Prozessor- und Geh\u00e4use-L\u00fcfter<br \/>Die exklusive Fan-Xpert-Technologie sorgt daf\u00fcr, dass jeder L\u00fcfter die optimale Balance zwischen K\u00fchlleistung und geringem Betriebsger\u00e4usch erreicht. Bei den Mainboards unserer A320-Serie und ihrem hardwareseitigen 4\/3-Pin PWM\/DC-Modus f\u00fcr Geh\u00e4usel\u00fcfter reicht eine einfache Anpassung im BIOS und der Geh\u00e4usel\u00fcfter l\u00e4uft im PWM\/DC-Modus. Fan Xpert verf\u00fcgt dar\u00fcber hinaus \u00fcber den Auto-Tuning-Modus, welcher alle L\u00fcfterparameter erkennt und die Anpassung mit nur einem Klick erm\u00f6glicht.<br \/>* Spezifikationen und Funktionen k\u00f6nnen je nach Modell abweichen. Alle Bilder dienen nur der Illustration. Weitere Informationen finden Sie auf den Spezifikationsseiten.<\/p>\n<p><b>Gaming-Sound<\/b><br \/>Kombinierte Onboard-Features liefern einen hochwertigen Klang<br \/>Intelligentes Design und Premium-Hardware bieten eine bis dahin nie dagewesene Audioqualit\u00e4t!<\/p>\n<p><b>Rundum-Energieeinsparung<\/b><br \/>Energieeffizientes Design<br \/>EPU<br \/>Mit der EPU (Energy Processing Unit) l\u00e4sst sich in Echtzeit im gesamten PC-System effektiv Strom sparen. Die EPU optimiert den Energieverbrauch vollautomatisch und maximiert die Ersparnis durch den Away-Modus<\/p>\n<p><b>Ultra-schnelle \u00dcbertragungsgeschwindigkeit<\/b><\/p>\n<p>10Gbit\/s mit integrierten USB-3.1-Anschl\u00fcssen<br \/>Mit abw\u00e4rtskompatiblen USB-3.1-Typ-A-Anschl\u00fcssen bietet das Mainboard ultimative Flexibilit\u00e4t mit blitzschnellen Daten\u00fcbertragungsraten von bis zu 10Gb\/s (zweimal so schnell wie USB 3.1).<\/p>\n<p>Atemberaubende Geschwindigkeit von bis zu 32 Gbit\/s dank integriertem M.2.<br \/>Mit der Bandbreite von vier PCI Express 3.0\/2.0-Lanes unterst\u00fctzt der M.2-Standard Daten\u00fcbertragungsraten von bis zu 32 Gbit\/s. Davon profitiert insbesondere das Laufwerk, auf dem das Betriebssystem oder Anwendungen installiert sind, da so der gesamte PC und vor allem professionelle Anwendungen mit maximaler Geschwindigkeit betrieben werden k\u00f6nnen.<\/p>\n<p><b>Einfacher PC-Eigenbau<\/b><\/p>\n<p>Q-Slot<br \/>PCI Express-Komponenten schnell und einfach entfernen<br \/>Der gro\u00dfe Clip ist leicht zu erreichen und zu bedienen. Schon bei leichtem Druck auf den Q-Slot-Clip springt die Grafikkarte aus der Halterung. Damit wird die Montage und Entfernung selbst gro\u00dfer Grafikkarten zum Kinderspiel.<\/p>\n<p>Q-DIMM<br \/>Einfaches Entfernen von Speichermodulen<br \/>Selbst in einem engen Geh\u00e4use reicht ein einfaches Dr\u00fccken auf den einseitigen Clip problemlos aus, um ein RAM-Modul zu entnehmen oder einzustecken.<\/p>\n<p><b>Steuerzentrale<\/b><\/p>\n<p>Preisgekr\u00f6ntes UEFI-BIOS<br \/>Das elegante grafische UEFI-BIOS mit Maussteuerung ist jetzt noch ansprechender. Sowohl f\u00fcr PC-Einsteiger als auch f\u00fcr routinierte Overclocker gibt es wahlweise den einfachen EZ-Modus bzw. den Advanced-Modus.<\/p>\n<p><b>AI Suite 3<\/b><br \/>Direkter Zugriff auf innovative ASUS-Features<br \/>Die ASUS AI Suite 3 verf\u00fcgt \u00fcber eine \u00fcberarbeitete, \u00fcbersichtlich und ansprechend gestaltete Oberfl\u00e4che mit Unterst\u00fctzung f\u00fcr gro\u00dfe Monitore. Das Paket bietet Zugriff auf alle exklusiven ASUS-Features. Mit der Suite k\u00f6nnen Benutzer ganz einfach System\u00fcbertaktung, Stromverbrauch, L\u00fcftergeschwindigkeiten und Spannungen \u00fcberwachen. Die multifunktionale App verf\u00fcgt dabei \u00fcber verschiedenste Funktionen, die besonders einfach zu bedienen sind. Auf diese Weise muss der Benutzer nicht mehr zwischen den verschiedenen Dienstprogrammen hin- und herschalten.<\/p>\n<p><b>AMD-Prozessor- und Chipsatz-Funktionen<\/b><\/p>\n<p>Bereit f\u00fcr AMD AM4-Sockel Ryzen-Prozessoren, A-Serien-APU\u2018s der 7. Generation und Athlon APU\u2018s<br \/>Dieses Mainboard unterst\u00fctzt AMD Ryzen\u2122-Prozessoren, A-Serie Accelerated-Processing-Units (APUs) der 7. Generation und Athlon-CPUs. Der leistungsstarke Ryzen-Prozessor unterst\u00fctzt bis zu acht Kernen und baut auf der innovativen Zen-Core-Architektur auf. Die 7. Generation der APUs der A-Serie kann mit integrierten AMD-Grafikkarten der Radeon-R-Serie genutzt werden. Unterst\u00fctzt werden AMD AM4-Sockel-Prozessoren mit 2-Kanal-DDR4-Speicher, nativem 5Gbit\/s USB 3.1 Gen 1 und 16 PCI-Express\u00ae-16-Lanes f\u00fcr eine meisterhafte Performance.<\/p>\n<p>AMD-A320-Chipsatz<br \/>Der AMD A320-Chipsatz bietet au\u00dfergew\u00f6hnliches Overclocking-Potential f\u00fcr die AMD\u00ae AM4-Sockel-Prozessoren Ryzen\u2122, die 7. Generation der A-Serien-APUs und Athlon -CPUs. Zus\u00e4tzlich bietet der Chipsatz zwei USB 3.1- und vier SATA-6Gbit\/s-Schnittstellen f\u00fcr eine extrem schnelle Daten\u00fcbertragung.<\/p>\n","protected":false},"excerpt":{"rendered":"<p>AMD A320, AM4 Socket, 2x DIMM DDR4, HDMI 1.4b, DVI-D, VGA, 1x PCIe 3.0\/2.0 x16, 2x PCIe 2.0 x1, 4x SATA III, 1x M.2 M, USB 2.0\/3.1, 2x PS\/2, RJ-45, mATX, 226&#215;221 mm<\/p>\n","protected":false},"featured_media":20006399,"comment_status":"open","ping_status":"closed","template":"","meta":{"spay_email":""},"_links":{"self":[{"href":"http:\/\/test.s385-fair4host.http-s.de\/index.php\/wp-json\/wp\/v2\/product\/20006398"}],"collection":[{"href":"http:\/\/test.s385-fair4host.http-s.de\/index.php\/wp-json\/wp\/v2\/product"}],"about":[{"href":"http:\/\/test.s385-fair4host.http-s.de\/index.php\/wp-json\/wp\/v2\/types\/product"}],"replies":[{"embeddable":true,"href":"http:\/\/test.s385-fair4host.http-s.de\/index.php\/wp-json\/wp\/v2\/comments?post=20006398"}],"wp:featuredmedia":[{"embeddable":true,"href":"http:\/\/test.s385-fair4host.http-s.de\/index.php\/wp-json\/wp\/v2\/media\/20006399"}],"wp:attachment":[{"href":"http:\/\/test.s385-fair4host.http-s.de\/index.php\/wp-json\/wp\/v2\/media?parent=20006398"}],"curies":[{"name":"wp","href":"https:\/\/api.w.org\/{rel}","templated":true}]}}