{"id":20006396,"date":"2021-01-07T20:42:01","date_gmt":"2021-01-07T19:42:01","guid":{"rendered":"http:\/\/test.s385-fair4host.http-s.de\/index.php\/produkt\/asus-prime-a320m-a-amd-a320-socket-am4-micro-atx\/"},"modified":"2021-01-07T20:42:01","modified_gmt":"2021-01-07T19:42:01","slug":"asus-prime-a320m-a-amd-a320-socket-am4-micro-atx","status":"publish","type":"product","link":"http:\/\/test.s385-fair4host.http-s.de\/index.php\/produkt\/asus-prime-a320m-a-amd-a320-socket-am4-micro-atx\/","title":{"rendered":"ASUS PRIME A320M-A AMD A320 Socket AM4 micro ATX"},"content":{"rendered":"<p>ASUS Prime ist die n\u00e4chste Entwicklungsstufe der ASUS-Mainboards, deren Geschichte bis in das Jahr 1989 zur\u00fcckreicht. Unser Team von Weltklasse-Ingenieuren arbeitet mit Leidenschaft daran, die Vorz\u00fcge von Personalisierung und Leistungsoptimierung f\u00fcr Jedermann zur Verf\u00fcgung zu stellen. Die treibende Kraft hinter der Entwicklung der Prime-Serie ist es, die erweiterten Profi-Einstellungen einfach zug\u00e4nglich zu machen \u2013 f\u00fcr maximale Leistung, Stabilit\u00e4t und ein optimales Ergebnis beim PC-Selbstbau. Einfach ausgedr\u00fcckt: Es ist Zeit f\u00fcr Prime<br \/><b><br \/>Zuverl\u00e4ssige Stabilit\u00e4t und Kompatibilit\u00e4t<br \/>Extrem langlebig<\/b><br \/>ASUS ist der weltweit f\u00fchrende Mainboard-Hersteller und bekannt f\u00fcr eine einzigartige Herangehensweise beim Designprozess. Unsere umfangreichen Tests \u00fcbertreffen die Industriestandards, w\u00e4hrend die hohe Qualit\u00e4t der Komponenten in der Praxis f\u00fcr einen au\u00dfergew\u00f6hnlichen Schutz sorgt. Unsere Mainboards haben ihre Kompatibilit\u00e4t mit mehr als 1.000 Komponenten und Ger\u00e4ten unter Beweis gestellt und jedes neue Modell absolviert mindestens 8.000 Pr\u00fcfstunden. Somit ist sichergestellt, dass das Mainboard f\u00fcr alle Umgebungen und Anwendungen geeignet ist. Die Entscheidung f\u00fcr ASUS gibt dem Nutzer die Freiheit, aus herausragenden Komponenten auszuw\u00e4hlen und sorgt f\u00fcr einen stressfreien PC-Eigenbau.<br \/><b><br \/>\u00dcberragende Performance<br \/>DDR4-Unterst\u00fctzung<\/b><br \/>Das Mainboard erm\u00f6glicht es, die Frequenz des DDR4-Arbeitsspeichers auf unglaubliche 3.200 MHz zu beschleunigen! ASUS arbeitet mit nahezu allen Herstellern von DDR4-Speicher zusammen, um die bestm\u00f6gliche Kompatibilit\u00e4t bieten zu k\u00f6nnen.<\/p>\n<p><b>Optimierte K\u00fchlung<br \/>Fan Xpert<br \/>Individuelle Steuerung f\u00fcr Prozessor- und Geh\u00e4use-L\u00fcfter<\/b><br \/>Die exklusive Fan-Xpert-Technologie sorgt daf\u00fcr, dass jeder L\u00fcfter die optimale Balance zwischen K\u00fchlleistung und geringem Betriebsger\u00e4usch erreicht. Bei den Mainboards unserer A320-Serie und ihrem hardwareseitigen 4\/3-Pin PWM\/DC-Modus f\u00fcr Geh\u00e4usel\u00fcfter reicht eine einfache Anpassung im BIOS und der Geh\u00e4usel\u00fcfter l\u00e4uft im PWM\/DC-Modus. Fan Xpert verf\u00fcgt dar\u00fcber hinaus \u00fcber den Auto-Tuning-Modus, welcher alle L\u00fcfterparameter erkennt und die Anpassung mit nur einem Klick erm\u00f6glicht.<br \/>* Spezifikationen und Funktionen k\u00f6nnen je nach Modell abweichen. Alle Bilder dienen nur der Illustration. Die kompletten Details k\u00f6nnen Sie den Spezifikationen entnehmen.<br \/><b><br \/>Individuelles Gaming<br \/>Gaming-Sound<\/b><br \/>Kombinierte Onboard-Features liefern einen hochwertigen Klang<br \/>Intelligentes Design und Premium-Hardware bieten eine bis dahin nie dagewesene Audioqualit\u00e4t!<\/p>\n<p><b>Umfassende Energieeffizienz<br \/>Energieeffizientes Design<br \/>EPU<\/b><br \/>Mit der EPU (Energy Processing Unit) l\u00e4sst sich in Echtzeit im gesamten PC-System effektiv Strom sparen. Die EPU optimiert den Energieverbrauch vollautomatisch und maximiert die Ersparnis durch den Away-Modus:<\/p>\n<p><b>Ultra-schnelle \u00dcbertragungsgeschwindigkeit<br \/>Atemberaubende Geschwindigkeit von bis zu 32 Gbit\/s dank integriertem M.2.<\/b><br \/>Mit der Bandbreite von vier PCI Express 3.0\/2.0-Lanes unterst\u00fctzt der M.2-Standard Daten\u00fcbertragungsraten von bis zu 32 Gbit\/s. Davon profitiert insbesondere das Laufwerk, auf dem das Betriebssystem oder Anwendungen installiert sind, da so der gesamte PC und vor allem professionelle Anwendungen mit maximaler Geschwindigkeit betrieben werden k\u00f6nnen.<br \/>* Spezifikationen und Features k\u00f6nnen je nach Modell abweichen und alle Bilder dienen ausschlie\u00dflich Illustrationszwecken. Volle Details k\u00f6nnen Sie den Spezifikationen entnehmen.<\/p>\n<p><b>USB 3.0 Front-Panel-Komfort im Handumdrehen<\/b><br \/>Wir haben zwei Super-Speed USB 3.0-Anschl\u00fcsse genau da platziert, wo sie gebraucht werden: Am Front-Panel. Somit kann der Nutzer bis zu 10x schnellere Daten\u00fcbertragungsgeschwindigkeiten als mit USB 2.0 erleben, mit sofortiger Plug&#038;Play-Funktionalit\u00e4t und ohne m\u00fchevolle Anstrengungen, um an die schwer zu erreichenden Anschl\u00fcsse auf der R\u00fcckseite heranzukommen!<\/p>\n<p><b>Einfacher PC-Eigenbau<\/b><br \/><b>Sichere Befestigung des Mainboards<br \/>Komponentenfreie Bereiche senken das Risiko von Besch\u00e4digungen<\/b><br \/>Der Einbau eines ASUS Mainboards ist nun sicherer als je zuvor. Durch die v\u00f6llig komponentenfreien \u201eSicherheitsbereiche\u201c um jede Geh\u00e4usebefestigung wird das Risiko von Besch\u00e4digungen oder Kurzschl\u00fcssen durch Kontakt gesenkt. Somit ist der Zusammenbau des PC-Systems v\u00f6llig sorgenfrei m\u00f6glich!<br \/><b><br \/>Q-Slot<br \/>PCI Express-Komponenten schnell und einfach entfernen<\/b><br \/>Der gro\u00dfe Clip ist leicht zu erreichen und zu bedienen. Schon bei leichtem Druck auf den Q-Slot-Clip springt die Grafikkarte aus der Halterung. Damit wird die Montage und Entfernung selbst gro\u00dfer Grafikkarten zum Kinderspiel.<\/p>\n<p><b>Q-DIMM<br \/>Einfaches Entfernen von Speichermodulen<\/b><br \/>Selbst in einem engen Geh\u00e4use reicht ein einfaches Dr\u00fccken auf den einseitigen Clip problemlos aus, um ein RAM-Modul zu entnehmen oder einzustecken.<\/p>\n<p><b>Steuerzentrale<br \/>Preisgekr\u00f6ntes UEFI-BIOS<\/b><br \/>Das elegante grafische UEFI-BIOS mit Maussteuerung ist jetzt noch ansprechender. Sowohl f\u00fcr PC-Einsteiger als auch f\u00fcr routinierte Overclocker gibt es wahlweise den einfachen EZ-Modus bzw. den Advanced-Modus.<\/p>\n<p><b>AI Suite 3<br \/>Direkter Zugriff auf innovative ASUS-Features<\/b><br \/>Die ASUS AI Suite 3 verf\u00fcgt \u00fcber eine \u00fcberarbeitete, \u00fcbersichtlich und ansprechend gestaltete Oberfl\u00e4che mit Unterst\u00fctzung f\u00fcr gro\u00dfe Monitore. Das Paket bietet Zugriff auf alle exklusiven ASUS-Features. Mit der Suite k\u00f6nnen Benutzer ganz einfach System\u00fcbertaktung, Stromverbrauch, L\u00fcftergeschwindigkeiten und Spannungen \u00fcberwachen. Die multifunktionale App verf\u00fcgt dabei \u00fcber verschiedenste Funktionen, die besonders einfach zu bedienen sind. Auf diese Weise muss der Benutzer nicht mehr zwischen den verschiedenen Dienstprogrammen hin- und herschalten.<br \/>* Spezifikationen und Features k\u00f6nnen je nach Modell abweichen und alle Bilder dienen ausschlie\u00dflich Illustrationszwecken. Volle Details k\u00f6nnen Sie den Spezifikationen entnehmen.<br \/><b><br \/>AMD-Prozessor- und Chipsatz-Funktionen<br \/>Bereit f\u00fcr AMD AM4-Sockel Ryzen-Prozessoren, A-Serien-APU\u2018s der 7. Generation und Athlon APU\u2018s<\/b><br \/>Dieses Mainboard unterst\u00fctzt AMD Ryzen\u2122-Prozessoren, A-Serie Accelerated-Processing-Units (APUs) der 7. Generation und Athlon-CPUs. Der leistungsstarke Ryzen-Prozessor unterst\u00fctzt bis zu acht Kernen und baut auf der innovativen Zen-Core-Architektur auf. Die 7. Generation der APUs der A-Serie kann mit integrierten AMD-Grafikkarten der Radeon-R-Serie genutzt werden. Unterst\u00fctzt werden AMD AM4-Sockel-Prozessoren mit 2-Kanal-DDR4-Speicher, nativem 5Gbit\/s USB 3.0 und 16 PCI-Express\u00ae-3.0\/2.0-Lanes f\u00fcr eine meisterhafte Performance.<\/p>\n<p><b>AMD-A320-Chipsatz<\/b><br \/>Der AMD A320-Chipsatz bietet au\u00dfergew\u00f6hnliches Overclocking-Potential f\u00fcr die AMD\u00ae AM4-Sockel-Prozessoren Ryzen\u2122, die 7. Generation der A-Serien-APUs und Athlon -CPUs. Zus\u00e4tzlich bietet der Chipsatz zwei USB 3.0- und vier SATA-6Gbit\/s-Schnittstellen f\u00fcr eine extrem schnelle Daten\u00fcbertragung.<\/p>\n","protected":false},"excerpt":{"rendered":"<p>AMD A320, 4 x DIMM, Max. 64GB, DDR4, Realtek RTL8111H, Gigabit Ethernet, Windows 10<\/p>\n","protected":false},"featured_media":20006397,"comment_status":"open","ping_status":"closed","template":"","meta":{"spay_email":""},"_links":{"self":[{"href":"http:\/\/test.s385-fair4host.http-s.de\/index.php\/wp-json\/wp\/v2\/product\/20006396"}],"collection":[{"href":"http:\/\/test.s385-fair4host.http-s.de\/index.php\/wp-json\/wp\/v2\/product"}],"about":[{"href":"http:\/\/test.s385-fair4host.http-s.de\/index.php\/wp-json\/wp\/v2\/types\/product"}],"replies":[{"embeddable":true,"href":"http:\/\/test.s385-fair4host.http-s.de\/index.php\/wp-json\/wp\/v2\/comments?post=20006396"}],"wp:featuredmedia":[{"embeddable":true,"href":"http:\/\/test.s385-fair4host.http-s.de\/index.php\/wp-json\/wp\/v2\/media\/20006397"}],"wp:attachment":[{"href":"http:\/\/test.s385-fair4host.http-s.de\/index.php\/wp-json\/wp\/v2\/media?parent=20006396"}],"curies":[{"name":"wp","href":"https:\/\/api.w.org\/{rel}","templated":true}]}}