{"id":20006392,"date":"2021-01-07T20:41:58","date_gmt":"2021-01-07T19:41:58","guid":{"rendered":"http:\/\/test.s385-fair4host.http-s.de\/index.php\/produkt\/asus-gt1030-sl-2g-brk-nvidia-geforce-gt-1030-2-gb-gddr5\/"},"modified":"2021-01-07T20:41:58","modified_gmt":"2021-01-07T19:41:58","slug":"asus-gt1030-sl-2g-brk-nvidia-geforce-gt-1030-2-gb-gddr5","status":"publish","type":"product","link":"http:\/\/test.s385-fair4host.http-s.de\/index.php\/produkt\/asus-gt1030-sl-2g-brk-nvidia-geforce-gt-1030-2-gb-gddr5\/","title":{"rendered":"ASUS GT1030-SL-2G-BRK NVIDIA GeForce GT 1030 2 GB GDDR5"},"content":{"rendered":"<p><b>Leistungsf\u00e4hige Grafik f\u00fcr Jedermann!<\/b><br \/>Die ASUS GeForce GT 1030 ist die neue, hervorragende Grafikkarte von ASUS. Das speziell entwickelte, hocheffiziente 0dB-K\u00fchldesign leitet die W\u00e4rme absolut ger\u00e4uschlos ab, so dass die ASUS GT 1030 die optimale L\u00f6sung f\u00fcr schlanke HTPC-Systeme (Home-Theater PC) ist. Exklusive AUTO-EXTREME-Technologie f\u00fcr Premium-Qualit\u00e4t und h\u00f6chste Zuverl\u00e4ssigkeit. Zus\u00e4tzlich ist die Grafikkarte mit GPU Tweak II f\u00fcr intuitive Performance-Optimierungen ausgestattet.<br \/><b><br \/>Ger\u00e4uschlose K\u00fchlung mit 0dB<br \/>Ideal f\u00fcr den Aufbau eines ger\u00e4uschlosen HTPCs<\/b><br \/>Die exklusiv designten K\u00fchlk\u00f6rper erm\u00f6glichen dank ihrer ausgedehnten Oberfl\u00e4che die effiziente, passive K\u00fchlung der Grafikkarte. Das passive K\u00fchlkonzept leitet die Hitze vollkommen lautlos ab und stellt somit die optimale L\u00f6sung f\u00fcr Home Theater-PCs und Multimedia-Center dar.<br \/><b><br \/>AUTO-EXTREME-Technologie<br \/>Premiumqualit\u00e4t und h\u00f6chste Zuverl\u00e4ssigkeit<\/b><br \/>Alle aktuell produzierten ASUS-Grafikkarten werden nach der AUTO-EXTREME-Technologie gefertigt, einem brandneuen Industriestandard, bei dem in einem zu 100% automatisierten Produktionsprozess ausschlie\u00dflich Premium-Materialien verwendet werden, um einen neuen Qualit\u00e4tsstandard zu etablieren. Die AUTO-EXTREME-Technologie gew\u00e4hrleistet sowohl eine gleich bleibende Grafikkarten-Qualit\u00e4t, als auch eine verbesserte Performance und Langlebigkeit. Dieser neue Herstellungsprozess ist dar\u00fcber hinaus umweltfreundlich, da er aggressive Chemikalien ausschlie\u00dft und den Stromverbrauch um 50% senkt.<br \/>*Die Abbildung dient ausschlie\u00dflich Illustrationszwecken und stellt ggf. nicht das exakte Board-Design dar.<br \/><b><br \/>GPU Tweak II<br \/>Perfekt an die eigenen Bed\u00fcrfnisse anpassen<\/b><br \/>Mit seiner brandneu entwickelten, intuitiven Benutzerschnittstelle (UI) ist das \u00dcbertakten mit GPU Tweak II einfacher als je zuvor und bietet trotzdem erweiterte Optionen f\u00fcr erfahrene Overclocker. Mit nur einem Klick maximiert die neue Gaming-Booster-Funktion die Systemleistung, indem redundante Prozesse eliminiert und alle verf\u00fcgbaren Ressourcen automatisch zugeteilt werden.<br \/><b><br \/>Gaming Booster<br \/>Mehr Performance mit einem Klick<\/b><br \/>&#8211; Visuelle Effekte: Leistungssteigerung durch Deaktivierung der visuellen Effekte in Windows.<br \/>&#8211; Systemdienste: Automatische oder manuelle Deaktivierung von Windows-Diensten oder -Prozessen<br \/>&#8211; Defragmentierung des Speichers: Neuanordnung und S\u00e4uberung des Systemspeichers, ohne Prozesse schlie\u00dfen zu m\u00fcssen.<\/p>\n","protected":false},"excerpt":{"rendered":"<p>NVIDIA GeForce GT 1030, GDDR5 2GB, 1920 x 1200, HDMI, DVI, HDCP, PCI Express 3.0<\/p>\n","protected":false},"featured_media":20006393,"comment_status":"open","ping_status":"closed","template":"","meta":{"spay_email":""},"_links":{"self":[{"href":"http:\/\/test.s385-fair4host.http-s.de\/index.php\/wp-json\/wp\/v2\/product\/20006392"}],"collection":[{"href":"http:\/\/test.s385-fair4host.http-s.de\/index.php\/wp-json\/wp\/v2\/product"}],"about":[{"href":"http:\/\/test.s385-fair4host.http-s.de\/index.php\/wp-json\/wp\/v2\/types\/product"}],"replies":[{"embeddable":true,"href":"http:\/\/test.s385-fair4host.http-s.de\/index.php\/wp-json\/wp\/v2\/comments?post=20006392"}],"wp:featuredmedia":[{"embeddable":true,"href":"http:\/\/test.s385-fair4host.http-s.de\/index.php\/wp-json\/wp\/v2\/media\/20006393"}],"wp:attachment":[{"href":"http:\/\/test.s385-fair4host.http-s.de\/index.php\/wp-json\/wp\/v2\/media?parent=20006392"}],"curies":[{"name":"wp","href":"https:\/\/api.w.org\/{rel}","templated":true}]}}