{"id":20006385,"date":"2021-01-07T20:41:53","date_gmt":"2021-01-07T19:41:53","guid":{"rendered":"http:\/\/test.s385-fair4host.http-s.de\/index.php\/produkt\/hp-934xl-1-stuecke-original-hohe-xl-ausbeute-schwarz\/"},"modified":"2021-01-07T20:41:53","modified_gmt":"2021-01-07T19:41:53","slug":"hp-934xl-1-stuecke-original-hohe-xl-ausbeute-schwarz","status":"publish","type":"product","link":"http:\/\/test.s385-fair4host.http-s.de\/index.php\/produkt\/hp-934xl-1-stuecke-original-hohe-xl-ausbeute-schwarz\/","title":{"rendered":"HP 934XL 1 St\u00fcck(e) Original Hohe (XL-) Ausbeute Schwarz"},"content":{"rendered":"<p>Ideal f\u00fcr die zuverl\u00e4ssige Produktion von hochwertigen Gesch\u00e4ftsdokumenten \u2013 zu einem besseren Preis-Leistungs-Verh\u00e4ltnis bei h\u00e4ufigem Drucken.<sup>[1]<\/sup><br \/>Original HP Tintenpatronen mit hoher Reichweite produzieren professionelle Dokumente mit besserem Preis-Leistungs-Verh\u00e4ltnis bei h\u00e4ufigem Druck.<sup>[1]<\/sup> Speziell f\u00fcr HP Drucker konzipierte Patronen sorgen f\u00fcr langlebige<sup>[2]<\/sup> Ausdrucke.<\/p>\n","protected":false},"excerpt":{"rendered":"<p>934XL Schwarz Original Druckerpatrone mit hoher Reichweite<\/p>\n","protected":false},"featured_media":20006386,"comment_status":"open","ping_status":"closed","template":"","meta":{"spay_email":""},"_links":{"self":[{"href":"http:\/\/test.s385-fair4host.http-s.de\/index.php\/wp-json\/wp\/v2\/product\/20006385"}],"collection":[{"href":"http:\/\/test.s385-fair4host.http-s.de\/index.php\/wp-json\/wp\/v2\/product"}],"about":[{"href":"http:\/\/test.s385-fair4host.http-s.de\/index.php\/wp-json\/wp\/v2\/types\/product"}],"replies":[{"embeddable":true,"href":"http:\/\/test.s385-fair4host.http-s.de\/index.php\/wp-json\/wp\/v2\/comments?post=20006385"}],"wp:featuredmedia":[{"embeddable":true,"href":"http:\/\/test.s385-fair4host.http-s.de\/index.php\/wp-json\/wp\/v2\/media\/20006386"}],"wp:attachment":[{"href":"http:\/\/test.s385-fair4host.http-s.de\/index.php\/wp-json\/wp\/v2\/media?parent=20006385"}],"curies":[{"name":"wp","href":"https:\/\/api.w.org\/{rel}","templated":true}]}}