{"id":20006377,"date":"2021-01-07T20:41:47","date_gmt":"2021-01-07T19:41:47","guid":{"rendered":"http:\/\/test.s385-fair4host.http-s.de\/index.php\/produkt\/samsung-860-evo-2-5-1000-gb-serial-ata-iii-mlc\/"},"modified":"2021-01-07T20:41:47","modified_gmt":"2021-01-07T19:41:47","slug":"samsung-860-evo-2-5-1000-gb-serial-ata-iii-mlc","status":"publish","type":"product","link":"http:\/\/test.s385-fair4host.http-s.de\/index.php\/produkt\/samsung-860-evo-2-5-1000-gb-serial-ata-iii-mlc\/","title":{"rendered":"Samsung 860 EVO 2.5&#8243; 1000 GB Serial ATA III MLC"},"content":{"rendered":"<p><b>Eine SSD, der man vertrauen kann<\/b><br \/>Der Nachfolger der weltweit extrem erfolgreichen 850-EVO- Serie* ist die Samsung SSD 860 EVO. Das neue Laufwerk wurde speziell f\u00fcr Notebooks und PCs konzipiert, basiert auf der neuesten V-NAND Speichertechnologie und einem auf die Verarbeitung spezieller Algorithmen optimierten Controller. Das neue SSD-Modell bietet dadurch eine sehr hohe Leistung und ist in verschiedenen Kapazit\u00e4ten und Formfaktoren erh\u00e4ltlich.<\/p>\n<p><b>Verbesserte Leistung<\/b><br \/>Die 860 EVO Serie bietet auch unter hohen Arbeitslasten und Multitasking-Szenarien ein konsistenteres Leistungsprofil im Vergleich zu den Vorg\u00e4ngermodellen dieser Serie. Die Samsung SSD 860 EVO schreibt Dank TurboWrite-Technologie mit bis zu 520 MB\/s und liest Daten mit bis zu 550 MB\/s*. Im Vergleich den Vorg\u00e4ngermodellen dieser Serie wurde die Kapazit\u00e4t des TurboWrite-Puffers bei den Spitzenmodellen von 12 GB auf 78 GB vergr\u00f6\u00dfert*, so dass auch Schreiboperationen von sehr gro\u00dfen Dateien mit hoher Performance durchgef\u00fchrt werden k\u00f6nnen.<\/p>\n<p><b>Erh\u00f6hte Haltbarkeit<\/b><br \/>Bearbeiten und speichern Sie umfangreiche 4K-UHD-Videos oder 3D-Daten in aktuellen Anwendungen, ohne sich Gedanken \u00fcber die Haltbarkeit des Laufwerks machen zu m\u00fcssen. Die Solid-State-Drivers der SSD 860 EVO-Familie bieten mit bis zu 2.400 TB TBW (Total Bytes Written) bei seinem gr\u00f6\u00dften Modell eine bis zu acht Mal h\u00f6here garantierte Gesamtschreibdatenmenge als das Vorg\u00e4ngermodell SSD 850 EVO bei einer Garantiedauer von 5 Jahren. M\u00f6glich macht dies Samsungs aktuellste V-NAND-Speichertechnologie.*<\/p>\n<p><b>Smart und kompatibel<\/b><br \/>Profitieren Sie von einer schnellen, verz\u00f6gerungsarmen Datenkommunikation zwischen Ihrer SSD und Ihrem System. Die aktuellen ECC-Algorithmen* des brandneuen MJX-Controllers sorgen f\u00fcr hohe Performance auch unter stark wechselnden Arbeitslasten, und die Einstellungen im Bereich Queued Trim sorgen f\u00fcr gro\u00dfe Linux-Kompatibilit\u00e4t. Die SSD 860 EVO bietet damit eine sehr hohe Kompatibilit\u00e4t zu verschiedenen Computersystemen.<\/p>\n<p><b>Vielf\u00e4ltige Formfaktoren<\/b><br \/>Ganz gleich, welches Laufwerksformat Ihr System ben\u00f6tigt: eine der Varianten der SSD 860 EVO passt bestimmt auch in Ihr System: zur Verf\u00fcgung stehen 2,5\u201d-Modelle f\u00fcr PCs und Notebooks, SATA-basierte M.2-Module nach M.2 2280-Standard sowie mSATA-Varianten f\u00fcr Ultrabooks.<\/p>\n","protected":false},"excerpt":{"rendered":"<p>860 EVO, 1TB, 2.5&#8243;, SATA 6GB\/s, 3D V-NAND<\/p>\n","protected":false},"featured_media":20006378,"comment_status":"open","ping_status":"closed","template":"","meta":{"spay_email":""},"_links":{"self":[{"href":"http:\/\/test.s385-fair4host.http-s.de\/index.php\/wp-json\/wp\/v2\/product\/20006377"}],"collection":[{"href":"http:\/\/test.s385-fair4host.http-s.de\/index.php\/wp-json\/wp\/v2\/product"}],"about":[{"href":"http:\/\/test.s385-fair4host.http-s.de\/index.php\/wp-json\/wp\/v2\/types\/product"}],"replies":[{"embeddable":true,"href":"http:\/\/test.s385-fair4host.http-s.de\/index.php\/wp-json\/wp\/v2\/comments?post=20006377"}],"wp:featuredmedia":[{"embeddable":true,"href":"http:\/\/test.s385-fair4host.http-s.de\/index.php\/wp-json\/wp\/v2\/media\/20006378"}],"wp:attachment":[{"href":"http:\/\/test.s385-fair4host.http-s.de\/index.php\/wp-json\/wp\/v2\/media?parent=20006377"}],"curies":[{"name":"wp","href":"https:\/\/api.w.org\/{rel}","templated":true}]}}