{"id":20006365,"date":"2021-01-07T20:41:38","date_gmt":"2021-01-07T19:41:38","guid":{"rendered":"http:\/\/test.s385-fair4host.http-s.de\/index.php\/produkt\/samsung-galaxy-tab-s5e-sm-t725n-4g-lte-64-gb-267-cm-10-5-zoll-qualcomm-snapdragon-4-gb-wi-fi-5-802-11ac-android-9-0-gold\/"},"modified":"2021-01-07T20:41:38","modified_gmt":"2021-01-07T19:41:38","slug":"samsung-galaxy-tab-s5e-sm-t725n-4g-lte-64-gb-267-cm-10-5-zoll-qualcomm-snapdragon-4-gb-wi-fi-5-802-11ac-android-9-0-gold","status":"publish","type":"product","link":"http:\/\/test.s385-fair4host.http-s.de\/index.php\/produkt\/samsung-galaxy-tab-s5e-sm-t725n-4g-lte-64-gb-267-cm-10-5-zoll-qualcomm-snapdragon-4-gb-wi-fi-5-802-11ac-android-9-0-gold\/","title":{"rendered":"Samsung Galaxy Tab S5e SM-T725N 4G LTE 64 GB 26,7 cm (10.5 Zoll) Qualcomm Snapdragon 4 GB Wi-Fi 5 (802.11ac) Android 9.0 Gold"},"content":{"rendered":"<p><b>Starke Technik im schlanken Format<\/b><br \/>Entdecken Sie das Galaxy Tablet mit dem bisher schmalsten Rahmen und geniessen Sie das, worauf es bei einem Tablet wirklich ankommt. Das Galaxy Tab S5e beweist, dass weniger tats\u00e4chlich mehr ist.<\/p>\n<p><b>Ultra-leicht unterwegs<\/b><br \/>Das schlanke Design sorgt f\u00fcr viel Komfort, egal ob zu Hause oder unterwegs. Mit nur 5,5 mm Tiefe und 400 g Gewicht ist das Galaxy Tab S5e wirklich ein Leichtgewicht, mit dem Sie Ihre Medien oder die Kontrolle \u00fcber Ihre Haushaltsger\u00e4te noch bequemer geniessen k\u00f6nnen.*<\/p>\n<p>* Funktioniert nur mit SmartThings-kompatiblen Ger\u00e4ten. Die kompatiblen Ger\u00e4te variieren je nach Land. \u00dcberpr\u00fcfen Sie die Kompatibilit\u00e4t hier: www.samsung.com\/smartthings.<\/p>\n<p><b>Sichtbar elegant und f\u00fchlbar sch\u00f6n<\/b><br \/>Ein stilbewusstes Design: Das Galaxy Tab S5e gl\u00e4nzt mit einem polierten Unibody-Metallgeh\u00e4use und hochwertigem Metall-Finish. Ausserdem ist es in den drei eleganten Farben Gold, Silber und Schwarz erh\u00e4ltlich, die nahtlos zu jedem Stil passen.<\/p>\n<p>* Produktfarben und Verf\u00fcgbarkeiten k\u00f6nnen je nach Land, Region und Anbieter variieren.<\/p>\n<p><b>Auf das Wesentliche konzentriert<\/b><br \/>Schauen Sie sich nur das an, was Sie wollen. Mit der One UI schafft das Galaxy Tab S5e Ordnung auf dem Display und zeigt Ihnen nur das, was Sie wirklich brauchen. So k\u00f6nnen Sie sich intuitiv auf das konzentrieren, was Ihnen wichtig ist und so die Zeit mit Ihrem Tablet einfach mehr geniessen.<\/p>\n<p><b>Ein Display, das man gesehen haben muss<\/b><br \/>Machen Sie mehr aus den Inhalten, die Sie lieben. Das Galaxy Tab S5e verf\u00fcgt \u00fcber ein brillantes 10,5&#8243; sAMOLED-Display mit atemberaubenden Farben und hohen Helligkeitswerten. Jetzt k\u00f6nnen Sie komplett in Ihren Lieblingsfilm oder die n\u00e4chste Netflix* TV-Serie eintauchen.<\/p>\n<p>* Netflix-Abonnement ist erforderlich. Die Inhalte und Dienste k\u00f6nnen je nach Land variieren. Informieren Sie sich \u00fcber die Verf\u00fcgbarkeit von Inhalten in anderen L\u00e4ndern, bevor Sie den Wohnort wechseln.<\/p>\n<p><b>Optimal abgestimmt f\u00fcr lebendigen Sound<\/b><br \/>Das Quad Speaker-System von AKG sorgt f\u00fcr einen ausdrucksvollen und ausgewogenen Klang auf Ihrem Galaxy Tab S5e, wenn Sie Ihre Lieblingsplaylist auf Spotify* h\u00f6ren. Zus\u00e4tzlich bietet Dolby Atmos einen dreidimensionalen Surround Sound, der Klangwelten lebendig werden l\u00e4sst.<\/p>\n<p>* Die Spotify-App ist nur in L\u00e4ndern verf\u00fcgbar, die Spotify unterst\u00fctzen. M\u00f6glicherweise steht Ihnen Spotify nicht zur Verf\u00fcgung, wenn Sie in andere L\u00e4nder reisen.<\/p>\n<p><b>Ein Tablet, das auf Sie h\u00f6rt<\/b><br \/>Das Galaxy Tab S5e passt sich dem mobilen Leben an \u2013 mit der Bixby Voice-Funktion. Mit einem Sprachbefehl k\u00f6nnen Sie so ganz komfortabel Ihre Lieblingsplaylist abspielen oder Haushaltsger\u00e4te* steuern, w\u00e4hrend Sie unterwegs sind.<br \/>* Ist nur nutzbar mit Ger\u00e4ten, die mit SmartThings kompatibel sind. Kompatible Ger\u00e4te variieren je nach Land. <\/p>\n<p><b>Teilen verbindet die ganze Familie<\/b><br \/>Mit dem Galaxy Tab S5e und Family Share k\u00f6nnen Sie Freude verbreiten. Verbinden Sie die ganze Familie mit Family Share und lassen Sie jedes Mitglied Fotos, Erinnerungen, Notizen und Kalender-Events teilen \u2013 ganz einfach und superschnell.<\/p>\n<p><b>Endlich ein Grund, das Smartphone liegen zu lassen.<\/b><br \/>Bleiben Sie verbunden, auch wenn das Smartphone nicht in Reichweite ist. Das Galaxy Tab S5e verbindet sich nahtlos mit Ihrem Galaxy Smartphone, sodass Sie keine Anrufe verpassen. Ausserdem k\u00f6nnen Sie mit dem Tab S5e auch auf dringende Textnachrichten antworten, ohne nach Ihrem Smartphone suchen zu m\u00fcssen.<\/p>\n<p>* Die Verf\u00fcgbarkeit dieses Dienstes kann je nach Land variieren.<br \/>** Das Synchronisieren von Anrufen und Nachrichten ist auf Samsung Ger\u00e4ten verf\u00fcgbar, die mit dem mobilen Betriebssystem Anroid 9 Pie ausgestattet sind. (Smartphones: Galaxy S9 und S9+, Tablets: Galaxy Tab S5e). <br \/>*** Die Leistung der Funktion kann je nach Entfernung und Netzwerkqualit\u00e4t variieren; beide Ger\u00e4te ben\u00f6tigen eine Netzwerkverbindung, um diesen Dienst nutzen zu k\u00f6nnen.<\/p>\n<p><b>Starke Leistung auf Abruf<\/b><br \/>Einfach mal nicht aufh\u00f6ren, wenn es am sch\u00f6nsten ist. Das Galaxy Tab S5e verf\u00fcgt \u00fcber einen 7.040 mAh Akku, mit dem Sie Ihr Tablet ausgiebig nutzen k\u00f6nnen, ohne pausenlos nach einer Steckdose Ausschau zu halten. Mit bis zu 14,5 Stunden Entertainment am St\u00fcck k\u00f6nnen so auch l\u00e4ngere Reisen zum Genuss werden.<\/p>\n<p>* Typischer Wert, der von Dritten unter Laborbedingungen gepr\u00fcft wurde. Der typische Wert ist ein gesch\u00e4tzter Durchschnittswert, der unter Ber\u00fccksichtigung der Abweichungen in der Akkukapazit\u00e4t der Test-Akkus nach IEC 61960-Standard ermittelt wurde. Die gesch\u00e4tzte Minimalkapazit\u00e4t betr\u00e4gt 6.840 mAh. Die tats\u00e4chliche Akkulaufzeit kann je nach Netzwerkumgebung, Nutzungsverhalten und anderen Faktoren variieren.<\/p>\n<p><b>Hohe Sicherheit f\u00fcr Ihre Privatsph\u00e4re<\/b><br \/>Sie sind der Zugang. Das Galaxy Tab S5e ist mit einer integrierten Gesichtserkennung ausgestattet, damit nur Sie auf Ihr Tablet zugreifen k\u00f6nnen. Zus\u00e4tzlich k\u00f6nnen Sie das Galaxy Tab S5e per Fingerabdruck sch\u00fctzen, was die Eingabe von langen und komplizierten Passw\u00f6rtern \u00fcberfl\u00fcssig macht.<\/p>\n<p><b>Entwickelt, um hohen Anspr\u00fcchen zu gen\u00fcgen<\/b><br \/>Das Galaxy Tab S5e ist erh\u00e4ltlich mit 4 GB Arbeitsspeicher und 64 GB internem Speicher oder 6 GB Arbeitsspeicher und 128 GB internem Speicher. Ausserdem kann der Speicher per microSD-Karte um bis zu 512 GB erweitert werden. Damit steht Ihnen und Ihrer Unterhaltung nichts mehr im Weg, egal ob beim Gaming oder dem Streaming von Online-Inhalten.<br \/>* Die tats\u00e4chliche Speicherkapazit\u00e4t kann je nach Land oder Region variieren. <br \/>** microSD-Karte ist separat erh\u00e4ltlich. Die Verf\u00fcgbarkeit kann je nach Land und Hersteller variieren.<\/p>\n","protected":false},"excerpt":{"rendered":"<p>10.5&#8243; WQXGA 1600 x 2560 px, Octa-core (2&#215;2.0 GHz, 6&#215;1.7 GHz), 4 GB RAM, 64 GB Flash, 13\/8MP, USB-Type C, GPS, 4G LTE, Wi-Fi, Android<\/p>\n","protected":false},"featured_media":20006366,"comment_status":"open","ping_status":"closed","template":"","meta":{"spay_email":""},"_links":{"self":[{"href":"http:\/\/test.s385-fair4host.http-s.de\/index.php\/wp-json\/wp\/v2\/product\/20006365"}],"collection":[{"href":"http:\/\/test.s385-fair4host.http-s.de\/index.php\/wp-json\/wp\/v2\/product"}],"about":[{"href":"http:\/\/test.s385-fair4host.http-s.de\/index.php\/wp-json\/wp\/v2\/types\/product"}],"replies":[{"embeddable":true,"href":"http:\/\/test.s385-fair4host.http-s.de\/index.php\/wp-json\/wp\/v2\/comments?post=20006365"}],"wp:featuredmedia":[{"embeddable":true,"href":"http:\/\/test.s385-fair4host.http-s.de\/index.php\/wp-json\/wp\/v2\/media\/20006366"}],"wp:attachment":[{"href":"http:\/\/test.s385-fair4host.http-s.de\/index.php\/wp-json\/wp\/v2\/media?parent=20006365"}],"curies":[{"name":"wp","href":"https:\/\/api.w.org\/{rel}","templated":true}]}}