{"id":20006362,"date":"2021-01-07T20:41:34","date_gmt":"2021-01-07T19:41:34","guid":{"rendered":"http:\/\/test.s385-fair4host.http-s.de\/index.php\/produkt\/acer-extensa-15-ex215-22-r0vd-notebook-396-cm-15-6-zoll-1920-x-1080-pixel-amd-ryzen-5-8-gb-ddr4-sdram-512-gb-ssd-wi-fi-5-802-11ac-windows-10-pro-schwarz\/"},"modified":"2021-01-07T20:41:34","modified_gmt":"2021-01-07T19:41:34","slug":"acer-extensa-15-ex215-22-r0vd-notebook-396-cm-15-6-zoll-1920-x-1080-pixel-amd-ryzen-5-8-gb-ddr4-sdram-512-gb-ssd-wi-fi-5-802-11ac-windows-10-pro-schwarz","status":"publish","type":"product","link":"http:\/\/test.s385-fair4host.http-s.de\/index.php\/produkt\/acer-extensa-15-ex215-22-r0vd-notebook-396-cm-15-6-zoll-1920-x-1080-pixel-amd-ryzen-5-8-gb-ddr4-sdram-512-gb-ssd-wi-fi-5-802-11ac-windows-10-pro-schwarz\/","title":{"rendered":"Acer Extensa 15 EX215-22-R0VD Notebook 39,6 cm (15.6 Zoll) 1920 x 1080 Pixel AMD Ryzen 5 8 GB DDR4-SDRAM 512 GB SSD Wi-Fi 5 (802.11ac) Windows 10 Pro Schwarz"},"content":{"rendered":"<p><b>Reaktionsschnelle Leistung<\/b><br \/>Erledigen Sie dank der starken Prozessorenkombination und dem schnelleren Dateizugriff mit einem leistungsf\u00e4higeren und energiesparenderen DDR4-Speicher Ihre Aufgaben schnell und effizient und f\u00fchren Sie m\u00fchelos mehrere Arbeitsg\u00e4nge gleichzeitig durch.<\/p>\n<p><b>Duale Speicheroptionen<\/b><br \/>Erleben Sie eine erstaunlich schnelle Leistung mit zwei Steckpl\u00e4tzen f\u00fcr bis zu 512 GB PCIe NVMe SSDs1. Alles geht schneller, vom Hochfahren bis hin zur t\u00e4glichen Erledigung von Aufgaben und dem \u00d6ffnen von Dateien mit umfangreichen Multimedia-Inhalten. Mit 2 TB1 Festplattenspeicher k\u00f6nnen Sie wichtige Projekte und Daten ohne Probleme speichern und teilen.<\/p>\n<p><b>Produktivit\u00e4t den ganzen Tag<\/b><br \/>Mit bis zu 9 Stunden2 Akkulaufzeit ist das Ger\u00e4t daf\u00fcr konzipiert, Sie den ganzen Tag lang zu begleiten.<\/p>\n<p><b>Atemberaubende Bilder<\/b><br \/>Betrachten Sie feine Details und satte Farben auf dem 39,6-cm (15,6&#8243;)-FHD IPS-Display1 mit einem schmalen Rahmen1, mit dem ein hohes Bildschirm-Geh\u00e4use-Verh\u00e4ltnis gew\u00e4hrleistet ist. Dank der Augenschutztechnologie des Displays erm\u00fcden Ihre Augen nicht.<\/p>\n<p><b>FHD-Bildschirm<\/b><br \/>Intensive, naturgetreue Farben und eine Full-HD-Aufl\u00f6sung von 1.080p.<\/p>\n<p><b>IPS-Display<\/b><br \/>Genie\u00dfen Sie satte Farben aus jedem Blickwinkel und teilen Sie Bildschirminhalte mit Ihren Kollegen.<\/p>\n<p><b>Acer ComfyView\u2122<\/b><br \/>Dank der ComfyView\u2122-Technologie, die st\u00f6rende Bildschirmreflexionen reduziert, indem die von Ihrem Display reflektierte Lichtmenge begrenzt wird, k\u00f6nnen Sie in verschiedenen Umgebungen komfortabler arbeiten.<\/p>\n<p><b>Ausgereifteres Design<\/b><br \/>Das stylische Geh\u00e4use des Extensa 15 wurde neu konzipiert, um es schlanker und leichter zu gestalten als je zuvor. Mit einer St\u00e4rke von weniger als 20 mm und einem Anfangsgewicht von unter 1,9 kg1 kann es Sie \u00fcberall hin begleiten.<\/p>\n<p><b>Anschl\u00fcsse f\u00fcr jede Gelegenheit<\/b><br \/>Das Anschlie\u00dfen an Peripherieger\u00e4te wird durch zahlreiche Optionen optimiert und vereinfacht. Mit einer umfangreichen Auswahl an Anschl\u00fcssen, darunter RJ45, 2x USB 2.0, USB 3.1 der 1. Generation, HDMI und viele andere, k\u00f6nnen Sie mehr erreichen.1<\/p>\n<p><b>Erweiterte Videokonferenz-Funktionen<\/b><br \/>Freuen Sie sich auf ein rundum komfortables Videokonferenz-Erlebnis. Die optimal platzierte Wi-Fi-5-Antenne (802.11ac) und die MU-MIMO-Technologie sorgen f\u00fcr ein starkes, dauerhaftes Signal f\u00fcr Ihre WLAN-Verbindung. \u00dcber die optimierte digitale Webcam, das Mikrofon und zwei integrierte Stereo-Lautsprecher k\u00f6nnen Sie mit hervorragender Bild- und Tonqualit\u00e4t kommunizieren.<\/p>\n<p>1. Die genaue technische Ausstattung kann je nach Modell und\/oder Region unterschiedlich sein. Nur solange der Vorrat reicht.<br \/>2. Die Akkulaufzeit variiert unter anderem je nach Produktkonfiguration, Leistungseinstellungen und Nutzung.<\/p>\n","protected":false},"excerpt":{"rendered":"<p>15.6&#8243;, 1920 x 1080, AMD Ryzen 5 3500U, 2.1 GHz, 8 GB RAM, 512 GB SSD, Radeon Vega 8 Graphics, HDMI, USB, RJ-45, Windows 10 Pro<\/p>\n","protected":false},"featured_media":0,"comment_status":"open","ping_status":"closed","template":"","meta":{"spay_email":""},"_links":{"self":[{"href":"http:\/\/test.s385-fair4host.http-s.de\/index.php\/wp-json\/wp\/v2\/product\/20006362"}],"collection":[{"href":"http:\/\/test.s385-fair4host.http-s.de\/index.php\/wp-json\/wp\/v2\/product"}],"about":[{"href":"http:\/\/test.s385-fair4host.http-s.de\/index.php\/wp-json\/wp\/v2\/types\/product"}],"replies":[{"embeddable":true,"href":"http:\/\/test.s385-fair4host.http-s.de\/index.php\/wp-json\/wp\/v2\/comments?post=20006362"}],"wp:attachment":[{"href":"http:\/\/test.s385-fair4host.http-s.de\/index.php\/wp-json\/wp\/v2\/media?parent=20006362"}],"curies":[{"name":"wp","href":"https:\/\/api.w.org\/{rel}","templated":true}]}}