{"id":20006358,"date":"2021-01-07T20:41:31","date_gmt":"2021-01-07T19:41:31","guid":{"rendered":"http:\/\/test.s385-fair4host.http-s.de\/index.php\/produkt\/microsoft-windows-10-pro\/"},"modified":"2021-01-07T20:41:31","modified_gmt":"2021-01-07T19:41:31","slug":"microsoft-windows-10-pro","status":"publish","type":"product","link":"http:\/\/test.s385-fair4host.http-s.de\/index.php\/produkt\/microsoft-windows-10-pro\/","title":{"rendered":"Microsoft Windows 10 Pro"},"content":{"rendered":"<p><b>Das vertraute Windows, nur besser.<\/b><\/p>\n<p><b>Vertraut und besser als je zuvor.<\/b><\/p>\n<p>Windows 10 ist vertraut und benutzerfreundlich, viele Funktionen wie beispielsweise das Startmen\u00fc \u00e4hneln Windows 7.<\/p>\n<p>Der Startvorgang ist schneller, es kommt mit mehr Sicherheit und es l\u00e4uft mit der Software und auf der Hardware, die Sie bereits im Einsatz haben.<\/p>\n<p><b>Millionen von Menschen nutzen bereits Windows 10.<\/b><\/p>\n<p>Das Windows Insider Programm ist eine weltweite Community von Windows-Fans, die Windows besser machen m\u00f6chten. Insider k\u00f6nnen das Betriebssystem schon von Anfang an testen und die Entwicklung beeinflussen. Mithilfe des Feedbacks entstand das bisher beste Windows.<\/p>\n<p><b>Internet wie es sein sollte.<\/b><\/p>\n<p>Microsoft Edge l\u00e4sst Sie schneller suchen und somit mehr erledigen. Sie k\u00f6nnen Notizen handschriftlich1 oder \u00fcber die Tastatur direkt zu Websites hinzuf\u00fcgen und mit anderen teilen, Artikel online ohne Ablenkung lesen und Favoriten f\u00fcr sp\u00e4ter speichern. Wenn Cortana aktiviert ist, k\u00f6nnen Sie Worte hervorheben, die Sie nicht kennen, und erhalten direkt eine Erkl\u00e4rung, ohne dass Sie die Seite verlassen m\u00fcssen.<\/p>\n<p><b>Multi-Doing hilft Ihnen, alles schneller zu erledigen.<\/b><\/p>\n<p>Erledigen Sie Ihre Aufgaben dank eines \u00fcbersichtlichen Desktops einfach schneller. Docken Sie bis zu vier Apps gleichzeitig an und erstellen Sie virtuelle Desktops, wenn Sie mehr Platz ben\u00f6tigen oder Inhalte f\u00fcr ein Projekt zusammenfassen m\u00f6chten, zum Beispiel Office-Apps f\u00fcr die Arbeit und Spiele f\u00fcr die Freizeit.<\/p>\n<p><b>Der neue Windows Store ist der Ort f\u00fcr all Ihre Favoriten.<\/b><\/p>\n<p>Gehen Sie im Windows Store auf Einkaufsbummel \u2013 ganz einfach und bequem auf jedem Ger\u00e4t mit Windows 10. Durchsuchen Sie den Store auf Ihrem PC, Tablet oder Smartphone und laden Sie erstklassige kostenlose und kostenpflichtige Inhalte herunter: Apps, Spiele, Musik, Filme, TV-Shows u.v.m.<\/p>\n<p><b>Xbox wird in Windows integriert.<\/b><\/p>\n<p>Die gr\u00f6\u00dften Xbox Hits und das Beste von Xbox Live lassen sich nun auch unter Windows 10 spielen. Starten Sie in wenigen Sekunden den Mitschnitt des Spielverlaufs, spielen Sie gegen Spieler mit einer Konsole und streamen Sie Spiele von Ihrer Xbox One auf Ihren Windows 10-PC \u00fcberall in Ihrer Wohnung.<\/p>\n","protected":false},"excerpt":{"rendered":"<p>Windows 10 Pro 64-Bit, DSP\/SB, DVD, German<\/p>\n","protected":false},"featured_media":20006359,"comment_status":"open","ping_status":"closed","template":"","meta":{"spay_email":""},"_links":{"self":[{"href":"http:\/\/test.s385-fair4host.http-s.de\/index.php\/wp-json\/wp\/v2\/product\/20006358"}],"collection":[{"href":"http:\/\/test.s385-fair4host.http-s.de\/index.php\/wp-json\/wp\/v2\/product"}],"about":[{"href":"http:\/\/test.s385-fair4host.http-s.de\/index.php\/wp-json\/wp\/v2\/types\/product"}],"replies":[{"embeddable":true,"href":"http:\/\/test.s385-fair4host.http-s.de\/index.php\/wp-json\/wp\/v2\/comments?post=20006358"}],"wp:featuredmedia":[{"embeddable":true,"href":"http:\/\/test.s385-fair4host.http-s.de\/index.php\/wp-json\/wp\/v2\/media\/20006359"}],"wp:attachment":[{"href":"http:\/\/test.s385-fair4host.http-s.de\/index.php\/wp-json\/wp\/v2\/media?parent=20006358"}],"curies":[{"name":"wp","href":"https:\/\/api.w.org\/{rel}","templated":true}]}}