{"id":20006342,"date":"2021-01-07T20:41:20","date_gmt":"2021-01-07T19:41:20","guid":{"rendered":"http:\/\/test.s385-fair4host.http-s.de\/index.php\/produkt\/brother-dcp-l3510cdw-multifunktionsgeraet-led-a4-2400-x-600-dpi-18-seiten-pro-minute-wlan\/"},"modified":"2021-01-07T20:41:20","modified_gmt":"2021-01-07T19:41:20","slug":"brother-dcp-l3510cdw-multifunktionsgeraet-led-a4-2400-x-600-dpi-18-seiten-pro-minute-wlan","status":"publish","type":"product","link":"http:\/\/test.s385-fair4host.http-s.de\/index.php\/produkt\/brother-dcp-l3510cdw-multifunktionsgeraet-led-a4-2400-x-600-dpi-18-seiten-pro-minute-wlan\/","title":{"rendered":"Brother DCP-L3510CDW Multifunktionsger\u00e4t LED A4 2400 x 600 DPI 18 Seiten pro Minute WLAN"},"content":{"rendered":"<p>Schnell, leise und umweltfreundlich: Das DCP-L3510CDW von Brother bietet Multifunktionalit\u00e4t auf kleinstem Raum &#8211; ideal f\u00fcr den Arbeitsplatz oder kleine Arbeitsgruppen.<\/p>\n<p><b>Mehr Sicherheit und Service ohne Mehrkosten <\/b><br \/>Als Ausdruck des Vertrauens in die Qualit\u00e4t unserer Produkte haben wir uns f\u00fcr die 3-j\u00e4hrige Herstellergarantie entschieden. Ihnen als Anwender unserer Ger\u00e4te bietet dies mehr Leistung sowie Sicherheit und schafft gleichzeitig eine solide Grundlage f\u00fcr eine problemlose Nutzung der Brother Produkte.<\/p>\n<p>Sollte es innerhalb dieser 3 Jahre nach Kauf eines Brother Produktes tats\u00e4chlich zu einem Garantiefall kommen, sorgt unser technischer Service sowie unsere bundesweiten Servicepartner (bestimmt auch in Ihrer N\u00e4he) f\u00fcr eine schnelle Reparatur oder gar einen Austausch.<\/p>\n<p><b>Jetzt noch leiser drucken<\/b><br \/>Die neuen Farb-Laserdrucker f\u00fcr den Arbeitsplatz zeichnen sich durch eine deutlich geringere Ger\u00e4uschemission w\u00e4hrend des Druckens aus. Bei Auswahl des Leisemodus wird der Schalldruckpegel sogar um bis zu 4 weitere Dezibel reduziert und erm\u00f6glicht so ein noch entspannteres Arbeiten.<\/p>\n<p><b>EU Datenschutzgrundverordnung<\/b><br \/>Die Brother Druck-, Scan- und Multifunktionsger\u00e4te sowie Anwendungen lassen sich konform zur Datenschutz-Grundverordnung (DSGVO) betreiben. Was Sie bei Einrichtung und Betrieb beachten sollten, finden Sie auf der folgenden Informationsseite<\/p>\n<p><b>Blauer Engel<\/b><br \/>Dieses Brother Ger\u00e4t wurde mit dem \u201eBlauen Engel\u201c ausgezeichnet und damit als ressourcenschonend und emissionsarm klassifiziert. Dieses wichtige Pr\u00fcf- und G\u00fctesiegel gibt Ihnen die Sicherheit, sich mit dem Kauf dieses Ger\u00e4tes f\u00fcr ein umweltschonendes Produkt zu entscheiden und gesundheitlich auf Nummer sicher zu gehen.<\/p>\n<p><b>ENERGY STAR\u00ae<\/b><br \/>Das Internationale ENERGY STAR\u00ae-Programm hat die Aufgabe, die Herstellung und Verbreitung energiesparender B\u00fcroger\u00e4te zu f\u00f6rdern. Ger\u00e4te, die mit diesem G\u00fctesiegel ausgezeichnet sind, d\u00fcrfen innerhalb einer bestimmten Zeit einen bestimmten Energieverbrauch nicht \u00fcberschreiten. Die Ger\u00e4te m\u00fcssen auch mit einem Energiesparmodus ausgestattet sein, der den Energieverbrauch nach einer bestimmten Zeit, in der das Ger\u00e4t nicht verwendet wird, automatisch reduziert.<\/p>\n","protected":false},"excerpt":{"rendered":"<p>2400 x 600 dpi, 18ppm, A4, 512MB, 800MHz, 802.11b\/g\/n, USB 2.0, 400W, 21.7kg<\/p>\n","protected":false},"featured_media":20006343,"comment_status":"open","ping_status":"closed","template":"","meta":{"spay_email":""},"_links":{"self":[{"href":"http:\/\/test.s385-fair4host.http-s.de\/index.php\/wp-json\/wp\/v2\/product\/20006342"}],"collection":[{"href":"http:\/\/test.s385-fair4host.http-s.de\/index.php\/wp-json\/wp\/v2\/product"}],"about":[{"href":"http:\/\/test.s385-fair4host.http-s.de\/index.php\/wp-json\/wp\/v2\/types\/product"}],"replies":[{"embeddable":true,"href":"http:\/\/test.s385-fair4host.http-s.de\/index.php\/wp-json\/wp\/v2\/comments?post=20006342"}],"wp:featuredmedia":[{"embeddable":true,"href":"http:\/\/test.s385-fair4host.http-s.de\/index.php\/wp-json\/wp\/v2\/media\/20006343"}],"wp:attachment":[{"href":"http:\/\/test.s385-fair4host.http-s.de\/index.php\/wp-json\/wp\/v2\/media?parent=20006342"}],"curies":[{"name":"wp","href":"https:\/\/api.w.org\/{rel}","templated":true}]}}