{"id":20006339,"date":"2021-01-07T20:41:17","date_gmt":"2021-01-07T19:41:17","guid":{"rendered":"http:\/\/test.s385-fair4host.http-s.de\/index.php\/produkt\/brother-dr-243cl-drucker-trommel-original-1-stuecke\/"},"modified":"2021-01-07T20:41:17","modified_gmt":"2021-01-07T19:41:17","slug":"brother-dr-243cl-drucker-trommel-original-1-stuecke","status":"publish","type":"product","link":"http:\/\/test.s385-fair4host.http-s.de\/index.php\/produkt\/brother-dr-243cl-drucker-trommel-original-1-stuecke\/","title":{"rendered":"Brother DR-243CL Drucker-Trommel Original 1 St\u00fcck(e)"},"content":{"rendered":"<p>Die Original Brother DR-243CL Trommeleinheit und die Brother Drucker wurden aufeinander so abgestimmt, dass beste Ergebnisse erzielt werden. Die Trommel ist leicht zu installieren. Profitieren Sie von langlebigen und hochwertigen Ausdrucken.<\/p>\n<p>Mit der DR-243CL Trommeleinheit m\u00fcssen Sie in punkto Qualit\u00e4t keine Kompromisse eingehen. Die DR-243CL Original Trommeleinheit wurde f\u00fcr Ihren Drucker entwickelt und liefert zuverl\u00e4ssig hervorragende Druckergebnisse. Die hohe Druckqualit\u00e4t der DR-243CL basiert auf der perfekten Abstimmung mit dem Laserdrucker, die ein sauberes und hochwertiges Druckbild gew\u00e4hrleistet.<\/p>\n<p>Weitere Besonderheit von Brother Laserger\u00e4ten ist, dass die Original Brother Tonerkartuschen nicht fest mit der jeweiligen Trommel verbaut sind. Grund hierf\u00fcr ist, dass die Verschlei\u00dfteile der Trommel eine h\u00f6here Lebensdauer besitzen als das Pulver in den Tonerkartuschen. Durch das getrennte Toner-\/Trommel-System kann die Trommel somit auch nach Leergang der Kartuschen weiterverwendet werden und Sie m\u00fcssen immer nur die Komponente ersetzen, die tats\u00e4chlich leer bzw. verschlissen ist. So k\u00f6nnen Sie Druckkosten einsparen und die Umwelt sch\u00fctzen.<\/p>\n","protected":false},"excerpt":{"rendered":"<p>Original DR-243CL Trommeleinheit f\u00fcr 18.000 Seiten<\/p>\n","protected":false},"featured_media":20006340,"comment_status":"open","ping_status":"closed","template":"","meta":{"spay_email":""},"_links":{"self":[{"href":"http:\/\/test.s385-fair4host.http-s.de\/index.php\/wp-json\/wp\/v2\/product\/20006339"}],"collection":[{"href":"http:\/\/test.s385-fair4host.http-s.de\/index.php\/wp-json\/wp\/v2\/product"}],"about":[{"href":"http:\/\/test.s385-fair4host.http-s.de\/index.php\/wp-json\/wp\/v2\/types\/product"}],"replies":[{"embeddable":true,"href":"http:\/\/test.s385-fair4host.http-s.de\/index.php\/wp-json\/wp\/v2\/comments?post=20006339"}],"wp:featuredmedia":[{"embeddable":true,"href":"http:\/\/test.s385-fair4host.http-s.de\/index.php\/wp-json\/wp\/v2\/media\/20006340"}],"wp:attachment":[{"href":"http:\/\/test.s385-fair4host.http-s.de\/index.php\/wp-json\/wp\/v2\/media?parent=20006339"}],"curies":[{"name":"wp","href":"https:\/\/api.w.org\/{rel}","templated":true}]}}