{"id":20006338,"date":"2021-01-07T20:41:16","date_gmt":"2021-01-07T19:41:16","guid":{"rendered":"http:\/\/test.s385-fair4host.http-s.de\/index.php\/produkt\/brother-wt-223cl-drucker-scanner-ersatzteile-resttonerbehaelter-1-stuecke\/"},"modified":"2021-01-07T20:41:16","modified_gmt":"2021-01-07T19:41:16","slug":"brother-wt-223cl-drucker-scanner-ersatzteile-resttonerbehaelter-1-stuecke","status":"publish","type":"product","link":"http:\/\/test.s385-fair4host.http-s.de\/index.php\/produkt\/brother-wt-223cl-drucker-scanner-ersatzteile-resttonerbehaelter-1-stuecke\/","title":{"rendered":"Brother WT-223CL Drucker-\/Scanner-Ersatzteile Resttonerbeh\u00e4lter 1 St\u00fcck(e)"},"content":{"rendered":"<p>Der Original Brother WT-223CL Tonerabfallbeh\u00e4lter und die Brother Drucker wurden aufeinander so abgestimmt, dass beste Ergebnisse erzielt werden. Der Tonerabfallbeh\u00e4lter ist leicht zu installieren. Profitieren Sie von langlebigen und hochwertigen Ausdrucken.<\/p>\n<p>Der WT-223CL Tonerabfallbeh\u00e4lter ist unabdingbar, wenn es darum geht, die Lebensdauer Ihres Druckers zu verl\u00e4ngern und sicherzustellen, dass er stets qualitativ hochwertige Ausdrucke liefert.<\/p>\n<p>Der Original Brother Tonerabfallbeh\u00e4lter sammelt allen \u00fcbersch\u00fcssigen Toner, der sich mit der Zeit in der Maschine anreichert, sodass dieser schnell, einfach und ohne Verschmutzungen entsorgt werden kann. Dadurch erhalten Sie durchg\u00e4ngig hervorragende und gestochen scharfe Druckergebnisse, so wie Sie es von Brother gewohnt sind.<\/p>\n<p>Dank einer Lebensdauer von 50.000 Seiten ist der Original Brother Tonerabfallbeh\u00e4lter langlebig und zuverl\u00e4ssig und sorgt so f\u00fcr eine einwandfreie Funktionalit\u00e4t Ihres Druckers.<\/p>\n","protected":false},"excerpt":{"rendered":"<p>Original WT-223CL Tonerabfallbeh\u00e4lter f\u00fcr 50000 Seiten<\/p>\n","protected":false},"featured_media":0,"comment_status":"open","ping_status":"closed","template":"","meta":{"spay_email":""},"_links":{"self":[{"href":"http:\/\/test.s385-fair4host.http-s.de\/index.php\/wp-json\/wp\/v2\/product\/20006338"}],"collection":[{"href":"http:\/\/test.s385-fair4host.http-s.de\/index.php\/wp-json\/wp\/v2\/product"}],"about":[{"href":"http:\/\/test.s385-fair4host.http-s.de\/index.php\/wp-json\/wp\/v2\/types\/product"}],"replies":[{"embeddable":true,"href":"http:\/\/test.s385-fair4host.http-s.de\/index.php\/wp-json\/wp\/v2\/comments?post=20006338"}],"wp:attachment":[{"href":"http:\/\/test.s385-fair4host.http-s.de\/index.php\/wp-json\/wp\/v2\/media?parent=20006338"}],"curies":[{"name":"wp","href":"https:\/\/api.w.org\/{rel}","templated":true}]}}