{"id":20006332,"date":"2021-01-07T20:41:12","date_gmt":"2021-01-07T19:41:12","guid":{"rendered":"http:\/\/test.s385-fair4host.http-s.de\/index.php\/produkt\/brother-tn-247bk-tonerkartusche-1-stuecke-original-schwarz\/"},"modified":"2021-01-07T20:41:12","modified_gmt":"2021-01-07T19:41:12","slug":"brother-tn-247bk-tonerkartusche-1-stuecke-original-schwarz","status":"publish","type":"product","link":"http:\/\/test.s385-fair4host.http-s.de\/index.php\/produkt\/brother-tn-247bk-tonerkartusche-1-stuecke-original-schwarz\/","title":{"rendered":"Brother TN-247BK Tonerkartusche 1 St\u00fcck(e) Original Schwarz"},"content":{"rendered":"<p>Original Brother TN-247BK Tonerkartusche Schwarz f\u00fcr 3.000 Seiten<\/p>\n<p>Die Original Brother TN-247BK Tonerkartusche in Schwarz und die Brother Drucker wurden aufeinander so abgestimmt, dass beste Ergebnisse in brillanten Farben erzielt werden. Die Kartusche ist leicht zu installieren. Profitieren Sie von langlebigen und hochwertigen Ausdrucken.<\/p>\n<p>Mit der TN-247C Tonerkartusche in Cyan erwecken Sie Dokumente zum Leben und m\u00fcssen in punkto Qualit\u00e4t keine Kompromisse eingehen. Die TN-247C Original Tonerkartusche wurde f\u00fcr Ihren Drucker entwickelt und liefert zuverl\u00e4ssig hervorragende Druckergebnisse. Die hohe Druckqualit\u00e4t der TN-247C basiert auf der perfekten Abstimmung mit dem Laserdrucker, die ein sauberes und hochwertiges Druckbild gew\u00e4hrleistet.<\/p>\n<p>Weitere Besonderheit von Brother Laserger\u00e4ten ist, dass die Original Brother Tonerkartuschen nicht fest mit der jeweiligen Trommel verbaut sind. Grund hierf\u00fcr ist, dass die Verschlei\u00dfteile der Trommel eine h\u00f6here Lebensdauer besitzen als das Pulver in den Tonerkartuschen. Durch das getrennte Toner-\/Trommel-System kann die Trommel somit auch nach Leergang der Kartuschen weiterverwendet werden und Sie m\u00fcssen immer nur die Komponente ersetzen, die tats\u00e4chlich leer bzw. verschlissen ist. So k\u00f6nnen Sie Druckkosten einsparen und die Umwelt sch\u00fctzen.<\/p>\n","protected":false},"excerpt":{"rendered":"<p>TN-247BK Tonerkartusche \u2013 Schwarz<\/p>\n","protected":false},"featured_media":20006333,"comment_status":"open","ping_status":"closed","template":"","meta":{"spay_email":""},"_links":{"self":[{"href":"http:\/\/test.s385-fair4host.http-s.de\/index.php\/wp-json\/wp\/v2\/product\/20006332"}],"collection":[{"href":"http:\/\/test.s385-fair4host.http-s.de\/index.php\/wp-json\/wp\/v2\/product"}],"about":[{"href":"http:\/\/test.s385-fair4host.http-s.de\/index.php\/wp-json\/wp\/v2\/types\/product"}],"replies":[{"embeddable":true,"href":"http:\/\/test.s385-fair4host.http-s.de\/index.php\/wp-json\/wp\/v2\/comments?post=20006332"}],"wp:featuredmedia":[{"embeddable":true,"href":"http:\/\/test.s385-fair4host.http-s.de\/index.php\/wp-json\/wp\/v2\/media\/20006333"}],"wp:attachment":[{"href":"http:\/\/test.s385-fair4host.http-s.de\/index.php\/wp-json\/wp\/v2\/media?parent=20006332"}],"curies":[{"name":"wp","href":"https:\/\/api.w.org\/{rel}","templated":true}]}}