{"id":20006330,"date":"2021-01-07T20:41:10","date_gmt":"2021-01-07T19:41:10","guid":{"rendered":"http:\/\/test.s385-fair4host.http-s.de\/index.php\/produkt\/brother-tn-247y-tonerkartusche-1-stuecke-original-gelb\/"},"modified":"2021-01-07T20:41:10","modified_gmt":"2021-01-07T19:41:10","slug":"brother-tn-247y-tonerkartusche-1-stuecke-original-gelb","status":"publish","type":"product","link":"http:\/\/test.s385-fair4host.http-s.de\/index.php\/produkt\/brother-tn-247y-tonerkartusche-1-stuecke-original-gelb\/","title":{"rendered":"Brother TN-247Y Tonerkartusche 1 St\u00fcck(e) Original Gelb"},"content":{"rendered":"<p>Original Brother TN-247Y Tonerkartusche Gelb f\u00fcr 2.300 Seiten<\/p>\n<p>Die Original Brother TN-247Y Tonerkartusche in Gelb und die Brother Drucker wurden aufeinander so abgestimmt, dass beste Ergebnisse in brillanten Farben erzielt werden. Die Kartusche ist leicht zu installieren. Profitieren Sie von langlebigen und hochwertigen Ausdrucken.<\/p>\n<p>Mit der TN-247Y Tonerkartusche in Gelb erwecken Sie Dokumente zum Leben und m\u00fcssen in punkto Qualit\u00e4t keine Kompromisse eingehen. Die TN-247Y Original Tonerkartusche wurde f\u00fcr Ihren Drucker entwickelt und liefert zuverl\u00e4ssig hervorragende Druckergebnisse. Die hohe Druckqualit\u00e4t der TN-247Y basiert auf der perfekten Abstimmung mit dem Laserdrucker, die ein sauberes und hochwertiges Druckbild gew\u00e4hrleistet.<\/p>\n<p>Weitere Besonderheit von Brother Laserger\u00e4ten ist, dass die Original Brother Tonerkartuschen nicht fest mit der jeweiligen Trommel verbaut sind. Grund hierf\u00fcr ist, dass die Verschlei\u00dfteile der Trommel eine h\u00f6here Lebensdauer besitzen als das Pulver in den Tonerkartuschen. Durch das getrennte Toner-\/Trommel-System kann die Trommel somit auch nach Leergang der Kartuschen weiterverwendet werden und Sie m\u00fcssen immer nur die Komponente ersetzen, die tats\u00e4chlich leer bzw. verschlissen ist. So k\u00f6nnen Sie Druckkosten einsparen und die Umwelt sch\u00fctzen.<\/p>\n<p>Mit der Entscheidung f\u00fcr eine Original TN-247Y Tonerkartusche stellen Sie sicher, dass Ihr Brother Ger\u00e4t optimal funktioniert und weiterhin durch die 3 Jahre Garantie gesch\u00fctzt ist.<\/p>\n","protected":false},"excerpt":{"rendered":"<p>TN-247Y Tonerkartusche \u2013 Gelb<\/p>\n","protected":false},"featured_media":20006331,"comment_status":"open","ping_status":"closed","template":"","meta":{"spay_email":""},"_links":{"self":[{"href":"http:\/\/test.s385-fair4host.http-s.de\/index.php\/wp-json\/wp\/v2\/product\/20006330"}],"collection":[{"href":"http:\/\/test.s385-fair4host.http-s.de\/index.php\/wp-json\/wp\/v2\/product"}],"about":[{"href":"http:\/\/test.s385-fair4host.http-s.de\/index.php\/wp-json\/wp\/v2\/types\/product"}],"replies":[{"embeddable":true,"href":"http:\/\/test.s385-fair4host.http-s.de\/index.php\/wp-json\/wp\/v2\/comments?post=20006330"}],"wp:featuredmedia":[{"embeddable":true,"href":"http:\/\/test.s385-fair4host.http-s.de\/index.php\/wp-json\/wp\/v2\/media\/20006331"}],"wp:attachment":[{"href":"http:\/\/test.s385-fair4host.http-s.de\/index.php\/wp-json\/wp\/v2\/media?parent=20006330"}],"curies":[{"name":"wp","href":"https:\/\/api.w.org\/{rel}","templated":true}]}}