{"id":20006310,"date":"2021-01-07T20:40:56","date_gmt":"2021-01-07T19:40:56","guid":{"rendered":"http:\/\/test.s385-fair4host.http-s.de\/index.php\/produkt\/brother-mfc-j890dw-multifunktionsgeraet-tintenstrahl-a4-6000-x-1200-dpi-27-seiten-pro-minute-wlan\/"},"modified":"2021-01-07T20:40:56","modified_gmt":"2021-01-07T19:40:56","slug":"brother-mfc-j890dw-multifunktionsgeraet-tintenstrahl-a4-6000-x-1200-dpi-27-seiten-pro-minute-wlan","status":"publish","type":"product","link":"http:\/\/test.s385-fair4host.http-s.de\/index.php\/produkt\/brother-mfc-j890dw-multifunktionsgeraet-tintenstrahl-a4-6000-x-1200-dpi-27-seiten-pro-minute-wlan\/","title":{"rendered":"Brother MFC-J890DW Multifunktionsger\u00e4t Tintenstrahl A4 6000 x 1200 DPI 27 Seiten pro Minute WLAN"},"content":{"rendered":"<p>Das Brother MFC-J890DW ist, mit seinem kompakten Design und seinen vielf\u00e4ltigen Funktionen, das ideale Multifunktionsger\u00e4t f\u00fcr den Einsatz Zuhause oder am Arbeitsplatz. Mit seiner intuitiven und nutzerfreundlichen Men\u00fcf\u00fchrung, der kostensparenden Duplexdruck-Funktion und dem umweltfreundlichen und emissionsfreien Betrieb, bietet das MFC-J890DW mehreren Nutzern sich \u00fcber LAN, WLAN oder aber mit dem Smartphone via App mit dem Ger\u00e4t zu verbinden.<\/p>\n<p><b>Mehr Sicherheit und Service ohne Mehrkosten<\/b><br \/>Als Ausdruck des Vertrauens in die Qualit\u00e4t unserer Produkte haben wir uns f\u00fcr die 3 j\u00e4hrige Herstellergarantie entschieden. Ihnen als Anwender unserer Ger\u00e4te bietet dies mehr Leistung, sowie Sicherheit und schafft gleichzeitig eine solide Grundlage f\u00fcr eine problemlose Nutzung der Brother Produkte.<\/p>\n<p>Sollte es innerhalb dieser 3 Jahre nach Kauf eines Brother Produktes tats\u00e4chlich zu einem Garantiefall kommen, sorgt unser technischer Service, sowie unsere bundesweiten Servicepartner (bestimmt auch in Ihrer N\u00e4he) f\u00fcr eine schnelle Reparatur oder gar einen Austausch.<\/p>\n<p><b>Blauer Engel<\/b><br \/>Dieses Brother Ger\u00e4t wurde mit dem \u201eBlauen Engel\u201c ausgezeichnet und damit als ressourcenschonend und emissionsarm klassifiziert. Dieses wichtige Pr\u00fcf- und G\u00fctesiegel gibt Ihnen die Sicherheit, sich mit dem Kauf dieses Ger\u00e4tes f\u00fcr ein umweltschonendes Produkt zu entscheiden und gesundheitlich auf Nummer sicher zu gehen.<\/p>\n<p><b>ENERGY STAR\u00ae<\/b><br \/>Das Internationale ENERGY STAR\u00ae-Programm hat die Aufgabe, die Herstellung und Verbreitung energiesparender B\u00fcroger\u00e4te zu f\u00f6rdern. Ger\u00e4te, die mit diesem G\u00fctesiegel ausgezeichnet sind, d\u00fcrfen innerhalb einer bestimmten Zeit einen bestimmten Energieverbrauch nicht \u00fcberschreiten. Die Ger\u00e4te m\u00fcssen auch mit einem Energiesparmodus ausgestattet sein, der den Energieverbrauch nach einer bestimmten Zeit, in der das Ger\u00e4t nicht verwendet wird, automatisch reduziert.<\/p>\n<p><b>PTS-Zertifizierung (Dokumentenechtheit)<\/b><br \/>Dieses Brother-Ger\u00e4t wurde von der Papiertechnischen Stiftung (PTS) in Heidenau zertifiziert. Diese Auszeichnung bescheinigt dem Modell die f\u00fcr viele Anwendungszwecke (z. B. Erstellung notarieller Urkunden) gesetzlich vorgeschriebene Dokumentenechtheit. Das entsprechende Pr\u00fcfungszeugnis steht f\u00fcr Sie unter dem Reiter Downloads bereit.<\/p>\n<p><b>Automatischer Vorlageneinzug (ADF)<\/b><br \/>Mit dem integrierten ADF lassen sich schnell und bequem bis zu 20 Blatt verarbeiten.<\/p>\n<p><b>Kosteng\u00fcnstig<\/b><br \/>Wie alle Brother Tinten-Multifunktionsger\u00e4te, ist auch dieses Modell mit einem permanenten Druckkopf ausgestattet, welcher auf die gesamte Lebensdauer des Ger\u00e4tes ausgelegt ist. Zudem ist auch dieses Modell mit vier separaten Tintenpatronen ausgestattet. Es muss immer nur die Patrone gewechselt werden, die auch tats\u00e4chlich verbraucht wurde. Das spart Kosten und schont die Umwelt.<\/p>\n<p><b>Spielend leicht verbunden<\/b><br \/>Nutzen Sie verschiedenste Verbindungsm\u00f6glichkeiten um sich mit dem Ger\u00e4t zu verbinden. Z.B. \u00fcber WLAN oder LAN in Ihr Netzwerk eingebunden, greifen mehrere Nutzer bequem auf das Ger\u00e4t zu und dank zahlreicher Mobile- und Cloud Dienste haben Sie auch von unterwegs die M\u00f6glichkeit \u00fcber Ihr Mobiltelefon oder Tablet zu drucken, zu scannen und ganz einfach Ihre Dokumente abzulegen.<\/p>\n","protected":false},"excerpt":{"rendered":"<p>A4, 33\/27 ppm, 128 MB, USB 2.0, 10\/100 BaseTX, WLAN IEEE 802.11 b\/g\/n, NFC, 7.7 Kg<\/p>\n","protected":false},"featured_media":20006311,"comment_status":"open","ping_status":"closed","template":"","meta":{"spay_email":""},"_links":{"self":[{"href":"http:\/\/test.s385-fair4host.http-s.de\/index.php\/wp-json\/wp\/v2\/product\/20006310"}],"collection":[{"href":"http:\/\/test.s385-fair4host.http-s.de\/index.php\/wp-json\/wp\/v2\/product"}],"about":[{"href":"http:\/\/test.s385-fair4host.http-s.de\/index.php\/wp-json\/wp\/v2\/types\/product"}],"replies":[{"embeddable":true,"href":"http:\/\/test.s385-fair4host.http-s.de\/index.php\/wp-json\/wp\/v2\/comments?post=20006310"}],"wp:featuredmedia":[{"embeddable":true,"href":"http:\/\/test.s385-fair4host.http-s.de\/index.php\/wp-json\/wp\/v2\/media\/20006311"}],"wp:attachment":[{"href":"http:\/\/test.s385-fair4host.http-s.de\/index.php\/wp-json\/wp\/v2\/media?parent=20006310"}],"curies":[{"name":"wp","href":"https:\/\/api.w.org\/{rel}","templated":true}]}}