{"id":20006300,"date":"2021-01-07T20:40:40","date_gmt":"2021-01-07T19:40:40","guid":{"rendered":"http:\/\/test.s385-fair4host.http-s.de\/index.php\/produkt\/brother-dcp-l8410cdw-multifunktionsgeraet-laser-a4-2400-x-600-dpi-31-seiten-pro-minute-wlan\/"},"modified":"2021-01-07T20:40:40","modified_gmt":"2021-01-07T19:40:40","slug":"brother-dcp-l8410cdw-multifunktionsgeraet-laser-a4-2400-x-600-dpi-31-seiten-pro-minute-wlan","status":"publish","type":"product","link":"http:\/\/test.s385-fair4host.http-s.de\/index.php\/produkt\/brother-dcp-l8410cdw-multifunktionsgeraet-laser-a4-2400-x-600-dpi-31-seiten-pro-minute-wlan\/","title":{"rendered":"Brother DCP-L8410CDW Multifunktionsger\u00e4t Laser A4 2400 x 600 DPI 31 Seiten pro Minute WLAN"},"content":{"rendered":"<p>Dank der automatischen Duplexdruckfunktion und den flexiblen Papiermanagementoptionen ist das DCP-L8410CDW das optimale 3-in-1 Farblaser-Multifunktionsger\u00e4t f\u00fcr die Arbeitsgruppe. Schnell und bequem ins LAN oder WLAN eingebunden steht es der kompletten Arbeitsgruppe schnell zur Verf\u00fcgung. Das Multifunktionstalent verf\u00fcgt \u00fcber Druck-, Kopier- und Scanfunktion in Farbe.<\/p>\n<p>&#8211; Bis zu 31 Seiten\/Minute in Farbe und S\/W;<br \/>&#8211; Flexible Papiermanagementoptionen mit bis zu 1.050 Blatt Papierkapazit\u00e4t;<br \/>&#8211; 9,3 cm Touchscreen-Farbdisplay;<br \/>&#8211; 50 Blatt ADF;<br \/>&#8211; Jumbo-Tonerkassetten mit hoher Reichweite;<br \/>&#8211; Bestens abgesichert mit dem PRINT AirBag f\u00fcr 200.000 Seiten.<\/p>\n","protected":false},"excerpt":{"rendered":"<p>31 ppm, 2400 x 600 dpi, 3.7&#8243; LCD, Gigabit Ethernet, Wi-Fi, USB 2.0, 512 MB, 27.6 Kg<\/p>\n","protected":false},"featured_media":20006301,"comment_status":"open","ping_status":"closed","template":"","meta":{"spay_email":""},"_links":{"self":[{"href":"http:\/\/test.s385-fair4host.http-s.de\/index.php\/wp-json\/wp\/v2\/product\/20006300"}],"collection":[{"href":"http:\/\/test.s385-fair4host.http-s.de\/index.php\/wp-json\/wp\/v2\/product"}],"about":[{"href":"http:\/\/test.s385-fair4host.http-s.de\/index.php\/wp-json\/wp\/v2\/types\/product"}],"replies":[{"embeddable":true,"href":"http:\/\/test.s385-fair4host.http-s.de\/index.php\/wp-json\/wp\/v2\/comments?post=20006300"}],"wp:featuredmedia":[{"embeddable":true,"href":"http:\/\/test.s385-fair4host.http-s.de\/index.php\/wp-json\/wp\/v2\/media\/20006301"}],"wp:attachment":[{"href":"http:\/\/test.s385-fair4host.http-s.de\/index.php\/wp-json\/wp\/v2\/media?parent=20006300"}],"curies":[{"name":"wp","href":"https:\/\/api.w.org\/{rel}","templated":true}]}}