{"id":20006294,"date":"2021-01-07T20:40:35","date_gmt":"2021-01-07T19:40:35","guid":{"rendered":"http:\/\/test.s385-fair4host.http-s.de\/index.php\/produkt\/brother-mfc-j6930dw-multifunktionsgeraet-tintenstrahl-a3-1200-x-4800-dpi-35-seiten-pro-minute-wlan\/"},"modified":"2021-01-07T20:40:35","modified_gmt":"2021-01-07T19:40:35","slug":"brother-mfc-j6930dw-multifunktionsgeraet-tintenstrahl-a3-1200-x-4800-dpi-35-seiten-pro-minute-wlan","status":"publish","type":"product","link":"http:\/\/test.s385-fair4host.http-s.de\/index.php\/produkt\/brother-mfc-j6930dw-multifunktionsgeraet-tintenstrahl-a3-1200-x-4800-dpi-35-seiten-pro-minute-wlan\/","title":{"rendered":"Brother MFC-J6930DW Multifunktionsger\u00e4t Tintenstrahl A3 1200 x 4800 DPI 35 Seiten pro Minute WLAN"},"content":{"rendered":"<p>Das MFC-J6930DW ist das ideale 4-in-1 Business-Ink Multifunktionsger\u00e4t f\u00fcr Ihre hohen Anforderungen im B\u00fcro oder in der Arbeitsgruppe. Es vereint robuste Qualit\u00e4t mit schnellem sowie sicherem Druck und bietet mehreren Nutzern sich \u00fcber LAN, WLAN oder aber mit dem Smartphone via App mit dem Ger\u00e4t zu verbinden. Nutzen Sie das erweiterte Papiermanagement f\u00fcr Ihre unterschiedlichen Medienformate und drucken, scannen, kopieren und faxen Sie auch beidseitig bis zu DIN A3. Freuen Sie sich \u00fcber hochqualitative Ausdrucke und profitieren Sie dank vier separater, optionaler XL-Patronen von sehr g\u00fcnstigen Druckkosten.<\/p>\n<p><b>Beidseitig Drucken, Scannen, Kopieren und Faxen bis zum Format DIN A3<\/b><br \/>Das MFC-J6930DW ist mit einem Duplex-ADF mit Dual-CIS-Scaneinheit ausgestattet. Dokumente, die in diesen automatischen Vorlageneinzug eingelegt werden, k\u00f6nnen damit gleichzeitig von oben und unten eingescannt werden. Das manuelle Umdrehen eines beidseitig bedruckten Dokumentes entf\u00e4llt somit. Dies spart Zeit und erleichtert den Arbeitsablauf ungemein. Die Duplexdruckeinheit sorgt zus\u00e4tzlich daf\u00fcr, dass Dokumente auch beidseitig ausgedruckt werden k\u00f6nnen. Somit kann das MFC alle Funktionen (Drucken, Kopieren, Scannen und Faxen) auch Duplex und in DIN A3 ausf\u00fchren. <\/p>\n<p><b>Mobile Connect<\/b><br \/>Nutzen Sie verschiedenste M\u00f6glichkeiten \u00fcber Ihre mobilen Endger\u00e4te zu drucken oder darauf zu scannen.<br \/>&#8211; Kostenlose App Brother iPrint&#038;Scan f\u00fcr Apple iOS (iPhone, iPad, iPad mini, iPod touch), Android Smartphones und Tablets, Windows Phone und Kindle Fire<br \/>&#8211; AirPrint zum Drucken von iPhone, iPad, iPad mini, iPod touch<br \/>&#8211; Google Cloud PrintTM zum Drucken von Android Endger\u00e4ten<br \/>&#8211; Brother Print Service Plug-In f\u00fcr Android (Android 5.0 oder h\u00f6her)<br \/>&#8211; Mopria zum standartisierten Drucken von Smartphones, Tablets und anderen Mobilger\u00e4ten<\/p>\n<p><b>XL-Tintenpatronen mit pigmentierter Tinte<\/b><br \/>Das MFC-J6930DW verf\u00fcgt \u00fcber vier separate, optionale XL-Tintenpatronen f\u00fcr bis zu 3.000 Seiten in S\/W und 1.500 Seiten je Farbe (Gem\u00e4\u00df ISO\/IEC 24734), die Ihnen den Vorteil von sehr g\u00fcnstigen Druckkosten bieten. Ferner ist dieses Modell nach PTS zertifiziert und somit f\u00fcr den notariellen Dokumentendruck geeignet. Dank Tinte auf Pigmentbasis erhalten Sie hochqualitative und langlebige Unterlagen.<\/p>\n<p><b>Web Connect<\/b><br \/>Scannen Sie zu oder drucken Sie aus cloudbasierten Web-Diensten wie Facebook\u2122, FLICKR\u00ae, Google Drive\u2122, EVERNOTE, OneNote\u00ae, OneDrive\u00ae, Dropbox oder Box.<\/p>\n<p><b>Mehr Sicherheit und Service ohne Mehrkosten <\/b><br \/>Als Ausdruck des Vertrauens in die Qualit\u00e4t unserer Produkte haben wir uns f\u00fcr die 3-j\u00e4hrige Herstellergarantie entschieden. Ihnen als Anwender unserer Ger\u00e4te bietet dies mehr Leistung sowie Sicherheit und schafft gleichzeitig eine solide Grundlage f\u00fcr eine problemlose Nutzung der Brother Produkte. Sollte es innerhalb dieser 3 Jahre nach Kauf eines Brother Produktes tats\u00e4chlich zu einem Garantiefall kommen, sorgt unser technischer Service sowie unsere bundesweiten Servicepartner (bestimmt auch in Ihrer N\u00e4he) f\u00fcr eine schnelle Reparatur oder gar einen Austausch.<\/p>\n","protected":false},"excerpt":{"rendered":"<p>A3 Duplex-ADF, 4800x1200dpi Print, 2400x1200dpi Scan, 256 Grayscale, DUAL-CIS, 48\/24bits, 9.3cm Display, 25-400%, LAN, WLAN, Fax<\/p>\n","protected":false},"featured_media":20006295,"comment_status":"open","ping_status":"closed","template":"","meta":{"spay_email":""},"_links":{"self":[{"href":"http:\/\/test.s385-fair4host.http-s.de\/index.php\/wp-json\/wp\/v2\/product\/20006294"}],"collection":[{"href":"http:\/\/test.s385-fair4host.http-s.de\/index.php\/wp-json\/wp\/v2\/product"}],"about":[{"href":"http:\/\/test.s385-fair4host.http-s.de\/index.php\/wp-json\/wp\/v2\/types\/product"}],"replies":[{"embeddable":true,"href":"http:\/\/test.s385-fair4host.http-s.de\/index.php\/wp-json\/wp\/v2\/comments?post=20006294"}],"wp:featuredmedia":[{"embeddable":true,"href":"http:\/\/test.s385-fair4host.http-s.de\/index.php\/wp-json\/wp\/v2\/media\/20006295"}],"wp:attachment":[{"href":"http:\/\/test.s385-fair4host.http-s.de\/index.php\/wp-json\/wp\/v2\/media?parent=20006294"}],"curies":[{"name":"wp","href":"https:\/\/api.w.org\/{rel}","templated":true}]}}