{"id":20006292,"date":"2021-01-07T20:40:34","date_gmt":"2021-01-07T19:40:34","guid":{"rendered":"http:\/\/test.s385-fair4host.http-s.de\/index.php\/produkt\/brother-hl-l5200dw-laser-drucker-1200-x-1200-dpi-a4-wlan\/"},"modified":"2021-01-07T20:40:34","modified_gmt":"2021-01-07T19:40:34","slug":"brother-hl-l5200dw-laser-drucker-1200-x-1200-dpi-a4-wlan","status":"publish","type":"product","link":"http:\/\/test.s385-fair4host.http-s.de\/index.php\/produkt\/brother-hl-l5200dw-laser-drucker-1200-x-1200-dpi-a4-wlan\/","title":{"rendered":"Brother HL-L5200DW Laser-Drucker 1200 x 1200 DPI A4 WLAN"},"content":{"rendered":"<p><b>Cashback Aktion f\u00fcr gewerbliche Anwender<\/b><br \/>Brother Cashback 20 EuroProfitieren Sie als Business Anwender von der Brother Cashback Aktion beim Kauf oder Leasing ausgew\u00e4hlter Modelle. Hierzu m\u00fcssen Sie lediglich Ihr erworbenes Aktionsmodell registrieren und der Cashback Betrag in H\u00f6he von 20 \u20ac je Aktionsmodell wird Ihnen gutgeschrieben.<\/p>\n<p><b>PRINT AirBag f\u00fcr 200.000 Seiten im Wert von 305 Euro enthalten<\/b><br \/>Brother bietet f\u00fcr den HL-L5200DW den PRINT Airbag f\u00fcr 200.000 Seiten an. Sollte vor Erreichen der Druckleistung und vor dem Ende des 3-j\u00e4hrigen Garantiezeitraums ein Austausch von Verschlei\u00dfteilen, bei denen die normale Garantie im Schadensfall nicht greift, erforderlich sein, \u00fcbernimmt Brother die Kosten f\u00fcr die entsprechende Arbeitszeit und die notwendigen Verschlei\u00dfteile. <\/p>\n<p>Brother gew\u00e4hrt auf das HL-L5200DW eine dreij\u00e4hrige Vor-Ort-Hersteller-Garantie. Diese Garantieleistungen sind Ausdruck des Vertrauens in die Qualit\u00e4t unserer Produkte.<\/p>\n<p>Der HL-L5200DW bietet optional 250 Blatt und 520 Blatt Kassetten. Damit stehen maximal 3 Papierkassetten zur Verf\u00fcgung. Dank geringer Stellfl\u00e4che findet der Laserdrucker dabei auch Platz in beengten Verh\u00e4ltnissen.<\/p>\n<p>Der Ausdruck der 1. Seite in weniger als 7,5 Sekunden und eine hohe Druckgeschwindigkeit von bis zu 40 Seiten\/Minute sorgen daf\u00fcr, dass Sie keine Deadline verpassen.<\/p>\n<p>Das hintergrundbeleuchtete LCD-Display erleichtert die Installation und Administration des Druckers erheblich.<\/p>\n<p>Egal ob per LAN, WLAN oder USB Schnittstelle: der HL-L5200DW l\u00e4sst sich kinderleicht in Ihre bestehenden Systeme integrieren.<\/p>\n","protected":false},"excerpt":{"rendered":"<p>200 x 1200 dpi, A4\/A5\/A6, 60 &#8211; 120 g\/m2, USB 2.0, Ethernet, IEEE 802.11b\/g\/n, Cortex-A9 800 MHz, LCD, 52 dB(A), 10.7 Kg<\/p>\n","protected":false},"featured_media":20006293,"comment_status":"open","ping_status":"closed","template":"","meta":{"spay_email":""},"_links":{"self":[{"href":"http:\/\/test.s385-fair4host.http-s.de\/index.php\/wp-json\/wp\/v2\/product\/20006292"}],"collection":[{"href":"http:\/\/test.s385-fair4host.http-s.de\/index.php\/wp-json\/wp\/v2\/product"}],"about":[{"href":"http:\/\/test.s385-fair4host.http-s.de\/index.php\/wp-json\/wp\/v2\/types\/product"}],"replies":[{"embeddable":true,"href":"http:\/\/test.s385-fair4host.http-s.de\/index.php\/wp-json\/wp\/v2\/comments?post=20006292"}],"wp:featuredmedia":[{"embeddable":true,"href":"http:\/\/test.s385-fair4host.http-s.de\/index.php\/wp-json\/wp\/v2\/media\/20006293"}],"wp:attachment":[{"href":"http:\/\/test.s385-fair4host.http-s.de\/index.php\/wp-json\/wp\/v2\/media?parent=20006292"}],"curies":[{"name":"wp","href":"https:\/\/api.w.org\/{rel}","templated":true}]}}