{"id":20006288,"date":"2021-01-07T20:40:31","date_gmt":"2021-01-07T19:40:31","guid":{"rendered":"http:\/\/test.s385-fair4host.http-s.de\/index.php\/produkt\/brother-lt-5500-papierzufuehrung-automatische-dokumentenzufuehrung-adf-250-blaetter\/"},"modified":"2021-01-07T20:40:31","modified_gmt":"2021-01-07T19:40:31","slug":"brother-lt-5500-papierzufuehrung-automatische-dokumentenzufuehrung-adf-250-blaetter","status":"publish","type":"product","link":"http:\/\/test.s385-fair4host.http-s.de\/index.php\/produkt\/brother-lt-5500-papierzufuehrung-automatische-dokumentenzufuehrung-adf-250-blaetter\/","title":{"rendered":"Brother LT-5500 Papierzuf\u00fchrung Automatische Dokumentenzuf\u00fchrung (ADF) 250 Bl\u00e4tter"},"content":{"rendered":"<p>Abmessungen (B x H x T): 363 x 102 x 384 mm<\/p>\n","protected":false},"excerpt":{"rendered":"<p>Papierzuf\u00fchrung LT-5500 f\u00fcr weitere 250 Blatt<\/p>\n","protected":false},"featured_media":20006289,"comment_status":"open","ping_status":"closed","template":"","meta":{"spay_email":""},"_links":{"self":[{"href":"http:\/\/test.s385-fair4host.http-s.de\/index.php\/wp-json\/wp\/v2\/product\/20006288"}],"collection":[{"href":"http:\/\/test.s385-fair4host.http-s.de\/index.php\/wp-json\/wp\/v2\/product"}],"about":[{"href":"http:\/\/test.s385-fair4host.http-s.de\/index.php\/wp-json\/wp\/v2\/types\/product"}],"replies":[{"embeddable":true,"href":"http:\/\/test.s385-fair4host.http-s.de\/index.php\/wp-json\/wp\/v2\/comments?post=20006288"}],"wp:featuredmedia":[{"embeddable":true,"href":"http:\/\/test.s385-fair4host.http-s.de\/index.php\/wp-json\/wp\/v2\/media\/20006289"}],"wp:attachment":[{"href":"http:\/\/test.s385-fair4host.http-s.de\/index.php\/wp-json\/wp\/v2\/media?parent=20006288"}],"curies":[{"name":"wp","href":"https:\/\/api.w.org\/{rel}","templated":true}]}}