{"id":20006260,"date":"2021-01-07T20:40:02","date_gmt":"2021-01-07T19:40:02","guid":{"rendered":"http:\/\/test.s385-fair4host.http-s.de\/index.php\/produkt\/brother-lc-223y-druckerpatrone-1-stuecke-original-gelb\/"},"modified":"2021-01-07T20:40:02","modified_gmt":"2021-01-07T19:40:02","slug":"brother-lc-223y-druckerpatrone-1-stuecke-original-gelb","status":"publish","type":"product","link":"http:\/\/test.s385-fair4host.http-s.de\/index.php\/produkt\/brother-lc-223y-druckerpatrone-1-stuecke-original-gelb\/","title":{"rendered":"Brother LC-223Y Druckerpatrone 1 St\u00fcck(e) Original Gelb"},"content":{"rendered":"<p>umweltfreundlich, original<\/p>\n<p>Brother Tintenpatronen sind besonders gut zum Ausdrucken von Dokumenten geeignet, die \u00fcber einen l\u00e4ngeren Zeitraum archiviert werden sollen. Bei gleichzeitiger Verwendung des Druckpapiers Brother BP-71 &#8211; das optimal auf die Zusammensetzung der in der Druckerpatrone enthaltenen <\/p>\n<p><b>4 separate Patronen<\/b><br \/>Alle Brother Tinten-Multifunktionsger\u00e4te haben f\u00fcr jede Farbe separate Tintenpatronen. Es muss nur die Patrone ersetzt werden, die auch tats\u00e4chlich verbraucht wurde. Somit schonen Sie die Umwelt und Ihren Geldbeutel.<\/p>\n<p><b>Blauer Engel<\/b><br \/>Brother Tintenpatronen haben zusammen mit dem getesteten Ger\u00e4t die Blauer Engel Zertifizierung nach RAL-ZU 122 erworben und sind somit als besonders umwelt- und ressourcenschonend anzusehen.<\/p>\n","protected":false},"excerpt":{"rendered":"<p>Tintenpatrone LC-223Y (Gelb)<\/p>\n","protected":false},"featured_media":20006261,"comment_status":"open","ping_status":"closed","template":"","meta":{"spay_email":""},"_links":{"self":[{"href":"http:\/\/test.s385-fair4host.http-s.de\/index.php\/wp-json\/wp\/v2\/product\/20006260"}],"collection":[{"href":"http:\/\/test.s385-fair4host.http-s.de\/index.php\/wp-json\/wp\/v2\/product"}],"about":[{"href":"http:\/\/test.s385-fair4host.http-s.de\/index.php\/wp-json\/wp\/v2\/types\/product"}],"replies":[{"embeddable":true,"href":"http:\/\/test.s385-fair4host.http-s.de\/index.php\/wp-json\/wp\/v2\/comments?post=20006260"}],"wp:featuredmedia":[{"embeddable":true,"href":"http:\/\/test.s385-fair4host.http-s.de\/index.php\/wp-json\/wp\/v2\/media\/20006261"}],"wp:attachment":[{"href":"http:\/\/test.s385-fair4host.http-s.de\/index.php\/wp-json\/wp\/v2\/media?parent=20006260"}],"curies":[{"name":"wp","href":"https:\/\/api.w.org\/{rel}","templated":true}]}}