{"id":20006252,"date":"2021-01-07T20:39:56","date_gmt":"2021-01-07T19:39:56","guid":{"rendered":"http:\/\/test.s385-fair4host.http-s.de\/index.php\/produkt\/brother-papierkassette\/"},"modified":"2021-01-07T20:39:56","modified_gmt":"2021-01-07T19:39:56","slug":"brother-papierkassette","status":"publish","type":"product","link":"http:\/\/test.s385-fair4host.http-s.de\/index.php\/produkt\/brother-papierkassette\/","title":{"rendered":"Brother Papierkassette"},"content":{"rendered":"<p>Optionale Papierkassette LT-320CL f\u00fcr 500 Blatt (max. 1x nachr\u00fcstbar) f\u00fcr noch mehr Kapazit\u00e4t und Flexibilit\u00e4t.<\/p>\n<p>Diese Papierkassette ist kompatibel mit folgenden Ger\u00e4ten:<br \/>HL-L8250CDN, HL-L8350CDW, DCP-L8400CDN, DCP-L8450CDW, MFC-L8650CDW, MFC-L8850CDW.<\/p>\n","protected":false},"excerpt":{"rendered":"<p>Optionale 500 Blatt Papierkassette<\/p>\n","protected":false},"featured_media":20006253,"comment_status":"open","ping_status":"closed","template":"","meta":{"spay_email":""},"_links":{"self":[{"href":"http:\/\/test.s385-fair4host.http-s.de\/index.php\/wp-json\/wp\/v2\/product\/20006252"}],"collection":[{"href":"http:\/\/test.s385-fair4host.http-s.de\/index.php\/wp-json\/wp\/v2\/product"}],"about":[{"href":"http:\/\/test.s385-fair4host.http-s.de\/index.php\/wp-json\/wp\/v2\/types\/product"}],"replies":[{"embeddable":true,"href":"http:\/\/test.s385-fair4host.http-s.de\/index.php\/wp-json\/wp\/v2\/comments?post=20006252"}],"wp:featuredmedia":[{"embeddable":true,"href":"http:\/\/test.s385-fair4host.http-s.de\/index.php\/wp-json\/wp\/v2\/media\/20006253"}],"wp:attachment":[{"href":"http:\/\/test.s385-fair4host.http-s.de\/index.php\/wp-json\/wp\/v2\/media?parent=20006252"}],"curies":[{"name":"wp","href":"https:\/\/api.w.org\/{rel}","templated":true}]}}