{"id":20006244,"date":"2021-01-07T20:39:51","date_gmt":"2021-01-07T19:39:51","guid":{"rendered":"http:\/\/test.s385-fair4host.http-s.de\/index.php\/produkt\/lg-22mb35pu-b-computerbildschirm-546-cm-21-5-zoll-1920-x-1080-pixel-full-hd-led-schwarz\/"},"modified":"2021-01-07T20:39:51","modified_gmt":"2021-01-07T19:39:51","slug":"lg-22mb35pu-b-computerbildschirm-546-cm-21-5-zoll-1920-x-1080-pixel-full-hd-led-schwarz","status":"publish","type":"product","link":"http:\/\/test.s385-fair4host.http-s.de\/index.php\/produkt\/lg-22mb35pu-b-computerbildschirm-546-cm-21-5-zoll-1920-x-1080-pixel-full-hd-led-schwarz\/","title":{"rendered":"LG 22MB35PU-B Computerbildschirm 54,6 cm (21.5 Zoll) 1920 x 1080 Pixel Full HD LED Schwarz"},"content":{"rendered":"<p><b>Flicker-Safe<\/b><br \/>F\u00e4nden Sie es nicht sch\u00f6n, wenn der eigenen Produktivit\u00e4t keine Grenzen mehr gesetzt w\u00e4ren? Dann wird Sie das Flicker-Safe-System begeistern. Denn durch die automatische Flimmer-Reduktion wird das Flimmern des Bildschirms permanent gegen null gesenkt. So k\u00f6nnen Sie lange konzentriert arbeiten, ohne die Augen dabei zu belasten. Aber es muss ja nicht immer Arbeit sein: Auch Gamer und Filmfans wird dieses augenschonende Feature faszinieren.<\/p>\n<p><b>Reader Mode<\/b><br \/>Um sich im Arbeitsalltag nicht zus\u00e4tzlich durch m\u00fcde Augen zu belasten, hat LG mit dem Reader-Mode-Feature etwas ganz Besonderes entwickelt. Falls Sie z. B. viel mit Texten und Tabellen arbeiten, k\u00f6nnen Sie ganz einfach per Hot-Key-Funktion in den Lesemodus wechseln. Dadurch werden die Blauanteile reduziert und optimale Lesebedingungen geschaffen. Das schont die Augen und sorgt f\u00fcr l\u00e4ngere Konzentration.<\/p>\n<p><b>Geringer Energieverbrauch<\/b><br \/>Die mit LED Backlight ausgestatteten LG Monitore strahlen deutlich weniger Hitze ab, was bedeutet, dass Energie effizienter genutzt wird. Damit lassen sich bis zu 40% der Stromkosten einsparen und die Lebensdauer nimmt zu: bis zu 50.000 Std. Betriebszeit werden somit erreicht.<\/p>\n<p><b>Ergonomisches Design<\/b><br \/>Vielseitig einsetzbarer Business Monitor, der jeden Anforderungen gerecht wird. Sowohl die Rotation um 90\u00b0 mit Pivot Funktion f\u00fcr das Betrachten langer Listen oder vertikaler Poster ist m\u00f6glich, als auch das Anpassen der H\u00f6he und es Neigungswinkels an Ihren Arbeitsplatz.<\/p>\n<p><b>Ideal als Multimonitor-Arbeitsplatz<\/b><br \/>Dank des schmalen Geh\u00e4userahmens ist dieser Monitor hervorragend f\u00fcr den Einsatz an Multimonitor-Arbeitspl\u00e4tzen geeignet. Der Abstand zwischen den aktiven Bildschirmfl\u00e4chen bleibt somit minimal und st\u00f6rt weit weniger, als bei herk\u00f6mmlichen Ger\u00e4ten.<\/p>\n","protected":false},"excerpt":{"rendered":"<p>21.5&#8243; 1920 x 1080, 16:9, 16.7 M, 250 cd\/m\u00b2, 5ms, USB 2.0, 3600g, Schwarz<\/p>\n","protected":false},"featured_media":20006245,"comment_status":"open","ping_status":"closed","template":"","meta":{"spay_email":""},"_links":{"self":[{"href":"http:\/\/test.s385-fair4host.http-s.de\/index.php\/wp-json\/wp\/v2\/product\/20006244"}],"collection":[{"href":"http:\/\/test.s385-fair4host.http-s.de\/index.php\/wp-json\/wp\/v2\/product"}],"about":[{"href":"http:\/\/test.s385-fair4host.http-s.de\/index.php\/wp-json\/wp\/v2\/types\/product"}],"replies":[{"embeddable":true,"href":"http:\/\/test.s385-fair4host.http-s.de\/index.php\/wp-json\/wp\/v2\/comments?post=20006244"}],"wp:featuredmedia":[{"embeddable":true,"href":"http:\/\/test.s385-fair4host.http-s.de\/index.php\/wp-json\/wp\/v2\/media\/20006245"}],"wp:attachment":[{"href":"http:\/\/test.s385-fair4host.http-s.de\/index.php\/wp-json\/wp\/v2\/media?parent=20006244"}],"curies":[{"name":"wp","href":"https:\/\/api.w.org\/{rel}","templated":true}]}}