{"id":20006242,"date":"2021-01-07T20:39:39","date_gmt":"2021-01-07T19:39:39","guid":{"rendered":"http:\/\/test.s385-fair4host.http-s.de\/index.php\/produkt\/toshiba-l200-2-5-zoll-1000-gb-serial-ata-iii\/"},"modified":"2021-01-07T20:39:39","modified_gmt":"2021-01-07T19:39:39","slug":"toshiba-l200-2-5-zoll-1000-gb-serial-ata-iii","status":"publish","type":"product","link":"http:\/\/test.s385-fair4host.http-s.de\/index.php\/produkt\/toshiba-l200-2-5-zoll-1000-gb-serial-ata-iii\/","title":{"rendered":"Toshiba L200 2.5 Zoll 1000 GB Serial ATA III"},"content":{"rendered":"<p>Die interne 2,5-Zoll-Laptop-PC-Festplatte L200 von Toshiba eignet sich besonders f\u00fcr Notebook-Dauernutzer und Gamer. Mit bis zu 2 TB Speicherplatz und 128 MB Puffer st sie das ideale Upgrade f\u00fcr Ihr Notebook oder Ihre Spielekonsole. Die Dynamic-Cache-Technologie von Toshiba kann die Zugriffsleistung weiter verbessern. Die L200 ist mit bis zu 2 TB Speicherplatz erh\u00e4ltlich und verk\u00f6rpert die Langlebigkeit und Zuverl\u00e4ssigkeit von Toshiba Technologien in Ihrem Notebook oder Ihrer Spielekonsole.<\/p>\n<p><b>SPEICHER-UPGRADE<\/b><br \/>Auf Notebooks und Spielekonsolen ist Speicherplatz immer knapp. Mit der L200-Festplatte l\u00e4sst er sich um bis zu 2 TB erweitern, damit Sie schnell und einfach auf gro\u00dfe Spieledateien, Dokumente f\u00fcr allt\u00e4gliche Aufgaben und Ihre Medien zugreifen k\u00f6nnen. Sie wird mit bis zu 128 MB Puffer geliefert.<\/p>\n<p><b>SCHUTZ DER GESPEICHERTEN DATEN<\/b><br \/>Die L200 ist mit einem internen Sto\u00dfsensor ausgestattet, damit alle Ihre Daten gesch\u00fctzt sind. Au\u00dferdem sorgt die Ramp-Load-Technologie daf\u00fcr, dass der Arm des Magnetkopfs nicht die Platte ber\u00fchren kann. Das bedeutet Schutz vor Datenverlust beim Transport der Festplatte oder des PCs.<\/p>\n<p><b>OPTIMIERTE CACHE-ZUWEISUNG<\/b><br \/>Die Toshiba Dynamic Cache Technology, ein in sich geschlossener Cache-Algorithmus mit integrierter Pufferverwaltung, optimiert die Zuweisung des Caches beim Lesen\/Schreiben, um die von Echtzeitdom\u00e4nen geforderte hohe Leistung zu erzielen.<\/p>\n<p><b>NOCH BESSERE ZUGANGSLEISTUNG<\/b><br \/>Die Leistung der Datenlese-\/Schreibzugriffsfolge wird durch innovative Techniken zur Minimierung von Kopfbewegungen und Plattenumdrehungen weiter verbessert. Optimierte Datenzugriffsreihenfolge verbessert die Leistung und minimiert die mechanische Belastung des Laufwerks.<\/p>\n<p><b>ROBUSTE VERARBEITUNG, DIE ZUVERL\u00c4SSIG LIEFERT<\/b><br \/>Seit mehr als 50 Jahren ist Toshiba auf der ganzen Welt f\u00fcr seine Innovationskraft bekannt \u2013 und das gilt auch f\u00fcr unsere Festplatten. Dank dieser langen Erfahrung \u00fcberzeugen Toshiba Festplatten in Speichersystemen durch viel Speicherplatz und herausragende Leistung.<\/p>\n","protected":false},"excerpt":{"rendered":"<p>L200, 1 TB, 2.5&#8243;, 5400 rpm, 5.56 ms, 128 MB, 5VDC, 100&#215;69.85&#215;9.5 mm<\/p>\n","protected":false},"featured_media":20006243,"comment_status":"open","ping_status":"closed","template":"","meta":{"spay_email":""},"_links":{"self":[{"href":"http:\/\/test.s385-fair4host.http-s.de\/index.php\/wp-json\/wp\/v2\/product\/20006242"}],"collection":[{"href":"http:\/\/test.s385-fair4host.http-s.de\/index.php\/wp-json\/wp\/v2\/product"}],"about":[{"href":"http:\/\/test.s385-fair4host.http-s.de\/index.php\/wp-json\/wp\/v2\/types\/product"}],"replies":[{"embeddable":true,"href":"http:\/\/test.s385-fair4host.http-s.de\/index.php\/wp-json\/wp\/v2\/comments?post=20006242"}],"wp:featuredmedia":[{"embeddable":true,"href":"http:\/\/test.s385-fair4host.http-s.de\/index.php\/wp-json\/wp\/v2\/media\/20006243"}],"wp:attachment":[{"href":"http:\/\/test.s385-fair4host.http-s.de\/index.php\/wp-json\/wp\/v2\/media?parent=20006242"}],"curies":[{"name":"wp","href":"https:\/\/api.w.org\/{rel}","templated":true}]}}