{"id":20006240,"date":"2021-01-07T20:39:37","date_gmt":"2021-01-07T19:39:37","guid":{"rendered":"http:\/\/test.s385-fair4host.http-s.de\/index.php\/produkt\/hp-364xl-original-hohe-xl-ausbeute-schwarz-cyan-magenta-gelb\/"},"modified":"2021-01-07T20:39:37","modified_gmt":"2021-01-07T19:39:37","slug":"hp-364xl-original-hohe-xl-ausbeute-schwarz-cyan-magenta-gelb","status":"publish","type":"product","link":"http:\/\/test.s385-fair4host.http-s.de\/index.php\/produkt\/hp-364xl-original-hohe-xl-ausbeute-schwarz-cyan-magenta-gelb\/","title":{"rendered":"HP 364XL Original Hohe (XL-) Ausbeute Schwarz, Cyan, Magenta, Gelb"},"content":{"rendered":"<p>Optimal f\u00fcr Kunden geeignet, die auf einfache und kosteng\u00fcnstige Weise hochwertige Fotos und gestochen scharfe Farbdokumente bequem zuhause drucken m\u00f6chten.<br \/>Sparen Sie Zeit und Geld beim Kauf eines Satzes mit Farbtinten und einer gro\u00dfen Tintenpatrone Schwarz. Mit den vielseitigen Original HP Tintenpatronen drucken Sie hochwertige Fotos und Dokumente. Haben Sie stets die richtige Gr\u00f6\u00dfe und Farbe der einzeln auswechselbaren Tintenpatronen zur Hand.<\/p>\n","protected":false},"excerpt":{"rendered":"<p>364XL 4er-Pack Schwarz\/Cyan\/Magenta\/Gelb Original Druckerpatronen mit hoher Reichweite<\/p>\n","protected":false},"featured_media":20006241,"comment_status":"open","ping_status":"closed","template":"","meta":{"spay_email":""},"_links":{"self":[{"href":"http:\/\/test.s385-fair4host.http-s.de\/index.php\/wp-json\/wp\/v2\/product\/20006240"}],"collection":[{"href":"http:\/\/test.s385-fair4host.http-s.de\/index.php\/wp-json\/wp\/v2\/product"}],"about":[{"href":"http:\/\/test.s385-fair4host.http-s.de\/index.php\/wp-json\/wp\/v2\/types\/product"}],"replies":[{"embeddable":true,"href":"http:\/\/test.s385-fair4host.http-s.de\/index.php\/wp-json\/wp\/v2\/comments?post=20006240"}],"wp:featuredmedia":[{"embeddable":true,"href":"http:\/\/test.s385-fair4host.http-s.de\/index.php\/wp-json\/wp\/v2\/media\/20006241"}],"wp:attachment":[{"href":"http:\/\/test.s385-fair4host.http-s.de\/index.php\/wp-json\/wp\/v2\/media?parent=20006240"}],"curies":[{"name":"wp","href":"https:\/\/api.w.org\/{rel}","templated":true}]}}