{"id":20006236,"date":"2021-01-07T20:39:34","date_gmt":"2021-01-07T19:39:34","guid":{"rendered":"http:\/\/test.s385-fair4host.http-s.de\/index.php\/produkt\/hp-205a-1-stuecke-original-cyan\/"},"modified":"2021-01-07T20:39:34","modified_gmt":"2021-01-07T19:39:34","slug":"hp-205a-1-stuecke-original-cyan","status":"publish","type":"product","link":"http:\/\/test.s385-fair4host.http-s.de\/index.php\/produkt\/hp-205a-1-stuecke-original-cyan\/","title":{"rendered":"HP 205A 1 St\u00fcck(e) Original Cyan"},"content":{"rendered":"<p>Drucken Sie alle Ihre Gesch\u00e4ftsdokumente schnell und effizient, um der Leistung Ihres HP Color LaserJet Pro mit Original HP Tonerkartuschen mit JetIntelligence in nichts nachzustehen. Vertrauen Sie auf HP Qualit\u00e4t und Zuverl\u00e4ssigkeit f\u00fcr eindrucksvolle Druckergebnisse.<\/p>\n","protected":false},"excerpt":{"rendered":"<p>205A Cyan Original LaserJet-Tonerkartusche<\/p>\n","protected":false},"featured_media":20006237,"comment_status":"open","ping_status":"closed","template":"","meta":{"spay_email":""},"_links":{"self":[{"href":"http:\/\/test.s385-fair4host.http-s.de\/index.php\/wp-json\/wp\/v2\/product\/20006236"}],"collection":[{"href":"http:\/\/test.s385-fair4host.http-s.de\/index.php\/wp-json\/wp\/v2\/product"}],"about":[{"href":"http:\/\/test.s385-fair4host.http-s.de\/index.php\/wp-json\/wp\/v2\/types\/product"}],"replies":[{"embeddable":true,"href":"http:\/\/test.s385-fair4host.http-s.de\/index.php\/wp-json\/wp\/v2\/comments?post=20006236"}],"wp:featuredmedia":[{"embeddable":true,"href":"http:\/\/test.s385-fair4host.http-s.de\/index.php\/wp-json\/wp\/v2\/media\/20006237"}],"wp:attachment":[{"href":"http:\/\/test.s385-fair4host.http-s.de\/index.php\/wp-json\/wp\/v2\/media?parent=20006236"}],"curies":[{"name":"wp","href":"https:\/\/api.w.org\/{rel}","templated":true}]}}