{"id":20006230,"date":"2021-01-07T20:39:30","date_gmt":"2021-01-07T19:39:30","guid":{"rendered":"http:\/\/test.s385-fair4host.http-s.de\/index.php\/produkt\/hp-color-laserjet-enterprise-flow-m577c-laser-a4-600-x-600-dpi-38-seiten-pro-minute\/"},"modified":"2021-01-07T20:39:30","modified_gmt":"2021-01-07T19:39:30","slug":"hp-color-laserjet-enterprise-flow-m577c-laser-a4-600-x-600-dpi-38-seiten-pro-minute","status":"publish","type":"product","link":"http:\/\/test.s385-fair4host.http-s.de\/index.php\/produkt\/hp-color-laserjet-enterprise-flow-m577c-laser-a4-600-x-600-dpi-38-seiten-pro-minute\/","title":{"rendered":"HP Color LaserJet Enterprise Flow M577c Laser A4 600 x 600 DPI 38 Seiten pro Minute"},"content":{"rendered":"<p>Ideal f\u00fcr gro\u00dfe und mittelst\u00e4ndische Unternehmen, die einen sicheren, leistungsf\u00e4higen und energieeffizienten Farb-MFP ben\u00f6tigen.<\/p>\n","protected":false},"excerpt":{"rendered":"<p>HP Color LaserJet Enterprise Flow MFP M577c, Laser, 38ppm, A4, 1.2MHz, 1750MB, 8&#8243; LED<\/p>\n","protected":false},"featured_media":20006231,"comment_status":"open","ping_status":"closed","template":"","meta":{"spay_email":""},"_links":{"self":[{"href":"http:\/\/test.s385-fair4host.http-s.de\/index.php\/wp-json\/wp\/v2\/product\/20006230"}],"collection":[{"href":"http:\/\/test.s385-fair4host.http-s.de\/index.php\/wp-json\/wp\/v2\/product"}],"about":[{"href":"http:\/\/test.s385-fair4host.http-s.de\/index.php\/wp-json\/wp\/v2\/types\/product"}],"replies":[{"embeddable":true,"href":"http:\/\/test.s385-fair4host.http-s.de\/index.php\/wp-json\/wp\/v2\/comments?post=20006230"}],"wp:featuredmedia":[{"embeddable":true,"href":"http:\/\/test.s385-fair4host.http-s.de\/index.php\/wp-json\/wp\/v2\/media\/20006231"}],"wp:attachment":[{"href":"http:\/\/test.s385-fair4host.http-s.de\/index.php\/wp-json\/wp\/v2\/media?parent=20006230"}],"curies":[{"name":"wp","href":"https:\/\/api.w.org\/{rel}","templated":true}]}}