{"id":20006222,"date":"2021-01-07T20:39:11","date_gmt":"2021-01-07T19:39:11","guid":{"rendered":"http:\/\/test.s385-fair4host.http-s.de\/index.php\/produkt\/hp-255-g7-notebook-pc-396-cm-15-6-zoll-1920-x-1080-pixel-amd-ryzen-3-8-gb-ddr4-sdram-512-gb-ssd-wi-fi-5-802-11ac-windows-10-pro-schwarz\/"},"modified":"2021-01-07T20:39:11","modified_gmt":"2021-01-07T19:39:11","slug":"hp-255-g7-notebook-pc-396-cm-15-6-zoll-1920-x-1080-pixel-amd-ryzen-3-8-gb-ddr4-sdram-512-gb-ssd-wi-fi-5-802-11ac-windows-10-pro-schwarz","status":"publish","type":"product","link":"http:\/\/test.s385-fair4host.http-s.de\/index.php\/produkt\/hp-255-g7-notebook-pc-396-cm-15-6-zoll-1920-x-1080-pixel-amd-ryzen-3-8-gb-ddr4-sdram-512-gb-ssd-wi-fi-5-802-11ac-windows-10-pro-schwarz\/","title":{"rendered":"HP 255 G7 Notebook PC 39,6 cm (15.6 Zoll) 1920 x 1080 Pixel AMD Ryzen 3 8 GB DDR4-SDRAM 512 GB SSD Wi-Fi 5 (802.11ac) Windows 10 Pro Schwarz"},"content":{"rendered":"<p><b>Attraktiver Preis. Business-tauglich.<\/b><br \/>Seien Sie jederzeit kommunikationsbereit \u2013 mit diesem kosteng\u00fcnstigen HP 255 Laptop-PC, der die neueste Technologie f\u00fcr Sie bereitstellt, sicher gesch\u00fctzt in einem robusten Geh\u00e4use. F\u00fcr Ihre gesch\u00e4ftlichen Aufgaben sind ein AMD Ryzen\u2122 Prozessor<sup>[2]<\/sup> und starke Tools f\u00fcr effektive Teamwork mit an Bord.<\/p>\n","protected":false},"excerpt":{"rendered":"<p>AMD Ryzen 3 3200U (4MB Cache, 2.6GHz), 8GB DDR4-SDRAM, 512GB SSD, 39.6 cm (15.6&#8243;) Full HD 1920 x 1080 SVA, DVD-RW, AMD Radeon Vega 3, LAN, WLAN, Webcam, Windows 10 Pro 64-bit<\/p>\n","protected":false},"featured_media":20006223,"comment_status":"open","ping_status":"closed","template":"","meta":{"spay_email":""},"_links":{"self":[{"href":"http:\/\/test.s385-fair4host.http-s.de\/index.php\/wp-json\/wp\/v2\/product\/20006222"}],"collection":[{"href":"http:\/\/test.s385-fair4host.http-s.de\/index.php\/wp-json\/wp\/v2\/product"}],"about":[{"href":"http:\/\/test.s385-fair4host.http-s.de\/index.php\/wp-json\/wp\/v2\/types\/product"}],"replies":[{"embeddable":true,"href":"http:\/\/test.s385-fair4host.http-s.de\/index.php\/wp-json\/wp\/v2\/comments?post=20006222"}],"wp:featuredmedia":[{"embeddable":true,"href":"http:\/\/test.s385-fair4host.http-s.de\/index.php\/wp-json\/wp\/v2\/media\/20006223"}],"wp:attachment":[{"href":"http:\/\/test.s385-fair4host.http-s.de\/index.php\/wp-json\/wp\/v2\/media?parent=20006222"}],"curies":[{"name":"wp","href":"https:\/\/api.w.org\/{rel}","templated":true}]}}