{"id":20006212,"date":"2021-01-07T20:39:04","date_gmt":"2021-01-07T19:39:04","guid":{"rendered":"http:\/\/test.s385-fair4host.http-s.de\/index.php\/produkt\/hp-953-original-standardertrag-gelb\/"},"modified":"2021-01-07T20:39:04","modified_gmt":"2021-01-07T19:39:04","slug":"hp-953-original-standardertrag-gelb","status":"publish","type":"product","link":"http:\/\/test.s385-fair4host.http-s.de\/index.php\/produkt\/hp-953-original-standardertrag-gelb\/","title":{"rendered":"HP 953 Original Standardertrag Gelb"},"content":{"rendered":"<p>Ideal f\u00fcr gro\u00dfe Arbeitsgruppen, die zuverl\u00e4ssige Leistung f\u00fcr kosteng\u00fcnstige Ausdrucke in Profiqualit\u00e4t ben\u00f6tigen \u2013 Seite f\u00fcr Seite.<br \/>Verlassen Sie sich auf Dokumente in Profiqualit\u00e4t. Original HP Tintenpatronen bieten beeindruckende Zuverl\u00e4ssigkeit \u2013 f\u00fcr verl\u00e4ssliche Leistung, konsistente Seitenreichweiten und herausragende Ergebnisse. Schnelles Drucken dank separater Tinten und optionalen Patronen mit hoher Reichweite.<\/p>\n","protected":false},"excerpt":{"rendered":"<p>953 Gelb Original Druckerpatrone<\/p>\n","protected":false},"featured_media":20006213,"comment_status":"open","ping_status":"closed","template":"","meta":{"spay_email":""},"_links":{"self":[{"href":"http:\/\/test.s385-fair4host.http-s.de\/index.php\/wp-json\/wp\/v2\/product\/20006212"}],"collection":[{"href":"http:\/\/test.s385-fair4host.http-s.de\/index.php\/wp-json\/wp\/v2\/product"}],"about":[{"href":"http:\/\/test.s385-fair4host.http-s.de\/index.php\/wp-json\/wp\/v2\/types\/product"}],"replies":[{"embeddable":true,"href":"http:\/\/test.s385-fair4host.http-s.de\/index.php\/wp-json\/wp\/v2\/comments?post=20006212"}],"wp:featuredmedia":[{"embeddable":true,"href":"http:\/\/test.s385-fair4host.http-s.de\/index.php\/wp-json\/wp\/v2\/media\/20006213"}],"wp:attachment":[{"href":"http:\/\/test.s385-fair4host.http-s.de\/index.php\/wp-json\/wp\/v2\/media?parent=20006212"}],"curies":[{"name":"wp","href":"https:\/\/api.w.org\/{rel}","templated":true}]}}