{"id":20006206,"date":"2021-01-07T20:38:59","date_gmt":"2021-01-07T19:38:59","guid":{"rendered":"http:\/\/test.s385-fair4host.http-s.de\/index.php\/produkt\/hp-304-original-standardertrag-cyan-magenta-gelb\/"},"modified":"2021-01-07T20:38:59","modified_gmt":"2021-01-07T19:38:59","slug":"hp-304-original-standardertrag-cyan-magenta-gelb","status":"publish","type":"product","link":"http:\/\/test.s385-fair4host.http-s.de\/index.php\/produkt\/hp-304-original-standardertrag-cyan-magenta-gelb\/","title":{"rendered":"HP 304 Original Standardertrag Cyan, Magenta, Gelb"},"content":{"rendered":"<p>Ideal f\u00fcr die Erstellung von Farbfotos und allt\u00e4glichen Dokumenten mit konsistenten, qualitativ hochwertigen Ergebnissen \u00fcber die gesamte Lebensdauer der Patrone \u2013 zu einem erschwinglichen Preis.<br \/>Erstellen Sie hochwertige Farbfotos und allt\u00e4gliche Dokumente mit den kosteng\u00fcnstigen Original HP Tintenpatronen. Diese zuverl\u00e4ssigen Patronen sorgen f\u00fcr konsistente Ergebnisse, damit Sie brillante Farben und gestochen scharfen Text \u00fcber die gesamte Lebensdauer der Patrone drucken k\u00f6nnen.<\/p>\n","protected":false},"excerpt":{"rendered":"<p>304 Cyan\/Magenta\/Gelb Original Druckerpatrone<\/p>\n","protected":false},"featured_media":20006207,"comment_status":"open","ping_status":"closed","template":"","meta":{"spay_email":""},"_links":{"self":[{"href":"http:\/\/test.s385-fair4host.http-s.de\/index.php\/wp-json\/wp\/v2\/product\/20006206"}],"collection":[{"href":"http:\/\/test.s385-fair4host.http-s.de\/index.php\/wp-json\/wp\/v2\/product"}],"about":[{"href":"http:\/\/test.s385-fair4host.http-s.de\/index.php\/wp-json\/wp\/v2\/types\/product"}],"replies":[{"embeddable":true,"href":"http:\/\/test.s385-fair4host.http-s.de\/index.php\/wp-json\/wp\/v2\/comments?post=20006206"}],"wp:featuredmedia":[{"embeddable":true,"href":"http:\/\/test.s385-fair4host.http-s.de\/index.php\/wp-json\/wp\/v2\/media\/20006207"}],"wp:attachment":[{"href":"http:\/\/test.s385-fair4host.http-s.de\/index.php\/wp-json\/wp\/v2\/media?parent=20006206"}],"curies":[{"name":"wp","href":"https:\/\/api.w.org\/{rel}","templated":true}]}}