{"id":20006190,"date":"2021-01-07T20:38:38","date_gmt":"2021-01-07T19:38:38","guid":{"rendered":"http:\/\/test.s385-fair4host.http-s.de\/index.php\/produkt\/seagate-barracuda-st4000lm024-interne-festplatte-2-5-zoll-4000-gb-serial-ata-iii\/"},"modified":"2021-01-07T20:38:38","modified_gmt":"2021-01-07T19:38:38","slug":"seagate-barracuda-st4000lm024-interne-festplatte-2-5-zoll-4000-gb-serial-ata-iii","status":"publish","type":"product","link":"http:\/\/test.s385-fair4host.http-s.de\/index.php\/produkt\/seagate-barracuda-st4000lm024-interne-festplatte-2-5-zoll-4000-gb-serial-ata-iii\/","title":{"rendered":"Seagate Barracuda ST4000LM024 Interne Festplatte 2.5 Zoll 4000 GB Serial ATA III"},"content":{"rendered":"<p><b>Unglaubliche Vielseitigkeit<\/b><br \/>Mit BarraCuda-Festplatten holen Sie das Optimum aus Ihrem Speicher heraus. Ob Computer voller Fotos und Erinnerungen oder Gaming-PCs, die mehr Platz f\u00fcr Spiele ben\u00f6tigen \u2013 die BarraCuda w\u00e4chst mit Ihnen.<\/p>\n<p><b>Speicher f\u00fcr Laptops und Mobilger\u00e4te<\/b><br \/>Erleben Sie die h\u00f6chte Kapazit\u00e4t und die d\u00fcnnste 2,5-Zoll-Festplatte, die Sie je gesehen haben. Sie k\u00f6nnen aus massiver Speicherkapazit\u00e4t von 500 GB bis 2TB w\u00e4hlen \u2013 genug Platz f\u00fcr alle Ihre Anwendungen und Daten auf einer Festplatte mit schlankem Formfaktor von 7 mm, die auch f\u00fcr kinderleichte Systemaktualisierungen sorgt.<\/p>\n<p><b>Multi-Tier-Caching-Technologie<\/b><br \/>Alle Festplatten der BarraCuda-Produktfamilie sind mit Multi-Tier Caching (MTC) ausgestattet. Mit MTC kann Ihr PC neue Leistungsh\u00f6hen erklimmen, damit Sie Anwendungen und Dateien schneller denn je laden k\u00f6nnen. Dank intelligenter NAND-Flash-Ebenen, DRAM und Medien-Cache-Technologien bietet BarraCuda eine verbesserte Lese- und Schreibleistung, und zwar durch Optimierung des Datenflusses.<\/p>\n<p>Bew\u00e4hrte Zuverl\u00e4ssigkeit<br \/>Die zuverl\u00e4ssige BarraCuda-Festplattenfamilie wird sich durchsetzen und uns noch viele Jahre erfreuen.<\/p>\n<p>Erfahrung \u2013 Seit mehr als 20 Jahren wird die \u00e4u\u00dferst zuverl\u00e4ssige BarraCuda&#8211; Festplattenfamilie von Seagate hergestellt und ausgeliefert.<br \/>&#8211; BarraCuda \u2013 Seagates Reputation in puncto Zuverl\u00e4ssigkeit bei Festplatten spricht f\u00fcr sich und die BarraCuda-Familie wird oft von f\u00fchrenden Publikationen und Kunden lobend erw\u00e4hnt.<\/p>\n","protected":false},"excerpt":{"rendered":"<p>4 TB, 2.5&#8243;, SATA 6 Gb\/s, 5400 RPM, 140 MB\/s, 128 MB, 15 mm<\/p>\n","protected":false},"featured_media":20006191,"comment_status":"open","ping_status":"closed","template":"","meta":{"spay_email":""},"_links":{"self":[{"href":"http:\/\/test.s385-fair4host.http-s.de\/index.php\/wp-json\/wp\/v2\/product\/20006190"}],"collection":[{"href":"http:\/\/test.s385-fair4host.http-s.de\/index.php\/wp-json\/wp\/v2\/product"}],"about":[{"href":"http:\/\/test.s385-fair4host.http-s.de\/index.php\/wp-json\/wp\/v2\/types\/product"}],"replies":[{"embeddable":true,"href":"http:\/\/test.s385-fair4host.http-s.de\/index.php\/wp-json\/wp\/v2\/comments?post=20006190"}],"wp:featuredmedia":[{"embeddable":true,"href":"http:\/\/test.s385-fair4host.http-s.de\/index.php\/wp-json\/wp\/v2\/media\/20006191"}],"wp:attachment":[{"href":"http:\/\/test.s385-fair4host.http-s.de\/index.php\/wp-json\/wp\/v2\/media?parent=20006190"}],"curies":[{"name":"wp","href":"https:\/\/api.w.org\/{rel}","templated":true}]}}