{"id":20006184,"date":"2021-01-07T20:38:33","date_gmt":"2021-01-07T19:38:33","guid":{"rendered":"http:\/\/test.s385-fair4host.http-s.de\/index.php\/produkt\/seagate-skyhawk-st2000vx008-interne-festplatte-3-5-zoll-2000-gb-serial-ata-iii\/"},"modified":"2021-01-07T20:38:33","modified_gmt":"2021-01-07T19:38:33","slug":"seagate-skyhawk-st2000vx008-interne-festplatte-3-5-zoll-2000-gb-serial-ata-iii","status":"publish","type":"product","link":"http:\/\/test.s385-fair4host.http-s.de\/index.php\/produkt\/seagate-skyhawk-st2000vx008-interne-festplatte-3-5-zoll-2000-gb-serial-ata-iii\/","title":{"rendered":"Seagate SkyHawk ST2000VX008 Interne Festplatte 3.5 Zoll 2000 GB Serial ATA III"},"content":{"rendered":"<p><b>Mehr sehen. Mehr speichern.<\/b><br \/>SkyHawk\u2122-\u00dcberwachungsfestplatten sind f\u00fcr DVR- und NVR-Ger\u00e4te optimiert, auf Workloads im Dauerbetrieb ausgelegt und bieten Speicherkapazit\u00e4ten bis 10 TB. SkyHawk verf\u00fcgt \u00fcber die erweiterte ImagePerfect\u2122-Firmware zur Verringerung des Abfalls der Bildwiederholrate und von Ausfallzeiten bei einer dreimal so hohen Workload-Rate wie bei einer Desktop-Festplatte. Zudem ist die Festplatte in der Lage, in 90 % der Zeit aufzuzeichnen und unterst\u00fctzt bis zu 64 HD-Kameras.<\/p>\n<p><b>SkyHawk ist intelligent<\/b><br \/>Die innovative ImagePerfect-Firmware erm\u00f6glicht ruckelfreies, klares Video-Streaming f\u00fcr rund um die Uhr aktive \u00dcberwachungsumgebungen. So kann Ihr Unternehmen stets auf herausragenden Schutz vertrauen.<\/p>\n<p><b>SkyHawk ist wachsam und sorgt f\u00fcr<\/b><br \/>&#8211; Aufzeichnung w\u00e4hrend 90 % der gegebenen Zeit, und zwar durch bis zu 64 Kameras<br \/>&#8211; Bis zu 10 TB bzw. \u00fcber 2.000 Stunden1 an HD-Videos<br \/>&#8211; Workload-Rate von 180 TB\/Jahr, dreimal so hoch wie bei Desktop-Festplatten, abgedeckt durch eine beschr\u00e4nkte 3-Jahres-Garantie<br \/>&#8211; Mit NVR-Ger\u00e4ten kompatible Festplatten bieten ein robustes Festplattendesign f\u00fcr Umgebungen mit mehreren Festplatten<br \/>&#8211; Datenschutz vor Unerwartetem, und zwar mit Hilfe von optimalem Plan f\u00fcr den +Rescue-Datenwiederherstellungsdienst<\/p>\n<p><b>Mehr Sicherheit<\/b><br \/>Mit SkyHawk-\u00dcberwachungsfestplatten entgeht Ihnen selbst in widrigen Umgebungen absolut nichts mehr. Die hohe Workload-Rate, der geringe Stromverbrauch und das mit NVR-Ger\u00e4ten kompatible Design k\u00f6nnen die langfristige Zuverl\u00e4ssigkeit der Festplatte verbessern. SkyHawk bietet zudem eine zuverl\u00e4ssige Leistung bei Betriebstemperaturen von 0 \u00b0C bis 70 \u00b0C, w\u00e4hrend anlaufbest\u00e4ndige Komponenten f\u00fcr zus\u00e4tzlichen Schutz beim Praxiseinsatz sorgen.<\/p>\n<p><b>H\u00f6here und l\u00e4ngere Leistung<\/b><br \/>SkyHawk skaliert gem\u00e4\u00df Ihren Anforderungen und bietet eine zuverl\u00e4ssige Leistung in Systemen mit mehreren Festplatten. \u00dcberwachungssysteme mit mehreren Festplatten k\u00f6nnen sich auf die RAID-optimierte Hardware von SkyHawk verlassen, wodurch die Lebensdauer von Festplatten und Systemen erh\u00f6ht wird.<\/p>\n<p>&#8211; Mit NVR-Ger\u00e4ten kompatibles Design f\u00fcr zuverl\u00e4ssige Leistung in DVR- und NVR-Systemen mit mehr als acht Festplatten<br \/>&#8211; In einer RAID-Umgebung erh\u00f6ht das robuste Festplattendesign die Toleranz gegen\u00fcber Vibrationen, sodass die Festplattenleistung konstant hoch bleibt.<\/p>\n<p><b>Bleiben Sie sicher und seien Sie vorbereitet<\/b><br \/>Bereiten Sie sich mit einem 3-Jahres-Plan f\u00fcr den +Rescue-Datenwiederherstellungsdienst von Seagate auf unvorhersehbare Katastrophen vor. Unter den sch\u00fctzenden Schwingen von SkyHawk bedeuten Vandalismus, Viren und Unf\u00e4lle nicht l\u00e4nger das Ende der Welt.<\/p>\n<p>&#8211; Schnelle und einfache Wiederherstellung \u2013 Daten k\u00f6nnen oft in maximal 15 Tagen wiederhergestellt werden<br \/>&#8211; Mit einer Erfolgsrate von 90 % ist Seagate Branchenf\u00fchrer in puncto Datenwiederherstellung<\/p>\n","protected":false},"excerpt":{"rendered":"<p>2TB SATAIII, 6Gb\/s, 3.5&#8220;, 64MB<\/p>\n","protected":false},"featured_media":20006185,"comment_status":"open","ping_status":"closed","template":"","meta":{"spay_email":""},"_links":{"self":[{"href":"http:\/\/test.s385-fair4host.http-s.de\/index.php\/wp-json\/wp\/v2\/product\/20006184"}],"collection":[{"href":"http:\/\/test.s385-fair4host.http-s.de\/index.php\/wp-json\/wp\/v2\/product"}],"about":[{"href":"http:\/\/test.s385-fair4host.http-s.de\/index.php\/wp-json\/wp\/v2\/types\/product"}],"replies":[{"embeddable":true,"href":"http:\/\/test.s385-fair4host.http-s.de\/index.php\/wp-json\/wp\/v2\/comments?post=20006184"}],"wp:featuredmedia":[{"embeddable":true,"href":"http:\/\/test.s385-fair4host.http-s.de\/index.php\/wp-json\/wp\/v2\/media\/20006185"}],"wp:attachment":[{"href":"http:\/\/test.s385-fair4host.http-s.de\/index.php\/wp-json\/wp\/v2\/media?parent=20006184"}],"curies":[{"name":"wp","href":"https:\/\/api.w.org\/{rel}","templated":true}]}}